{"id":12648,"date":"2021-02-15T15:26:56","date_gmt":"2021-02-15T15:26:56","guid":{"rendered":"https:\/\/www.verrocchio.institute\/?page_id=12648"},"modified":"2021-10-13T15:00:37","modified_gmt":"2021-10-13T15:00:37","slug":"verrocchio-fellow-hila-attaie","status":"publish","type":"page","link":"https:\/\/www.verrocchio.institute\/de\/about-us\/fellows\/verrocchio-fellow-hila-attaie\/","title":{"rendered":"verrocchio Fellow: Hila Attaie"},"content":{"rendered":"\t\t<div data-elementor-type=\"wp-page\" data-elementor-id=\"12648\" class=\"elementor elementor-12648\" data-elementor-post-type=\"page\">\n\t\t\t\t\t\t<section class=\"elementor-section elementor-top-section elementor-element elementor-element-bccf440 rey-section-stretched elementor-section-height-min-height rey-section-bg--classic elementor-section-boxed elementor-section-height-default elementor-section-items-middle\" data-id=\"bccf440\" data-element_type=\"section\" data-e-type=\"section\" data-settings=\"{&quot;background_background&quot;:&quot;classic&quot;}\">\n\t\t\t\t\t\t\t<div class=\"elementor-background-overlay\"><\/div>\n\t\t\t\t\t\t\t<div class=\"elementor-container elementor-column-gap-default\">\n\t\t\t\t\t<div class=\"elementor-column elementor-col-100 elementor-top-column elementor-element elementor-element-2fa19eb6\" data-id=\"2fa19eb6\" data-element_type=\"column\" data-e-type=\"column\">\n\t\t\t<div class=\"elementor-column-wrap--2fa19eb6 elementor-widget-wrap elementor-element-populated\">\n\t\t\t\t\t\t<div class=\"elementor-element elementor-element-412da99 elementor-widget elementor-widget-heading\" data-id=\"412da99\" data-element_type=\"widget\" data-e-type=\"widget\" data-widget_type=\"heading.default\">\n\t\t\t\t<div class=\"elementor-widget-container\">\n\t\t\t\t\t<h1 class=\"elementor-heading-title elementor-size-default\">Hila Attaie<\/h1>\t\t\t\t<\/div>\n\t\t\t\t<\/div>\n\t\t\t\t<div class=\"elementor-element elementor-element-1c55b3e3 u-last-p-margin elementor-widget elementor-widget-text-editor\" data-id=\"1c55b3e3\" data-element_type=\"widget\" data-e-type=\"widget\" data-widget_type=\"text-editor.default\">\n\t\t\t\t<div class=\"elementor-widget-container\">\n\t\t\t\t\t\t\t\t\t<p>verrocchio Fellow \u2013 Expertin f\u00fcr Food Innovation mit Fokus auf Nachhaltigkeit<\/p>\t\t\t\t\t\t\t\t<\/div>\n\t\t\t\t<\/div>\n\t\t\t\t\t<\/div>\n\t\t<\/div>\n\t\t\t\t\t<\/div>\n\t\t<\/section>\n\t\t\t\t<section class=\"elementor-section elementor-top-section elementor-element elementor-element-44a936fe elementor-section-boxed elementor-section-height-default elementor-section-height-default\" data-id=\"44a936fe\" data-element_type=\"section\" data-e-type=\"section\">\n\t\t\t\t\t\t<div class=\"elementor-container elementor-column-gap-default\">\n\t\t\t\t\t<div class=\"elementor-column elementor-col-100 elementor-top-column elementor-element elementor-element-2ee9ad37\" data-id=\"2ee9ad37\" data-element_type=\"column\" data-e-type=\"column\">\n\t\t\t<div class=\"elementor-column-wrap--2ee9ad37 elementor-widget-wrap elementor-element-populated\">\n\t\t\t\t\t\t<div class=\"elementor-element elementor-element-1f282b7e elementor-widget elementor-widget-image\" data-id=\"1f282b7e\" data-element_type=\"widget\" data-e-type=\"widget\" data-widget_type=\"image.default\">\n\t\t\t\t<div class=\"elementor-widget-container\">\n\t\t\t\t\t\t\t\t\t\t\t\t\t\t\t\t<a href=\"#more\">\n\t\t\t\t\t\t\t<img decoding=\"async\" src=\"https:\/\/www.verrocchio.institute\/wp-content\/uploads\/2020\/11\/down.svg\" class=\"attachment-full size-full wp-image-2724\" alt=\"\" \/>\t\t\t\t\t\t\t\t<\/a>\n\t\t\t\t\t\t\t\t\t\t\t\t\t\t\t<\/div>\n\t\t\t\t<\/div>\n\t\t\t\t\t<\/div>\n\t\t<\/div>\n\t\t\t\t\t<\/div>\n\t\t<\/section>\n\t\t\t\t<section class=\"elementor-section elementor-top-section elementor-element elementor-element-1db6a39 rey-section-stretched elementor-section-boxed elementor-section-height-default elementor-section-height-default\" data-id=\"1db6a39\" data-element_type=\"section\" data-e-type=\"section\" id=\"more\">\n\t\t\t\t\t\t<div class=\"elementor-container elementor-column-gap-default\">\n\t\t\t\t\t<div class=\"elementor-column elementor-col-50 elementor-top-column elementor-element elementor-element-4f1fa519\" data-id=\"4f1fa519\" data-element_type=\"column\" data-e-type=\"column\">\n\t\t\t<div class=\"elementor-column-wrap--4f1fa519 elementor-widget-wrap elementor-element-populated\">\n\t\t\t\t\t\t<div class=\"elementor-element elementor-element-fe37177 elementor-widget elementor-widget-heading\" data-id=\"fe37177\" data-element_type=\"widget\" data-e-type=\"widget\" data-widget_type=\"heading.default\">\n\t\t\t\t<div class=\"elementor-widget-container\">\n\t\t\t\t\t<h2 class=\"elementor-heading-title elementor-size-default\">\u00dcber Hila<\/h2>\t\t\t\t<\/div>\n\t\t\t\t<\/div>\n\t\t\t\t\t<\/div>\n\t\t<\/div>\n\t\t\t\t<div class=\"elementor-column elementor-col-50 elementor-top-column elementor-element elementor-element-38ec97c5\" data-id=\"38ec97c5\" data-element_type=\"column\" data-e-type=\"column\">\n\t\t\t<div class=\"elementor-column-wrap--38ec97c5 elementor-widget-wrap elementor-element-populated\">\n\t\t\t\t\t\t<div class=\"elementor-element elementor-element-1188ce5d elementor-widget elementor-widget-text-editor\" data-id=\"1188ce5d\" data-element_type=\"widget\" data-e-type=\"widget\" data-widget_type=\"text-editor.default\">\n\t\t\t\t<div class=\"elementor-widget-container\">\n\t\t\t\t\t\t\t\t\t<p>Mit \u00fcber <strong>20 Jahren<\/strong> <strong>Erfahrung<\/strong> bei namhaften Unternehmen und Akteuren der Lebensmittelkette verf\u00fcgt Hila Attaie \u00fcber <strong>fundiertes Know-how in der Lebensmittelbranche<\/strong>.<\/p><p>Als <strong>Leiterin der Forschung &amp; Entwicklung<\/strong> entdeckte sie bald Ihre Leidenschaft f\u00fcr Innovationen. In Zusammenarbeit mit dem verrocchio Institute eignete sie sich als Verantwortliche f\u00fcr dieses Themenfeld <strong>strukturiertes Wissen f\u00fcr Innovationsmanagement<\/strong> an. <br \/>\u00dcber die Jahre etablierte sie diese <strong>Innovationsprinzipien erfolgreich<\/strong> <strong>in der Praxis<\/strong> und adaptierte sie f\u00fcr die Herausforderungen mittelst\u00e4ndischer, aber auch internationaler Unternehmen in der Lebensmittelbranche.\u00a0<\/p>\t\t\t\t\t\t\t\t<\/div>\n\t\t\t\t<\/div>\n\t\t\t\t\t<\/div>\n\t\t<\/div>\n\t\t\t\t\t<\/div>\n\t\t<\/section>\n\t\t\t\t<section class=\"elementor-section elementor-top-section elementor-element elementor-element-1587819 rey-section-bg--classic elementor-section-boxed elementor-section-height-default elementor-section-height-default\" data-id=\"1587819\" data-element_type=\"section\" data-e-type=\"section\" data-settings=\"{&quot;background_background&quot;:&quot;classic&quot;}\">\n\t\t\t\t\t\t<div class=\"elementor-container elementor-column-gap-default\">\n\t\t\t\t\t<div class=\"elementor-column elementor-col-100 elementor-top-column elementor-element elementor-element-af7e3e8\" data-id=\"af7e3e8\" data-element_type=\"column\" data-e-type=\"column\">\n\t\t\t<div class=\"elementor-column-wrap--af7e3e8 elementor-widget-wrap elementor-element-populated\">\n\t\t\t\t\t\t<div class=\"elementor-element elementor-element-3417471 elementor-widget elementor-widget-video\" data-id=\"3417471\" data-element_type=\"widget\" data-e-type=\"widget\" data-settings=\"{&quot;video_type&quot;:&quot;vimeo&quot;,&quot;image_overlay&quot;:{&quot;url&quot;:&quot;https:\\\/\\\/www.verrocchio.institute\\\/wp-content\\\/uploads\\\/2021\\\/04\\\/Fellow-Thumbnails.jpg&quot;,&quot;id&quot;:14604,&quot;size&quot;:&quot;&quot;},&quot;show_image_overlay&quot;:&quot;yes&quot;}\" data-widget_type=\"video.default\">\n\t\t\t\t<div class=\"elementor-widget-container\">\n\t\t\t\t\t<div class=\"elementor-wrapper\" data-borlabs-cookie-remove-container-on-unlocking> <div class=\"brlbs-cmpnt-container brlbs-cmpnt-content-blocker brlbs-cmpnt-with-individual-styles\" data-borlabs-cookie-content-blocker-id=\"vimeo-content-blocker\" data-borlabs-cookie-content=\"CQk8ZGl2IGNsYXNzPSJlbGVtZW50b3Itd3JhcHBlciBlbGVtZW50b3Itb3Blbi1pbmxpbmUiPgoJCQk8aWZyYW1lIGNsYXNzPSJlbGVtZW50b3ItdmlkZW8taWZyYW1lIiBhbGxvd2Z1bGxzY3JlZW4gYWxsb3c9ImNsaXBib2FyZC13cml0ZSIgdGl0bGU9InZpbWVvIFZpZGVvIFBsYXllciIgc3JjPSJodHRwczovL3BsYXllci52aW1lby5jb20vdmlkZW8vNTQyMjQxMTAxP2NvbG9yJmFtcDthdXRvcGF1c2U9MCZhbXA7bG9vcD0wJmFtcDttdXRlZD0wJmFtcDt0aXRsZT0wJmFtcDtwb3J0cmFpdD0wJmFtcDtieWxpbmU9MCN0PSI+PC9pZnJhbWU+CQkJCTxkaXYgY2xhc3M9ImVsZW1lbnRvci1jdXN0b20tZW1iZWQtaW1hZ2Utb3ZlcmxheSIgc3R5bGU9ImJhY2tncm91bmQtaW1hZ2U6IHVybChodHRwczovL3d3dy52ZXJyb2NjaGlvLmluc3RpdHV0ZS93cC1jb250ZW50L3VwbG9hZHMvMjAyMS8wNC9GZWxsb3ctVGh1bWJuYWlscy5qcGcpOyI+CgkJCQkJCQkJCQkJCQkJCQk8ZGl2IGNsYXNzPSJlbGVtZW50b3ItY3VzdG9tLWVtYmVkLXBsYXkiIHJvbGU9ImJ1dHRvbiIgYXJpYS1sYWJlbD0iVmlkZW8gYWJzcGllbGVuIiB0YWJpbmRleD0iMCI+CgkJCQkJCQk8aSBhcmlhLWhpZGRlbj0idHJ1ZSIgY2xhc3M9ImVpY29uLXBsYXkiPjwvaT4JCQkJCQk8L2Rpdj4KCQkJCQkJCQkJPC9kaXY+CgkJCQkJPC9kaXY+CgkJPHNjcmlwdD4KKGZ1bmN0aW9uKCkgewogICAgbGV0IGQgPSBudWxsOwoKICAgIC8vIGlmIHdlIGFyZSBpbiBhIGxvb3AsIHdlIG5lZWQgdG8gc2VsZWN0IHRoZSBjb3JyZWN0IHZpZGVvIGVsZW1lbnQsIHNpbmNlIFdpZGdldCBJRCBvY2N1cnMgbXVsdGlwbGUgdGltZXMgb24gcGFnZQogICAgY29uc3QgZWxlbXNJbkxvb3AgPSBkb2N1bWVudC5xdWVyeVNlbGVjdG9yQWxsKCc6aXMoZGl2W2RhdGEtZWxlbWVudG9yLXR5cGU9Imxvb3AtaXRlbSJdLGRpdltkYXRhLWVsZW1lbnRvci10eXBlPSJqZXQtbGlzdGluZy1pdGVtcyJdKSBkaXYuZWxlbWVudG9yLWVsZW1lbnQtMzQxNzQ3MScpOwogICAgaWYgKGVsZW1zSW5Mb29wLmxlbmd0aCA9PT0gMSkgewogICAgICAgIGQgPSBlbGVtc0luTG9vcFswXTsKICAgIH0gZWxzZSBpZiAoZWxlbXNJbkxvb3AubGVuZ3RoID4gMSkgewogICAgICAgIGlmICh0eXBlb2YgZG9jdW1lbnQuY3VycmVudFNjcmlwdCA9PT0gJ3VuZGVmaW5lZCcgfHwgZG9jdW1lbnQuY3VycmVudFNjcmlwdCA9PSBudWxsKSB7CiAgICAgICAgICAgIHJldHVybjsKICAgICAgICB9CiAgICAgICAgY29uc3QgdG1wVmlkZW9XaWRnZXQgPSBkb2N1bWVudC5jdXJyZW50U2NyaXB0LmNsb3Nlc3QoJ1tkYXRhLXdpZGdldF90eXBlPSJicmxic192aWRlby5kZWZhdWx0Il0nKTsKICAgICAgICBpZiAodG1wVmlkZW9XaWRnZXQpIHsKICAgICAgICAgICAgZCA9IHRtcFZpZGVvV2lkZ2V0OwogICAgICAgIH0KICAgIH0KCiAgICBpZiAoZCA9PSBudWxsKSB7CiAgICAgICAgY29uc3QgZWxlbXMgPSBkb2N1bWVudC5xdWVyeVNlbGVjdG9yQWxsKCdkaXYuZWxlbWVudG9yLWVsZW1lbnQtMzQxNzQ3MScpOwogICAgICAgIGlmICghZWxlbXMpIHsKICAgICAgICAgICAgcmV0dXJuOwogICAgICAgIH0KICAgICAgICBpZiAoZWxlbXMubGVuZ3RoID09PSAxKSB7CiAgICAgICAgICAgIGQgPSBlbGVtc1swXTsKICAgICAgICB9IGVsc2UgaWYgKHR5cGVvZiBkb2N1bWVudC5jdXJyZW50U2NyaXB0ICE9PSAndW5kZWZpbmVkJyAmJiBkb2N1bWVudC5jdXJyZW50U2NyaXB0ICE9IG51bGwpIHsKICAgICAgICAgICAgY29uc3QgdG1wVmlkZW9XaWRnZXQgPSBkb2N1bWVudC5jdXJyZW50U2NyaXB0LmNsb3Nlc3QoJ1tkYXRhLXdpZGdldF90eXBlPSJ2aWRlby5kZWZhdWx0Il0nKTsKICAgICAgICAgICAgaWYgKHRtcFZpZGVvV2lkZ2V0KSB7CiAgICAgICAgICAgICAgICBkID0gdG1wVmlkZW9XaWRnZXQ7CiAgICAgICAgICAgIH0KICAgICAgICB9CiAgICB9CgogICAgaWYgKGQgPT0gbnVsbCkgewogICAgICAgIHJldHVybjsKICAgIH0KCiAgICBjb25zdCBpbnRlcnZhbCA9IHNldEludGVydmFsKCgpID0+IHsKICAgICAgICBpZiAodHlwZW9mIGVsZW1lbnRvckZyb250ZW5kICE9PSAndW5kZWZpbmVkJyAmJiB0eXBlb2YgZWxlbWVudG9yRnJvbnRlbmQuaG9va3MgIT09ICd1bmRlZmluZWQnKSB7CiAgICAgICAgICAgIGNsZWFySW50ZXJ2YWwoaW50ZXJ2YWwpOwogICAgICAgICAgICBlbGVtZW50b3JGcm9udGVuZC5ob29rcy5kb0FjdGlvbignZnJvbnRlbmQvZWxlbWVudF9yZWFkeS92aWRlby5kZWZhdWx0JywgalF1ZXJ5KGQpLCBqUXVlcnkpCiAgICAgICAgfQogICAgfSwgMzApCn0pKCk7Cjwvc2NyaXB0PjxzY3JpcHQ+CihmdW5jdGlvbiAoKSB7CiAgICBjb25zdCBwYXJlbnQgPSBkb2N1bWVudC5jdXJyZW50U2NyaXB0LnBhcmVudE5vZGU7CiAgICBjb25zdCBlbGVtID0gcGFyZW50LnF1ZXJ5U2VsZWN0b3IoJy5lbGVtZW50b3Itd3JhcHBlcicpOwogICAgaWYgKHBhcmVudC5oYXNBdHRyaWJ1dGUoJ2RhdGEtYm9ybGFicy1jb29raWUtcmVtb3ZlLWNvbnRhaW5lci1vbi11bmxvY2tpbmcnKSkgewogICAgICAgIHZhciB0b1JlbW92ZSA9IHBhcmVudDsKICAgICAgICB2YXIgcGFyZW50Tm9kZSA9IHBhcmVudC5wYXJlbnROb2RlOwogICAgICAgIHBhcmVudE5vZGUuaW5zZXJ0QmVmb3JlKGVsZW0sIHRvUmVtb3ZlKTsKICAgICAgICBwYXJlbnROb2RlLnJlbW92ZUNoaWxkKHRvUmVtb3ZlKTsKICAgIH0KfSkoKQo8L3NjcmlwdD4=\"><div class=\"brlbs-cmpnt-cb-preset-c brlbs-cmpnt-cb-vimeo\"> <div class=\"brlbs-cmpnt-cb-thumbnail\" style=\"background-image: url('https:\/\/www.verrocchio.institute\/wp-content\/uploads\/2021\/04\/Fellow-Thumbnails.jpg')\"><\/div> <div class=\"brlbs-cmpnt-cb-main\"> <div class=\"brlbs-cmpnt-cb-play-button\"><\/div> <div class=\"brlbs-cmpnt-cb-content\"> <p class=\"brlbs-cmpnt-cb-description\">Sie sehen gerade einen Platzhalterinhalt von <strong>Vimeo<\/strong>. Um auf den eigentlichen Inhalt zuzugreifen, klicken Sie auf die Schaltfl\u00e4che unten. Bitte beachten Sie, dass dabei Daten an Drittanbieter weitergegeben werden.<\/p> <a class=\"brlbs-cmpnt-cb-provider-toggle\" href=\"#\" data-borlabs-cookie-show-provider-information role=\"button\">Mehr Informationen<\/a> <\/div> <div class=\"brlbs-cmpnt-cb-buttons\"> <a class=\"brlbs-cmpnt-cb-btn\" href=\"#\" data-borlabs-cookie-unblock role=\"button\">Inhalt entsperren<\/a> <a class=\"brlbs-cmpnt-cb-btn\" href=\"#\" data-borlabs-cookie-accept-service role=\"button\" style=\"display: inherit\">Erforderlichen Service akzeptieren und Inhalte entsperren<\/a> <\/div> <\/div> <\/div><\/div><\/div>\t\t\t\t<\/div>\n\t\t\t\t<\/div>\n\t\t\t\t\t<\/div>\n\t\t<\/div>\n\t\t\t\t\t<\/div>\n\t\t<\/section>\n\t\t\t\t<section class=\"elementor-section elementor-top-section elementor-element elementor-element-6d74d424 rey-section-bg--classic elementor-section-content-top elementor-section-boxed elementor-section-height-default elementor-section-height-default\" data-id=\"6d74d424\" data-element_type=\"section\" data-e-type=\"section\" data-settings=\"{&quot;background_background&quot;:&quot;classic&quot;}\">\n\t\t\t\t\t\t<div class=\"elementor-container elementor-column-gap-default\">\n\t\t\t\t\t<div class=\"elementor-column elementor-col-50 elementor-top-column elementor-element elementor-element-3056da96\" data-id=\"3056da96\" data-element_type=\"column\" data-e-type=\"column\">\n\t\t\t<div class=\"elementor-column-wrap--3056da96 elementor-widget-wrap elementor-element-populated\">\n\t\t\t\t\t\t<div class=\"elementor-element elementor-element-2240719 elementor-widget elementor-widget-heading\" data-id=\"2240719\" data-element_type=\"widget\" data-e-type=\"widget\" data-widget_type=\"heading.default\">\n\t\t\t\t<div class=\"elementor-widget-container\">\n\t\t\t\t\t<h2 class=\"elementor-heading-title elementor-size-default\">Wissenswert<\/h2>\t\t\t\t<\/div>\n\t\t\t\t<\/div>\n\t\t\t\t\t<\/div>\n\t\t<\/div>\n\t\t\t\t<div class=\"elementor-column elementor-col-50 elementor-top-column elementor-element elementor-element-6e9a3fd5\" data-id=\"6e9a3fd5\" data-element_type=\"column\" data-e-type=\"column\">\n\t\t\t<div class=\"elementor-column-wrap--6e9a3fd5 elementor-widget-wrap elementor-element-populated\">\n\t\t\t\t\t\t<div class=\"elementor-element elementor-element-78698bcb elementor-widget elementor-widget-text-editor\" data-id=\"78698bcb\" data-element_type=\"widget\" data-e-type=\"widget\" data-widget_type=\"text-editor.default\">\n\t\t\t\t<div class=\"elementor-widget-container\">\n\t\t\t\t\t\t\t\t\t<p>Durch ihre sowohl <strong>technisch\/wissenschaftliche<\/strong> als auch <strong>betriebswirtschaftliche<\/strong> <strong>Ausbildung<\/strong> hat Hila Attaie in ihrer jahrelangen Arbeit in der Lebensmittelindustrie strategischen Weitblick bewiesen.<\/p><p>Aktuell arbeitet sie als <strong>freiberufliche Beraterin<\/strong>. So bringt Hila Methoden aus dem Innovationsmanagement mit ihrer Kompetenz aus der Lebensmittelbranche zusammen. Sie erarbeitet gemeinsam mit Akteuren der Lebensmittelwertsch\u00f6pfungskette <strong>innovative und wirtschaftlich sinnvolle L\u00f6sungen mit Fokus auf Nachhaltigkeit<\/strong>.\u00a0<\/p>\t\t\t\t\t\t\t\t<\/div>\n\t\t\t\t<\/div>\n\t\t\t\t\t<\/div>\n\t\t<\/div>\n\t\t\t\t\t<\/div>\n\t\t<\/section>\n\t\t\t\t<section class=\"elementor-section elementor-top-section elementor-element elementor-element-56c0f0b rey-section-bg--classic elementor-section-content-top elementor-section-boxed elementor-section-height-default elementor-section-height-default\" data-id=\"56c0f0b\" data-element_type=\"section\" data-e-type=\"section\" data-settings=\"{&quot;background_background&quot;:&quot;classic&quot;}\">\n\t\t\t\t\t\t<div class=\"elementor-container elementor-column-gap-default\">\n\t\t\t\t\t<div class=\"elementor-column elementor-col-33 elementor-top-column elementor-element elementor-element-7ba370a\" data-id=\"7ba370a\" data-element_type=\"column\" data-e-type=\"column\">\n\t\t\t<div class=\"elementor-column-wrap--7ba370a elementor-widget-wrap\">\n\t\t\t\t\t\t\t<\/div>\n\t\t<\/div>\n\t\t\t\t<div class=\"elementor-column elementor-col-33 elementor-top-column elementor-element elementor-element-6330246\" data-id=\"6330246\" data-element_type=\"column\" data-e-type=\"column\">\n\t\t\t<div class=\"elementor-column-wrap--6330246 elementor-widget-wrap elementor-element-populated\">\n\t\t\t\t\t\t<div class=\"elementor-element elementor-element-8832eb8 elementor-widget elementor-widget-text-editor\" data-id=\"8832eb8\" data-element_type=\"widget\" data-e-type=\"widget\" data-widget_type=\"text-editor.default\">\n\t\t\t\t<div class=\"elementor-widget-container\">\n\t\t\t\t\t\t\t\t\t<p>F\u00fcr weitere Informationen siehe <a href=\"http:\/\/www.inno-jump.com\" target=\"_blank\" rel=\"noopener\">www.inno-jump.com<\/a><\/p>\t\t\t\t\t\t\t\t<\/div>\n\t\t\t\t<\/div>\n\t\t\t\t\t<\/div>\n\t\t<\/div>\n\t\t\t\t<div class=\"elementor-column elementor-col-33 elementor-top-column elementor-element elementor-element-a02fda8\" data-id=\"a02fda8\" data-element_type=\"column\" data-e-type=\"column\">\n\t\t\t<div class=\"elementor-column-wrap--a02fda8 elementor-widget-wrap elementor-element-populated\">\n\t\t\t\t\t\t<div class=\"elementor-element elementor-element-4406c60 elementor-widget elementor-widget-image\" data-id=\"4406c60\" data-element_type=\"widget\" data-e-type=\"widget\" data-widget_type=\"image.default\">\n\t\t\t\t<div class=\"elementor-widget-container\">\n\t\t\t\t\t\t\t\t\t\t\t\t\t\t\t<img decoding=\"async\" width=\"300\" height=\"110\" src=\"https:\/\/www.verrocchio.institute\/wp-content\/uploads\/2021\/09\/innojump_Logo_Konstruktion_Relaunch-300x110.png\" class=\"attachment-medium size-medium wp-image-16736\" alt=\"\" srcset=\"https:\/\/www.verrocchio.institute\/wp-content\/uploads\/2021\/09\/innojump_Logo_Konstruktion_Relaunch-300x110.png 300w, https:\/\/www.verrocchio.institute\/wp-content\/uploads\/2021\/09\/innojump_Logo_Konstruktion_Relaunch-1024x377.png 1024w, https:\/\/www.verrocchio.institute\/wp-content\/uploads\/2021\/09\/innojump_Logo_Konstruktion_Relaunch-768x283.png 768w, https:\/\/www.verrocchio.institute\/wp-content\/uploads\/2021\/09\/innojump_Logo_Konstruktion_Relaunch-1536x566.png 1536w, https:\/\/www.verrocchio.institute\/wp-content\/uploads\/2021\/09\/innojump_Logo_Konstruktion_Relaunch-2048x754.png 2048w\" sizes=\"(max-width: 300px) 100vw, 300px\" \/>\t\t\t\t\t\t\t\t\t\t\t\t\t\t\t<\/div>\n\t\t\t\t<\/div>\n\t\t\t\t\t<\/div>\n\t\t<\/div>\n\t\t\t\t\t<\/div>\n\t\t<\/section>\n\t\t\t\t<section class=\"elementor-section elementor-top-section elementor-element elementor-element-2ef38913 rey-section-bg--classic elementor-section-boxed elementor-section-height-default elementor-section-height-default\" data-id=\"2ef38913\" data-element_type=\"section\" data-e-type=\"section\" data-settings=\"{&quot;background_background&quot;:&quot;classic&quot;}\">\n\t\t\t\t\t\t<div class=\"elementor-container elementor-column-gap-default\">\n\t\t\t\t\t<div class=\"elementor-column elementor-col-33 elementor-top-column elementor-element elementor-element-1988f4a4\" data-id=\"1988f4a4\" data-element_type=\"column\" data-e-type=\"column\">\n\t\t\t<div class=\"elementor-column-wrap--1988f4a4 elementor-widget-wrap elementor-element-populated\">\n\t\t\t\t\t\t<div class=\"elementor-element elementor-element-55e8c534 elementor-widget elementor-widget-heading\" data-id=\"55e8c534\" data-element_type=\"widget\" data-e-type=\"widget\" data-widget_type=\"heading.default\">\n\t\t\t\t<div class=\"elementor-widget-container\">\n\t\t\t\t\t<h2 class=\"elementor-heading-title elementor-size-default\">Ihr Beitrag als verrocchio Fellow<\/h2>\t\t\t\t<\/div>\n\t\t\t\t<\/div>\n\t\t\t\t<div class=\"elementor-element elementor-element-acdaa8f elementor-widget elementor-widget-image\" data-id=\"acdaa8f\" data-element_type=\"widget\" data-e-type=\"widget\" data-widget_type=\"image.default\">\n\t\t\t\t<div class=\"elementor-widget-container\">\n\t\t\t\t\t\t\t\t\t\t\t\t\t\t\t<img fetchpriority=\"high\" decoding=\"async\" width=\"1024\" height=\"683\" src=\"https:\/\/www.verrocchio.institute\/wp-content\/uploads\/2021\/04\/Hila-03-1024x683.jpg\" class=\"attachment-large size-large wp-image-14596\" alt=\"\" srcset=\"https:\/\/www.verrocchio.institute\/wp-content\/uploads\/2021\/04\/Hila-03-1024x683.jpg 1024w, https:\/\/www.verrocchio.institute\/wp-content\/uploads\/2021\/04\/Hila-03-300x200.jpg 300w, https:\/\/www.verrocchio.institute\/wp-content\/uploads\/2021\/04\/Hila-03-768x512.jpg 768w, https:\/\/www.verrocchio.institute\/wp-content\/uploads\/2021\/04\/Hila-03.jpg 1086w\" sizes=\"(max-width: 1024px) 100vw, 1024px\" \/>\t\t\t\t\t\t\t\t\t\t\t\t\t\t\t<\/div>\n\t\t\t\t<\/div>\n\t\t\t\t\t<\/div>\n\t\t<\/div>\n\t\t\t\t<div class=\"elementor-column elementor-col-66 elementor-top-column elementor-element elementor-element-a06ab80\" data-id=\"a06ab80\" data-element_type=\"column\" data-e-type=\"column\">\n\t\t\t<div class=\"elementor-column-wrap--a06ab80 elementor-widget-wrap elementor-element-populated\">\n\t\t\t\t\t\t<div class=\"elementor-element elementor-element-4770ba79 elementor-widget elementor-widget-text-editor\" data-id=\"4770ba79\" data-element_type=\"widget\" data-e-type=\"widget\" data-widget_type=\"text-editor.default\">\n\t\t\t\t<div class=\"elementor-widget-container\">\n\t\t\t\t\t\t\t\t\t<p>In ihrer Kooperation bringen das verrocchio Institute und innojump die beiden Kompetenzfelder f\u00fcr Innovation &amp; Food zusammen und bieten somit die ideale Plattform f\u00fcr nachhaltige Innovationen in der Foodbranche.<\/p>\n<p>So sind die Food Inspiration Cards speziell f\u00fcr den Einsatz in der Lebensmittelbranche entstanden und dienen als Inspirationsquelle in der Ideenfindungsphase.<br>Alle Bilder sind Eigenaufnahmen von Benno van Aerssen (verrocchio), und von der Food Expertin Hila Attaie (innojump) zu Inspirationskarten f\u00fcr die digitale sowie analoge Ideenfindung weiterentwickelt worden.<\/p>\t\t\t\t\t\t\t\t<\/div>\n\t\t\t\t<\/div>\n\t\t\t\t<div class=\"elementor-element elementor-element-ad558d2 elementor-widget__width-auto elementor-align-center --il--stretch elementor-widget elementor-widget-button\" data-id=\"ad558d2\" data-element_type=\"widget\" data-e-type=\"widget\" data-widget_type=\"button.default\">\n\t\t\t\t<div class=\"elementor-widget-container\">\n\t\t\t\t\t\t\t\t\t<div class=\"elementor-button-wrapper\">\n\t\t\t\t\t<a class=\"elementor-button elementor-button-link elementor-size-sm\" href=\"https:\/\/www.verrocchio.institute\/de\/tools\/food-inspiration-cards\/\" target=\"_blank\">\n\t\t\t\t\t\t<span class=\"elementor-button-content-wrapper\">\n\t\t\t\t\t\t\t\t\t<span class=\"elementor-button-text\">Mehr zu den \"Food inspiration Cards\"<\/span>\n\t\t\t\t\t<\/span>\n\t\t\t\t\t<\/a>\n\t\t\t\t<\/div>\n\t\t\t\t\t\t\t\t<\/div>\n\t\t\t\t<\/div>\n\t\t\t\t<div class=\"elementor-element elementor-element-78c962e elementor-widget elementor-widget-text-editor\" data-id=\"78c962e\" data-element_type=\"widget\" data-e-type=\"widget\" data-widget_type=\"text-editor.default\">\n\t\t\t\t<div class=\"elementor-widget-container\">\n\t\t\t\t\t\t\t\t\t<p>Das \u201cMinesweeper Framework\u201d hilft als strategisches Tool, mithilfe von disruptiv-gef\u00e4hrlicher Zukunftsszenarien Potenzialfelder f\u00fcr Innovationen aufzudecken und zu priorisieren. Das Framework ist ein Arbeitsger\u00fcst, das idealerweise dem Design Thinking Prozess vorgeschaltet wird. Es wurde von Hila Attaie und Benno van Aerssen entwickelt und basiert auf jahrelanger Erfahrung aus der Praxis.<\/p>\t\t\t\t\t\t\t\t<\/div>\n\t\t\t\t<\/div>\n\t\t\t\t<div class=\"elementor-element elementor-element-b00205e elementor-widget__width-auto elementor-align-center --il--stretch elementor-widget elementor-widget-button\" data-id=\"b00205e\" data-element_type=\"widget\" data-e-type=\"widget\" data-widget_type=\"button.default\">\n\t\t\t\t<div class=\"elementor-widget-container\">\n\t\t\t\t\t\t\t\t\t<div class=\"elementor-button-wrapper\">\n\t\t\t\t\t<a class=\"elementor-button elementor-button-link elementor-size-sm\" href=\"https:\/\/www.verrocchio.institute\/de\/tools\/minesweeper-framework\/\" target=\"_blank\">\n\t\t\t\t\t\t<span class=\"elementor-button-content-wrapper\">\n\t\t\t\t\t\t\t\t\t<span class=\"elementor-button-text\">Mehr zum \"Minesweeper Framework\"<\/span>\n\t\t\t\t\t<\/span>\n\t\t\t\t\t<\/a>\n\t\t\t\t<\/div>\n\t\t\t\t\t\t\t\t<\/div>\n\t\t\t\t<\/div>\n\t\t\t\t\t<\/div>\n\t\t<\/div>\n\t\t\t\t\t<\/div>\n\t\t<\/section>\n\t\t\t\t<\/div>\n\t\t","protected":false},"excerpt":{"rendered":"<p>Hila Attaie verrocchio Fellow \u2013 Expertin f\u00fcr Food Innovation mit Fokus auf Nachhaltigkeit \u00dcber Hila Mit \u00fcber 20 Jahren Erfahrung bei namhaften Unternehmen und Akteuren der Lebensmittelkette verf\u00fcgt Hila Attaie \u00fcber fundiertes Know-how in der Lebensmittelbranche. Als Leiterin der Forschung &amp; Entwicklung entdeckte sie bald Ihre Leidenschaft f\u00fcr Innovationen. In Zusammenarbeit mit dem verrocchio Institute [&hellip;]<\/p>\n","protected":false},"author":2,"featured_media":0,"parent":1556,"menu_order":0,"comment_status":"closed","ping_status":"closed","template":"template-builder-stretch.php","meta":{"_acf_changed":false,"footnotes":""},"class_list":["post-12648","page","type-page","status-publish","hentry"],"acf":[],"_links":{"self":[{"href":"https:\/\/www.verrocchio.institute\/de\/wp-json\/wp\/v2\/pages\/12648","targetHints":{"allow":["GET"]}}],"collection":[{"href":"https:\/\/www.verrocchio.institute\/de\/wp-json\/wp\/v2\/pages"}],"about":[{"href":"https:\/\/www.verrocchio.institute\/de\/wp-json\/wp\/v2\/types\/page"}],"author":[{"embeddable":true,"href":"https:\/\/www.verrocchio.institute\/de\/wp-json\/wp\/v2\/users\/2"}],"replies":[{"embeddable":true,"href":"https:\/\/www.verrocchio.institute\/de\/wp-json\/wp\/v2\/comments?post=12648"}],"version-history":[{"count":116,"href":"https:\/\/www.verrocchio.institute\/de\/wp-json\/wp\/v2\/pages\/12648\/revisions"}],"predecessor-version":[{"id":17321,"href":"https:\/\/www.verrocchio.institute\/de\/wp-json\/wp\/v2\/pages\/12648\/revisions\/17321"}],"up":[{"embeddable":true,"href":"https:\/\/www.verrocchio.institute\/de\/wp-json\/wp\/v2\/pages\/1556"}],"wp:attachment":[{"href":"https:\/\/www.verrocchio.institute\/de\/wp-json\/wp\/v2\/media?parent=12648"}],"curies":[{"name":"wp","href":"https:\/\/api.w.org\/{rel}","templated":true}]}}