{"id":1578,"date":"2020-10-05T16:40:01","date_gmt":"2020-10-05T16:40:01","guid":{"rendered":"https:\/\/www.verrocchio.institute\/?page_id=1578"},"modified":"2021-08-16T17:57:42","modified_gmt":"2021-08-16T17:57:42","slug":"verrocchio-fellow-daniel-ziegler","status":"publish","type":"page","link":"https:\/\/www.verrocchio.institute\/de\/about-us\/fellows\/verrocchio-fellow-daniel-ziegler\/","title":{"rendered":"verrocchio Fellow: Daniel Ziegler"},"content":{"rendered":"\t\t<div data-elementor-type=\"wp-page\" data-elementor-id=\"1578\" class=\"elementor elementor-1578\" data-elementor-post-type=\"page\">\n\t\t\t\t\t\t<section class=\"elementor-section elementor-top-section elementor-element elementor-element-bccf440 rey-section-stretched elementor-section-height-min-height rey-section-bg--classic elementor-section-boxed elementor-section-height-default elementor-section-items-middle\" data-id=\"bccf440\" data-element_type=\"section\" data-e-type=\"section\" data-settings=\"{&quot;background_background&quot;:&quot;classic&quot;}\">\n\t\t\t\t\t\t\t<div class=\"elementor-background-overlay\"><\/div>\n\t\t\t\t\t\t\t<div class=\"elementor-container elementor-column-gap-default\">\n\t\t\t\t\t<div class=\"elementor-column elementor-col-100 elementor-top-column elementor-element elementor-element-2fa19eb6\" data-id=\"2fa19eb6\" data-element_type=\"column\" data-e-type=\"column\">\n\t\t\t<div class=\"elementor-column-wrap--2fa19eb6 elementor-widget-wrap elementor-element-populated\">\n\t\t\t\t\t\t<div class=\"elementor-element elementor-element-412da99 elementor-widget elementor-widget-heading\" data-id=\"412da99\" data-element_type=\"widget\" data-e-type=\"widget\" data-widget_type=\"heading.default\">\n\t\t\t\t<div class=\"elementor-widget-container\">\n\t\t\t\t\t<h1 class=\"elementor-heading-title elementor-size-default\">Daniel Maurice Ziegler<\/h1>\t\t\t\t<\/div>\n\t\t\t\t<\/div>\n\t\t\t\t<div class=\"elementor-element elementor-element-1c55b3e3 u-last-p-margin elementor-widget elementor-widget-text-editor\" data-id=\"1c55b3e3\" data-element_type=\"widget\" data-e-type=\"widget\" data-widget_type=\"text-editor.default\">\n\t\t\t\t<div class=\"elementor-widget-container\">\n\t\t\t\t\t\t\t\t\t<p>verrocchio Fellow &#8211; Innovation Coach und Multi-Instrumentalist<\/p>\t\t\t\t\t\t\t\t<\/div>\n\t\t\t\t<\/div>\n\t\t\t\t\t<\/div>\n\t\t<\/div>\n\t\t\t\t\t<\/div>\n\t\t<\/section>\n\t\t\t\t<section class=\"elementor-section elementor-top-section elementor-element elementor-element-44a936fe elementor-section-boxed elementor-section-height-default elementor-section-height-default\" data-id=\"44a936fe\" data-element_type=\"section\" data-e-type=\"section\">\n\t\t\t\t\t\t<div class=\"elementor-container elementor-column-gap-default\">\n\t\t\t\t\t<div class=\"elementor-column elementor-col-100 elementor-top-column elementor-element elementor-element-2ee9ad37\" data-id=\"2ee9ad37\" data-element_type=\"column\" data-e-type=\"column\">\n\t\t\t<div class=\"elementor-column-wrap--2ee9ad37 elementor-widget-wrap elementor-element-populated\">\n\t\t\t\t\t\t<div class=\"elementor-element elementor-element-1f282b7e elementor-widget elementor-widget-image\" data-id=\"1f282b7e\" data-element_type=\"widget\" data-e-type=\"widget\" data-widget_type=\"image.default\">\n\t\t\t\t<div class=\"elementor-widget-container\">\n\t\t\t\t\t\t\t\t\t\t\t\t\t\t\t\t<a href=\"#more\">\n\t\t\t\t\t\t\t<img decoding=\"async\" src=\"https:\/\/www.verrocchio.institute\/wp-content\/uploads\/2020\/11\/down.svg\" class=\"attachment-full size-full wp-image-2724\" alt=\"\" \/>\t\t\t\t\t\t\t\t<\/a>\n\t\t\t\t\t\t\t\t\t\t\t\t\t\t\t<\/div>\n\t\t\t\t<\/div>\n\t\t\t\t\t<\/div>\n\t\t<\/div>\n\t\t\t\t\t<\/div>\n\t\t<\/section>\n\t\t\t\t<section class=\"elementor-section elementor-top-section elementor-element elementor-element-b717f1e rey-section-stretched elementor-section-boxed elementor-section-height-default elementor-section-height-default\" data-id=\"b717f1e\" data-element_type=\"section\" data-e-type=\"section\">\n\t\t\t\t\t\t<div class=\"elementor-container elementor-column-gap-default\">\n\t\t\t\t\t<div class=\"elementor-column elementor-col-50 elementor-top-column elementor-element elementor-element-1bf82d0\" data-id=\"1bf82d0\" data-element_type=\"column\" data-e-type=\"column\">\n\t\t\t<div class=\"elementor-column-wrap--1bf82d0 elementor-widget-wrap elementor-element-populated\">\n\t\t\t\t\t\t<div class=\"elementor-element elementor-element-d60c8cf elementor-widget elementor-widget-heading\" data-id=\"d60c8cf\" data-element_type=\"widget\" data-e-type=\"widget\" data-widget_type=\"heading.default\">\n\t\t\t\t<div class=\"elementor-widget-container\">\n\t\t\t\t\t<h2 class=\"elementor-heading-title elementor-size-default\">\u00dcber Daniel<\/h2>\t\t\t\t<\/div>\n\t\t\t\t<\/div>\n\t\t\t\t\t<\/div>\n\t\t<\/div>\n\t\t\t\t<div class=\"elementor-column elementor-col-50 elementor-top-column elementor-element elementor-element-9ea428a\" data-id=\"9ea428a\" data-element_type=\"column\" data-e-type=\"column\">\n\t\t\t<div class=\"elementor-column-wrap--9ea428a elementor-widget-wrap elementor-element-populated\">\n\t\t\t\t\t\t<div class=\"elementor-element elementor-element-3f72e4e elementor-widget elementor-widget-text-editor\" data-id=\"3f72e4e\" data-element_type=\"widget\" data-e-type=\"widget\" data-widget_type=\"text-editor.default\">\n\t\t\t\t<div class=\"elementor-widget-container\">\n\t\t\t\t\t\t\t\t\t<p>Daniel Maurice Ziegler ist Musiker, Teamcoach und Redner und arbeitet seit 2014 mit Benno van Aerssen zusammen. Er spricht \u00fcber Innovationsthemen aus der Sicht eines Musikers und arbeitet seit Jahren erfolgreich mit Nicht-Musikern zu allen Aspekten von Kreativit\u00e4t.<\/p><p>Der Komponist und Jazzpianist wurde 1973 in Neuss geboren und studierte von 1993 bis 1999 Jazz und improvisierte Musik in Amsterdam\/NL. Von 1999 bis 2015 leitete er die \u201erhythm &amp; groove factory, Schule f\u00fcr Jazz und popul\u00e4re Musik\u201c. Er leitet mehrere eigene Ensembles, f\u00fcr die er die Musik schreibt, genauso wie f\u00fcr andere freie Ensembles bis Bigband-Besetzungen.<\/p>\t\t\t\t\t\t\t\t<\/div>\n\t\t\t\t<\/div>\n\t\t\t\t\t<\/div>\n\t\t<\/div>\n\t\t\t\t\t<\/div>\n\t\t<\/section>\n\t\t\t\t<section class=\"elementor-section elementor-top-section elementor-element elementor-element-1703d71 rey-section-bg--classic elementor-section-boxed elementor-section-height-default elementor-section-height-default\" data-id=\"1703d71\" data-element_type=\"section\" data-e-type=\"section\" data-settings=\"{&quot;background_background&quot;:&quot;classic&quot;}\">\n\t\t\t\t\t\t<div class=\"elementor-container elementor-column-gap-default\">\n\t\t\t\t\t<div class=\"elementor-column elementor-col-100 elementor-top-column elementor-element elementor-element-ab45143\" data-id=\"ab45143\" data-element_type=\"column\" data-e-type=\"column\">\n\t\t\t<div class=\"elementor-column-wrap--ab45143 elementor-widget-wrap elementor-element-populated\">\n\t\t\t\t\t\t<div class=\"elementor-element elementor-element-303a531 elementor-widget elementor-widget-video\" data-id=\"303a531\" data-element_type=\"widget\" data-e-type=\"widget\" data-settings=\"{&quot;video_type&quot;:&quot;vimeo&quot;,&quot;image_overlay&quot;:{&quot;url&quot;:&quot;https:\\\/\\\/www.verrocchio.institute\\\/wp-content\\\/uploads\\\/2021\\\/03\\\/Thumbnails-Fellows7.png&quot;,&quot;id&quot;:13775,&quot;size&quot;:&quot;&quot;},&quot;show_image_overlay&quot;:&quot;yes&quot;}\" data-widget_type=\"video.default\">\n\t\t\t\t<div class=\"elementor-widget-container\">\n\t\t\t\t\t<div class=\"elementor-wrapper\" data-borlabs-cookie-remove-container-on-unlocking> <div class=\"brlbs-cmpnt-container brlbs-cmpnt-content-blocker brlbs-cmpnt-with-individual-styles\" data-borlabs-cookie-content-blocker-id=\"vimeo-content-blocker\" data-borlabs-cookie-content=\"CQk8ZGl2IGNsYXNzPSJlbGVtZW50b3Itd3JhcHBlciBlbGVtZW50b3Itb3Blbi1pbmxpbmUiPgoJCQk8aWZyYW1lIGNsYXNzPSJlbGVtZW50b3ItdmlkZW8taWZyYW1lIiBhbGxvd2Z1bGxzY3JlZW4gYWxsb3c9ImNsaXBib2FyZC13cml0ZSIgdGl0bGU9InZpbWVvIFZpZGVvIFBsYXllciIgc3JjPSJodHRwczovL3BsYXllci52aW1lby5jb20vdmlkZW8vNTEzODQ5MTA0P2NvbG9yJmFtcDthdXRvcGF1c2U9MCZhbXA7bG9vcD0wJmFtcDttdXRlZD0wJmFtcDt0aXRsZT0wJmFtcDtwb3J0cmFpdD0wJmFtcDtieWxpbmU9MCN0PSI+PC9pZnJhbWU+CQkJCTxkaXYgY2xhc3M9ImVsZW1lbnRvci1jdXN0b20tZW1iZWQtaW1hZ2Utb3ZlcmxheSIgc3R5bGU9ImJhY2tncm91bmQtaW1hZ2U6IHVybChodHRwczovL3d3dy52ZXJyb2NjaGlvLmluc3RpdHV0ZS93cC1jb250ZW50L3VwbG9hZHMvMjAyMS8wMy9UaHVtYm5haWxzLUZlbGxvd3M3LnBuZyk7Ij4KCQkJCQkJCQkJCQkJCQkJCTxkaXYgY2xhc3M9ImVsZW1lbnRvci1jdXN0b20tZW1iZWQtcGxheSIgcm9sZT0iYnV0dG9uIiBhcmlhLWxhYmVsPSJWaWRlbyBhYnNwaWVsZW4iIHRhYmluZGV4PSIwIj4KCQkJCQkJCTxpIGFyaWEtaGlkZGVuPSJ0cnVlIiBjbGFzcz0iZWljb24tcGxheSI+PC9pPgkJCQkJCTwvZGl2PgoJCQkJCQkJCQk8L2Rpdj4KCQkJCQk8L2Rpdj4KCQk8c2NyaXB0PgooZnVuY3Rpb24oKSB7CiAgICBsZXQgZCA9IG51bGw7CgogICAgLy8gaWYgd2UgYXJlIGluIGEgbG9vcCwgd2UgbmVlZCB0byBzZWxlY3QgdGhlIGNvcnJlY3QgdmlkZW8gZWxlbWVudCwgc2luY2UgV2lkZ2V0IElEIG9jY3VycyBtdWx0aXBsZSB0aW1lcyBvbiBwYWdlCiAgICBjb25zdCBlbGVtc0luTG9vcCA9IGRvY3VtZW50LnF1ZXJ5U2VsZWN0b3JBbGwoJzppcyhkaXZbZGF0YS1lbGVtZW50b3ItdHlwZT0ibG9vcC1pdGVtIl0sZGl2W2RhdGEtZWxlbWVudG9yLXR5cGU9ImpldC1saXN0aW5nLWl0ZW1zIl0pIGRpdi5lbGVtZW50b3ItZWxlbWVudC0zMDNhNTMxJyk7CiAgICBpZiAoZWxlbXNJbkxvb3AubGVuZ3RoID09PSAxKSB7CiAgICAgICAgZCA9IGVsZW1zSW5Mb29wWzBdOwogICAgfSBlbHNlIGlmIChlbGVtc0luTG9vcC5sZW5ndGggPiAxKSB7CiAgICAgICAgaWYgKHR5cGVvZiBkb2N1bWVudC5jdXJyZW50U2NyaXB0ID09PSAndW5kZWZpbmVkJyB8fCBkb2N1bWVudC5jdXJyZW50U2NyaXB0ID09IG51bGwpIHsKICAgICAgICAgICAgcmV0dXJuOwogICAgICAgIH0KICAgICAgICBjb25zdCB0bXBWaWRlb1dpZGdldCA9IGRvY3VtZW50LmN1cnJlbnRTY3JpcHQuY2xvc2VzdCgnW2RhdGEtd2lkZ2V0X3R5cGU9ImJybGJzX3ZpZGVvLmRlZmF1bHQiXScpOwogICAgICAgIGlmICh0bXBWaWRlb1dpZGdldCkgewogICAgICAgICAgICBkID0gdG1wVmlkZW9XaWRnZXQ7CiAgICAgICAgfQogICAgfQoKICAgIGlmIChkID09IG51bGwpIHsKICAgICAgICBjb25zdCBlbGVtcyA9IGRvY3VtZW50LnF1ZXJ5U2VsZWN0b3JBbGwoJ2Rpdi5lbGVtZW50b3ItZWxlbWVudC0zMDNhNTMxJyk7CiAgICAgICAgaWYgKCFlbGVtcykgewogICAgICAgICAgICByZXR1cm47CiAgICAgICAgfQogICAgICAgIGlmIChlbGVtcy5sZW5ndGggPT09IDEpIHsKICAgICAgICAgICAgZCA9IGVsZW1zWzBdOwogICAgICAgIH0gZWxzZSBpZiAodHlwZW9mIGRvY3VtZW50LmN1cnJlbnRTY3JpcHQgIT09ICd1bmRlZmluZWQnICYmIGRvY3VtZW50LmN1cnJlbnRTY3JpcHQgIT0gbnVsbCkgewogICAgICAgICAgICBjb25zdCB0bXBWaWRlb1dpZGdldCA9IGRvY3VtZW50LmN1cnJlbnRTY3JpcHQuY2xvc2VzdCgnW2RhdGEtd2lkZ2V0X3R5cGU9InZpZGVvLmRlZmF1bHQiXScpOwogICAgICAgICAgICBpZiAodG1wVmlkZW9XaWRnZXQpIHsKICAgICAgICAgICAgICAgIGQgPSB0bXBWaWRlb1dpZGdldDsKICAgICAgICAgICAgfQogICAgICAgIH0KICAgIH0KCiAgICBpZiAoZCA9PSBudWxsKSB7CiAgICAgICAgcmV0dXJuOwogICAgfQoKICAgIGNvbnN0IGludGVydmFsID0gc2V0SW50ZXJ2YWwoKCkgPT4gewogICAgICAgIGlmICh0eXBlb2YgZWxlbWVudG9yRnJvbnRlbmQgIT09ICd1bmRlZmluZWQnICYmIHR5cGVvZiBlbGVtZW50b3JGcm9udGVuZC5ob29rcyAhPT0gJ3VuZGVmaW5lZCcpIHsKICAgICAgICAgICAgY2xlYXJJbnRlcnZhbChpbnRlcnZhbCk7CiAgICAgICAgICAgIGVsZW1lbnRvckZyb250ZW5kLmhvb2tzLmRvQWN0aW9uKCdmcm9udGVuZC9lbGVtZW50X3JlYWR5L3ZpZGVvLmRlZmF1bHQnLCBqUXVlcnkoZCksIGpRdWVyeSkKICAgICAgICB9CiAgICB9LCAzMCkKfSkoKTsKPC9zY3JpcHQ+PHNjcmlwdD4KKGZ1bmN0aW9uICgpIHsKICAgIGNvbnN0IHBhcmVudCA9IGRvY3VtZW50LmN1cnJlbnRTY3JpcHQucGFyZW50Tm9kZTsKICAgIGNvbnN0IGVsZW0gPSBwYXJlbnQucXVlcnlTZWxlY3RvcignLmVsZW1lbnRvci13cmFwcGVyJyk7CiAgICBpZiAocGFyZW50Lmhhc0F0dHJpYnV0ZSgnZGF0YS1ib3JsYWJzLWNvb2tpZS1yZW1vdmUtY29udGFpbmVyLW9uLXVubG9ja2luZycpKSB7CiAgICAgICAgdmFyIHRvUmVtb3ZlID0gcGFyZW50OwogICAgICAgIHZhciBwYXJlbnROb2RlID0gcGFyZW50LnBhcmVudE5vZGU7CiAgICAgICAgcGFyZW50Tm9kZS5pbnNlcnRCZWZvcmUoZWxlbSwgdG9SZW1vdmUpOwogICAgICAgIHBhcmVudE5vZGUucmVtb3ZlQ2hpbGQodG9SZW1vdmUpOwogICAgfQp9KSgpCjwvc2NyaXB0Pg==\"><div class=\"brlbs-cmpnt-cb-preset-c brlbs-cmpnt-cb-vimeo\"> <div class=\"brlbs-cmpnt-cb-thumbnail\" style=\"background-image: url('https:\/\/www.verrocchio.institute\/wp-content\/uploads\/2021\/03\/Thumbnails-Fellows7.png')\"><\/div> <div class=\"brlbs-cmpnt-cb-main\"> <div class=\"brlbs-cmpnt-cb-play-button\"><\/div> <div class=\"brlbs-cmpnt-cb-content\"> <p class=\"brlbs-cmpnt-cb-description\">Sie sehen gerade einen Platzhalterinhalt von <strong>Vimeo<\/strong>. Um auf den eigentlichen Inhalt zuzugreifen, klicken Sie auf die Schaltfl\u00e4che unten. Bitte beachten Sie, dass dabei Daten an Drittanbieter weitergegeben werden.<\/p> <a class=\"brlbs-cmpnt-cb-provider-toggle\" href=\"#\" data-borlabs-cookie-show-provider-information role=\"button\">Mehr Informationen<\/a> <\/div> <div class=\"brlbs-cmpnt-cb-buttons\"> <a class=\"brlbs-cmpnt-cb-btn\" href=\"#\" data-borlabs-cookie-unblock role=\"button\">Inhalt entsperren<\/a> <a class=\"brlbs-cmpnt-cb-btn\" href=\"#\" data-borlabs-cookie-accept-service role=\"button\" style=\"display: inherit\">Erforderlichen Service akzeptieren und Inhalte entsperren<\/a> <\/div> <\/div> <\/div><\/div><\/div>\t\t\t\t<\/div>\n\t\t\t\t<\/div>\n\t\t\t\t\t<\/div>\n\t\t<\/div>\n\t\t\t\t\t<\/div>\n\t\t<\/section>\n\t\t\t\t<section class=\"elementor-section elementor-top-section elementor-element elementor-element-8664f44 rey-section-bg--classic elementor-section-content-top elementor-section-boxed elementor-section-height-default elementor-section-height-default\" data-id=\"8664f44\" data-element_type=\"section\" data-e-type=\"section\" data-settings=\"{&quot;background_background&quot;:&quot;classic&quot;}\">\n\t\t\t\t\t\t<div class=\"elementor-container elementor-column-gap-default\">\n\t\t\t\t\t<div class=\"elementor-column elementor-col-50 elementor-top-column elementor-element elementor-element-41880e9\" data-id=\"41880e9\" data-element_type=\"column\" data-e-type=\"column\">\n\t\t\t<div class=\"elementor-column-wrap--41880e9 elementor-widget-wrap elementor-element-populated\">\n\t\t\t\t\t\t<div class=\"elementor-element elementor-element-a8a8b6d elementor-widget elementor-widget-heading\" data-id=\"a8a8b6d\" data-element_type=\"widget\" data-e-type=\"widget\" data-widget_type=\"heading.default\">\n\t\t\t\t<div class=\"elementor-widget-container\">\n\t\t\t\t\t<h2 class=\"elementor-heading-title elementor-size-default\">Wissenswert<\/h2>\t\t\t\t<\/div>\n\t\t\t\t<\/div>\n\t\t\t\t\t<\/div>\n\t\t<\/div>\n\t\t\t\t<div class=\"elementor-column elementor-col-50 elementor-top-column elementor-element elementor-element-39af01a\" data-id=\"39af01a\" data-element_type=\"column\" data-e-type=\"column\">\n\t\t\t<div class=\"elementor-column-wrap--39af01a elementor-widget-wrap elementor-element-populated\">\n\t\t\t\t\t\t<div class=\"elementor-element elementor-element-8491d92 elementor-widget elementor-widget-text-editor\" data-id=\"8491d92\" data-element_type=\"widget\" data-e-type=\"widget\" data-widget_type=\"text-editor.default\">\n\t\t\t\t<div class=\"elementor-widget-container\">\n\t\t\t\t\t\t\t\t\t<p>Als Multi-Instrumentalist ist Daniel Ziegler auf CD-Aufnahmen und live zu h\u00f6ren. Die musikalische Unterrichtst\u00e4tigkeit erweiterte er bereits 2003, als er begann, Kreativit\u00e4ts-Trainings f\u00fcr Teams in Unternehmen durchzuf\u00fchren. Dies f\u00fchrte zu dem Format \u201eTeam In Takt\u201c und sp\u00e4ter zu \u201eSounds Like Innovation\u201c zusammen mit Benno van Aerssen. Die beiden Coaches wandten ihr gemeinsames Workshop-Konzept beispielsweise in einem zweit\u00e4gigen Seminar mit einem gro\u00dfen deutschen Automobilkonzern an.<\/p><p>Solo mit seinem Klavier auf der B\u00fchne spricht er in seinem Vortrag \u201eKomposition \u2013 Improvisation \u2013 Innovation\u201c \u00fcber verschiedene Aspekte von Innovation. Anhand von live gespielten Musikbeispielen spricht er \u00fcber Mut, Risiko, Neugier, Ideenfindung und Changemanagement. Dabei hat er die europ\u00e4ische Unternehmerlandschaft stets im Blick und verr\u00e4t Transfers von k\u00fcnstlerischer Kreativit\u00e4t aufs Business.<\/p>\t\t\t\t\t\t\t\t<\/div>\n\t\t\t\t<\/div>\n\t\t\t\t\t<\/div>\n\t\t<\/div>\n\t\t\t\t\t<\/div>\n\t\t<\/section>\n\t\t\t\t<section class=\"elementor-section elementor-top-section elementor-element elementor-element-2ef38913 rey-section-bg--classic elementor-section-boxed elementor-section-height-default elementor-section-height-default\" data-id=\"2ef38913\" data-element_type=\"section\" data-e-type=\"section\" data-settings=\"{&quot;background_background&quot;:&quot;classic&quot;}\">\n\t\t\t\t\t\t<div class=\"elementor-container elementor-column-gap-default\">\n\t\t\t\t\t<div class=\"elementor-column elementor-col-33 elementor-top-column elementor-element elementor-element-1988f4a4\" data-id=\"1988f4a4\" data-element_type=\"column\" data-e-type=\"column\">\n\t\t\t<div class=\"elementor-column-wrap--1988f4a4 elementor-widget-wrap elementor-element-populated\">\n\t\t\t\t\t\t<div class=\"elementor-element elementor-element-55e8c534 elementor-widget elementor-widget-heading\" data-id=\"55e8c534\" data-element_type=\"widget\" data-e-type=\"widget\" data-widget_type=\"heading.default\">\n\t\t\t\t<div class=\"elementor-widget-container\">\n\t\t\t\t\t<h2 class=\"elementor-heading-title elementor-size-default\">Sein Beitrag als verrocchio Fellow<\/h2>\t\t\t\t<\/div>\n\t\t\t\t<\/div>\n\t\t\t\t<div class=\"elementor-element elementor-element-497ea82 elementor-widget elementor-widget-image\" data-id=\"497ea82\" data-element_type=\"widget\" data-e-type=\"widget\" data-widget_type=\"image.default\">\n\t\t\t\t<div class=\"elementor-widget-container\">\n\t\t\t\t\t\t\t\t\t\t\t\t\t\t\t<img fetchpriority=\"high\" decoding=\"async\" width=\"225\" height=\"300\" src=\"https:\/\/www.verrocchio.institute\/wp-content\/uploads\/2021\/02\/Peschges_41-225x300.jpg\" class=\"attachment-medium size-medium wp-image-12859\" alt=\"\" srcset=\"https:\/\/www.verrocchio.institute\/wp-content\/uploads\/2021\/02\/Peschges_41-225x300.jpg 225w, https:\/\/www.verrocchio.institute\/wp-content\/uploads\/2021\/02\/Peschges_41-768x1024.jpg 768w, https:\/\/www.verrocchio.institute\/wp-content\/uploads\/2021\/02\/Peschges_41-1152x1536.jpg 1152w, https:\/\/www.verrocchio.institute\/wp-content\/uploads\/2021\/02\/Peschges_41-1024x1365.jpg 1024w, https:\/\/www.verrocchio.institute\/wp-content\/uploads\/2021\/02\/Peschges_41.jpg 1350w\" sizes=\"(max-width: 225px) 100vw, 225px\" \/>\t\t\t\t\t\t\t\t\t\t\t\t\t\t\t<\/div>\n\t\t\t\t<\/div>\n\t\t\t\t\t<\/div>\n\t\t<\/div>\n\t\t\t\t<div class=\"elementor-column elementor-col-66 elementor-top-column elementor-element elementor-element-a06ab80\" data-id=\"a06ab80\" data-element_type=\"column\" data-e-type=\"column\">\n\t\t\t<div class=\"elementor-column-wrap--a06ab80 elementor-widget-wrap elementor-element-populated\">\n\t\t\t\t\t\t<div class=\"elementor-element elementor-element-4770ba79 elementor-widget elementor-widget-text-editor\" data-id=\"4770ba79\" data-element_type=\"widget\" data-e-type=\"widget\" data-widget_type=\"text-editor.default\">\n\t\t\t\t<div class=\"elementor-widget-container\">\n\t\t\t\t\t\t\t\t\t<p>Das Erschaffen von Kl\u00e4ngen und Musik hat mit unternehmerischer Innovation vieles gemein. Daniel M. Ziegler und Benno van Aerssen haben mit dem Format \u201eSounds like Innovation\u201c eine Methode entwickelt, die es auch Nicht-Musikern erm\u00f6glicht die Qualit\u00e4t von Musik und Improvisation nutzen zu k\u00f6nnen.<\/p><p>Sounds like Innovation wurde bereits bei einigen verrocchio-Projekten eingesetzt und beinhaltet in besonders inspirierender Art und Weise die Idee des verrocchio Fellowship.<\/p>\t\t\t\t\t\t\t\t<\/div>\n\t\t\t\t<\/div>\n\t\t\t\t<div class=\"elementor-element elementor-element-646a9ea5 elementor-widget__width-auto elementor-align-center --il--stretch elementor-widget elementor-widget-button\" data-id=\"646a9ea5\" data-element_type=\"widget\" data-e-type=\"widget\" data-widget_type=\"button.default\">\n\t\t\t\t<div class=\"elementor-widget-container\">\n\t\t\t\t\t\t\t\t\t<div class=\"elementor-button-wrapper\">\n\t\t\t\t\t<a class=\"elementor-button elementor-button-link elementor-size-sm\" href=\"https:\/\/www.ideenfindung.de\/sounds-like-innovation.html\" target=\"_blank\" rel=\"noopener\">\n\t\t\t\t\t\t<span class=\"elementor-button-content-wrapper\">\n\t\t\t\t\t\t\t\t\t<span class=\"elementor-button-text\">Mehr zu \"Sounds like Innovation\"<\/span>\n\t\t\t\t\t<\/span>\n\t\t\t\t\t<\/a>\n\t\t\t\t<\/div>\n\t\t\t\t\t\t\t\t<\/div>\n\t\t\t\t<\/div>\n\t\t\t\t<div class=\"elementor-element elementor-element-a5b3020 elementor-widget elementor-widget-text-editor\" data-id=\"a5b3020\" data-element_type=\"widget\" data-e-type=\"widget\" data-widget_type=\"text-editor.default\">\n\t\t\t\t<div class=\"elementor-widget-container\">\n\t\t\t\t\t\t\t\t\t<p>Eine andere k\u00fcnstlerische Ausdrucksform ist die Fotografie. Auch hier haben sich Benno und Daniel zusammengefunden, um sich gemeinsam einer Kreativit\u00e4tsmethode zu widmen: Der Reizbildtechnik.&nbsp;<\/p>\n<p><a href=\"https:\/\/www.verrocchio.institute\/de\/tools\/reizbilder-sets\/\">Reizbilder<\/a> sind Fotografien, die neue Denkwege anregen. Sie sind eine Form des lateralen Denkens und der Inspiration. Das Format &#8222;Reizbild Facilitator&#8220; zeigt als Selbstlernkurs alles, was es zu der Technik zu wissen gibt &#8211; egal ob f\u00fcr Moderatoren, Innovatoren, Trainer oder jeden, der neue Inspirationswege sucht.&nbsp;<\/p>\t\t\t\t\t\t\t\t<\/div>\n\t\t\t\t<\/div>\n\t\t\t\t<div class=\"elementor-element elementor-element-74d7b7a elementor-widget__width-auto elementor-align-center --il--stretch elementor-widget elementor-widget-button\" data-id=\"74d7b7a\" data-element_type=\"widget\" data-e-type=\"widget\" data-widget_type=\"button.default\">\n\t\t\t\t<div class=\"elementor-widget-container\">\n\t\t\t\t\t\t\t\t\t<div class=\"elementor-button-wrapper\">\n\t\t\t\t\t<a class=\"elementor-button elementor-button-link elementor-size-sm\" href=\"https:\/\/www.verrocchio.institute\/de\/campus\/fellow-sessions\/reizbild-facilitator\/\" target=\"_blank\">\n\t\t\t\t\t\t<span class=\"elementor-button-content-wrapper\">\n\t\t\t\t\t\t\t\t\t<span class=\"elementor-button-text\">Mehr zum \"Reizbild Facilitator\"<\/span>\n\t\t\t\t\t<\/span>\n\t\t\t\t\t<\/a>\n\t\t\t\t<\/div>\n\t\t\t\t\t\t\t\t<\/div>\n\t\t\t\t<\/div>\n\t\t\t\t\t<\/div>\n\t\t<\/div>\n\t\t\t\t\t<\/div>\n\t\t<\/section>\n\t\t\t\t<\/div>\n\t\t","protected":false},"excerpt":{"rendered":"<p>Daniel Maurice Ziegler verrocchio Fellow &#8211; Innovation Coach und Multi-Instrumentalist \u00dcber Daniel Daniel Maurice Ziegler ist Musiker, Teamcoach und Redner und arbeitet seit 2014 mit Benno van Aerssen zusammen. Er spricht \u00fcber Innovationsthemen aus der Sicht eines Musikers und arbeitet seit Jahren erfolgreich mit Nicht-Musikern zu allen Aspekten von Kreativit\u00e4t. Der Komponist und Jazzpianist wurde [&hellip;]<\/p>\n","protected":false},"author":1,"featured_media":0,"parent":1556,"menu_order":0,"comment_status":"closed","ping_status":"closed","template":"","meta":{"_acf_changed":false,"footnotes":""},"class_list":["post-1578","page","type-page","status-publish","hentry"],"acf":[],"_links":{"self":[{"href":"https:\/\/www.verrocchio.institute\/de\/wp-json\/wp\/v2\/pages\/1578","targetHints":{"allow":["GET"]}}],"collection":[{"href":"https:\/\/www.verrocchio.institute\/de\/wp-json\/wp\/v2\/pages"}],"about":[{"href":"https:\/\/www.verrocchio.institute\/de\/wp-json\/wp\/v2\/types\/page"}],"author":[{"embeddable":true,"href":"https:\/\/www.verrocchio.institute\/de\/wp-json\/wp\/v2\/users\/1"}],"replies":[{"embeddable":true,"href":"https:\/\/www.verrocchio.institute\/de\/wp-json\/wp\/v2\/comments?post=1578"}],"version-history":[{"count":102,"href":"https:\/\/www.verrocchio.institute\/de\/wp-json\/wp\/v2\/pages\/1578\/revisions"}],"predecessor-version":[{"id":16234,"href":"https:\/\/www.verrocchio.institute\/de\/wp-json\/wp\/v2\/pages\/1578\/revisions\/16234"}],"up":[{"embeddable":true,"href":"https:\/\/www.verrocchio.institute\/de\/wp-json\/wp\/v2\/pages\/1556"}],"wp:attachment":[{"href":"https:\/\/www.verrocchio.institute\/de\/wp-json\/wp\/v2\/media?parent=1578"}],"curies":[{"name":"wp","href":"https:\/\/api.w.org\/{rel}","templated":true}]}}