{"id":15860,"date":"2021-08-04T15:48:54","date_gmt":"2021-08-04T15:48:54","guid":{"rendered":"https:\/\/www.verrocchio.institute\/?page_id=15860"},"modified":"2021-09-27T14:21:48","modified_gmt":"2021-09-27T14:21:48","slug":"verrocchio-fellow-dr-stefanie-schueler-hammer","status":"publish","type":"page","link":"https:\/\/www.verrocchio.institute\/de\/about-us\/fellows\/verrocchio-fellow-dr-stefanie-schueler-hammer\/","title":{"rendered":"verrocchio Fellow: Stefanie Sch\u00fcler-Hammer"},"content":{"rendered":"\t\t<div data-elementor-type=\"wp-page\" data-elementor-id=\"15860\" class=\"elementor elementor-15860\" data-elementor-post-type=\"page\">\n\t\t\t\t\t\t<section class=\"elementor-section elementor-top-section elementor-element elementor-element-bccf440 rey-section-stretched elementor-section-height-min-height rey-section-bg--classic elementor-section-boxed elementor-section-height-default elementor-section-items-middle\" data-id=\"bccf440\" data-element_type=\"section\" data-e-type=\"section\" data-settings=\"{&quot;background_background&quot;:&quot;classic&quot;}\">\n\t\t\t\t\t\t\t<div class=\"elementor-background-overlay\"><\/div>\n\t\t\t\t\t\t\t<div class=\"elementor-container elementor-column-gap-default\">\n\t\t\t\t\t<div class=\"elementor-column elementor-col-100 elementor-top-column elementor-element elementor-element-2fa19eb6\" data-id=\"2fa19eb6\" data-element_type=\"column\" data-e-type=\"column\">\n\t\t\t<div class=\"elementor-column-wrap--2fa19eb6 elementor-widget-wrap elementor-element-populated\">\n\t\t\t\t\t\t<div class=\"elementor-element elementor-element-412da99 elementor-widget elementor-widget-heading\" data-id=\"412da99\" data-element_type=\"widget\" data-e-type=\"widget\" data-widget_type=\"heading.default\">\n\t\t\t\t<div class=\"elementor-widget-container\">\n\t\t\t\t\t<h1 class=\"elementor-heading-title elementor-size-default\">Dr. Stefanie Sch\u00fcler-Hammer<\/h1>\t\t\t\t<\/div>\n\t\t\t\t<\/div>\n\t\t\t\t<div class=\"elementor-element elementor-element-1c55b3e3 u-last-p-margin elementor-widget elementor-widget-text-editor\" data-id=\"1c55b3e3\" data-element_type=\"widget\" data-e-type=\"widget\" data-widget_type=\"text-editor.default\">\n\t\t\t\t<div class=\"elementor-widget-container\">\n\t\t\t\t\t\t\t\t\t<p>verrocchio Fellow \u2013 Expertin f\u00fcr betriebliches Gesundheitsmanagement<\/p>\t\t\t\t\t\t\t\t<\/div>\n\t\t\t\t<\/div>\n\t\t\t\t\t<\/div>\n\t\t<\/div>\n\t\t\t\t\t<\/div>\n\t\t<\/section>\n\t\t\t\t<section class=\"elementor-section elementor-top-section elementor-element elementor-element-44a936fe elementor-section-boxed elementor-section-height-default elementor-section-height-default\" data-id=\"44a936fe\" data-element_type=\"section\" data-e-type=\"section\">\n\t\t\t\t\t\t<div class=\"elementor-container elementor-column-gap-default\">\n\t\t\t\t\t<div class=\"elementor-column elementor-col-100 elementor-top-column elementor-element elementor-element-2ee9ad37\" data-id=\"2ee9ad37\" data-element_type=\"column\" data-e-type=\"column\">\n\t\t\t<div class=\"elementor-column-wrap--2ee9ad37 elementor-widget-wrap elementor-element-populated\">\n\t\t\t\t\t\t<div class=\"elementor-element elementor-element-1f282b7e elementor-widget elementor-widget-image\" data-id=\"1f282b7e\" data-element_type=\"widget\" data-e-type=\"widget\" data-widget_type=\"image.default\">\n\t\t\t\t<div class=\"elementor-widget-container\">\n\t\t\t\t\t\t\t\t\t\t\t\t\t\t\t\t<a href=\"#more\">\n\t\t\t\t\t\t\t<img decoding=\"async\" src=\"https:\/\/www.verrocchio.institute\/wp-content\/uploads\/2020\/11\/down.svg\" class=\"attachment-full size-full wp-image-2724\" alt=\"\" \/>\t\t\t\t\t\t\t\t<\/a>\n\t\t\t\t\t\t\t\t\t\t\t\t\t\t\t<\/div>\n\t\t\t\t<\/div>\n\t\t\t\t\t<\/div>\n\t\t<\/div>\n\t\t\t\t\t<\/div>\n\t\t<\/section>\n\t\t\t\t<section class=\"elementor-section elementor-top-section elementor-element elementor-element-1db6a39 rey-section-stretched elementor-section-boxed elementor-section-height-default elementor-section-height-default\" data-id=\"1db6a39\" data-element_type=\"section\" data-e-type=\"section\" id=\"more\">\n\t\t\t\t\t\t<div class=\"elementor-container elementor-column-gap-default\">\n\t\t\t\t\t<div class=\"elementor-column elementor-col-50 elementor-top-column elementor-element elementor-element-4f1fa519\" data-id=\"4f1fa519\" data-element_type=\"column\" data-e-type=\"column\">\n\t\t\t<div class=\"elementor-column-wrap--4f1fa519 elementor-widget-wrap elementor-element-populated\">\n\t\t\t\t\t\t<div class=\"elementor-element elementor-element-fe37177 elementor-widget elementor-widget-heading\" data-id=\"fe37177\" data-element_type=\"widget\" data-e-type=\"widget\" data-widget_type=\"heading.default\">\n\t\t\t\t<div class=\"elementor-widget-container\">\n\t\t\t\t\t<h2 class=\"elementor-heading-title elementor-size-default\">\u00dcber Stefanie<\/h2>\t\t\t\t<\/div>\n\t\t\t\t<\/div>\n\t\t\t\t\t<\/div>\n\t\t<\/div>\n\t\t\t\t<div class=\"elementor-column elementor-col-50 elementor-top-column elementor-element elementor-element-38ec97c5\" data-id=\"38ec97c5\" data-element_type=\"column\" data-e-type=\"column\">\n\t\t\t<div class=\"elementor-column-wrap--38ec97c5 elementor-widget-wrap elementor-element-populated\">\n\t\t\t\t\t\t<div class=\"elementor-element elementor-element-1188ce5d elementor-widget elementor-widget-text-editor\" data-id=\"1188ce5d\" data-element_type=\"widget\" data-e-type=\"widget\" data-widget_type=\"text-editor.default\">\n\t\t\t\t<div class=\"elementor-widget-container\">\n\t\t\t\t\t\t\t\t\t<p>Dr. Stefanie Sch\u00fcler-Hammer verf\u00fcgt \u00fcber einen Masterabschluss im Fachbereich der Sportwissenschaft und promovierte von 2016 bis 2019 zum Thema <strong>Arbeit und Gesundheit<\/strong>. Sie ist <strong>Expertin f\u00fcr innovative Bewegungskonzepte<\/strong> am Arbeitsplatz.<\/p>\t\t\t\t\t\t\t\t<\/div>\n\t\t\t\t<\/div>\n\t\t\t\t\t<\/div>\n\t\t<\/div>\n\t\t\t\t\t<\/div>\n\t\t<\/section>\n\t\t\t\t<section class=\"elementor-section elementor-top-section elementor-element elementor-element-6949df3 rey-section-bg--classic elementor-section-boxed elementor-section-height-default elementor-section-height-default\" data-id=\"6949df3\" data-element_type=\"section\" data-e-type=\"section\" data-settings=\"{&quot;background_background&quot;:&quot;classic&quot;}\">\n\t\t\t\t\t\t<div class=\"elementor-container elementor-column-gap-default\">\n\t\t\t\t\t<div class=\"elementor-column elementor-col-100 elementor-top-column elementor-element elementor-element-82fed10\" data-id=\"82fed10\" data-element_type=\"column\" data-e-type=\"column\">\n\t\t\t<div class=\"elementor-column-wrap--82fed10 elementor-widget-wrap elementor-element-populated\">\n\t\t\t\t\t\t<div class=\"elementor-element elementor-element-ee16c20 elementor-widget elementor-widget-video\" data-id=\"ee16c20\" data-element_type=\"widget\" data-e-type=\"widget\" data-settings=\"{&quot;video_type&quot;:&quot;vimeo&quot;,&quot;show_image_overlay&quot;:&quot;yes&quot;,&quot;image_overlay&quot;:{&quot;url&quot;:&quot;https:\\\/\\\/www.verrocchio.institute\\\/wp-content\\\/uploads\\\/2021\\\/09\\\/Fellow-Thumbnails.jpg&quot;,&quot;id&quot;:16633,&quot;size&quot;:&quot;&quot;,&quot;alt&quot;:&quot;&quot;,&quot;source&quot;:&quot;library&quot;}}\" data-widget_type=\"video.default\">\n\t\t\t\t<div class=\"elementor-widget-container\">\n\t\t\t\t\t<div class=\"elementor-wrapper\" data-borlabs-cookie-remove-container-on-unlocking> <div class=\"brlbs-cmpnt-container brlbs-cmpnt-content-blocker brlbs-cmpnt-with-individual-styles\" data-borlabs-cookie-content-blocker-id=\"vimeo-content-blocker\" data-borlabs-cookie-content=\"CQk8ZGl2IGNsYXNzPSJlbGVtZW50b3Itd3JhcHBlciBlbGVtZW50b3Itb3Blbi1pbmxpbmUiPgoJCQk8aWZyYW1lIGNsYXNzPSJlbGVtZW50b3ItdmlkZW8taWZyYW1lIiBhbGxvd2Z1bGxzY3JlZW4gYWxsb3c9ImNsaXBib2FyZC13cml0ZSIgdGl0bGU9InZpbWVvIFZpZGVvIFBsYXllciIgc3JjPSJodHRwczovL3BsYXllci52aW1lby5jb20vdmlkZW8vNjE2MDUzMTU2P2NvbG9yJmFtcDthdXRvcGF1c2U9MCZhbXA7bG9vcD0wJmFtcDttdXRlZD0wJmFtcDt0aXRsZT0wJmFtcDtwb3J0cmFpdD0wJmFtcDtieWxpbmU9MCN0PSI+PC9pZnJhbWU+CQkJCTxkaXYgY2xhc3M9ImVsZW1lbnRvci1jdXN0b20tZW1iZWQtaW1hZ2Utb3ZlcmxheSIgc3R5bGU9ImJhY2tncm91bmQtaW1hZ2U6IHVybChodHRwczovL3d3dy52ZXJyb2NjaGlvLmluc3RpdHV0ZS93cC1jb250ZW50L3VwbG9hZHMvMjAyMS8wOS9GZWxsb3ctVGh1bWJuYWlscy5qcGcpOyI+CgkJCQkJCQkJCQkJCQkJCQk8ZGl2IGNsYXNzPSJlbGVtZW50b3ItY3VzdG9tLWVtYmVkLXBsYXkiIHJvbGU9ImJ1dHRvbiIgYXJpYS1sYWJlbD0iVmlkZW8gYWJzcGllbGVuIiB0YWJpbmRleD0iMCI+CgkJCQkJCQk8aSBhcmlhLWhpZGRlbj0idHJ1ZSIgY2xhc3M9ImVpY29uLXBsYXkiPjwvaT4JCQkJCQk8L2Rpdj4KCQkJCQkJCQkJPC9kaXY+CgkJCQkJPC9kaXY+CgkJPHNjcmlwdD4KKGZ1bmN0aW9uKCkgewogICAgbGV0IGQgPSBudWxsOwoKICAgIC8vIGlmIHdlIGFyZSBpbiBhIGxvb3AsIHdlIG5lZWQgdG8gc2VsZWN0IHRoZSBjb3JyZWN0IHZpZGVvIGVsZW1lbnQsIHNpbmNlIFdpZGdldCBJRCBvY2N1cnMgbXVsdGlwbGUgdGltZXMgb24gcGFnZQogICAgY29uc3QgZWxlbXNJbkxvb3AgPSBkb2N1bWVudC5xdWVyeVNlbGVjdG9yQWxsKCc6aXMoZGl2W2RhdGEtZWxlbWVudG9yLXR5cGU9Imxvb3AtaXRlbSJdLGRpdltkYXRhLWVsZW1lbnRvci10eXBlPSJqZXQtbGlzdGluZy1pdGVtcyJdKSBkaXYuZWxlbWVudG9yLWVsZW1lbnQtZWUxNmMyMCcpOwogICAgaWYgKGVsZW1zSW5Mb29wLmxlbmd0aCA9PT0gMSkgewogICAgICAgIGQgPSBlbGVtc0luTG9vcFswXTsKICAgIH0gZWxzZSBpZiAoZWxlbXNJbkxvb3AubGVuZ3RoID4gMSkgewogICAgICAgIGlmICh0eXBlb2YgZG9jdW1lbnQuY3VycmVudFNjcmlwdCA9PT0gJ3VuZGVmaW5lZCcgfHwgZG9jdW1lbnQuY3VycmVudFNjcmlwdCA9PSBudWxsKSB7CiAgICAgICAgICAgIHJldHVybjsKICAgICAgICB9CiAgICAgICAgY29uc3QgdG1wVmlkZW9XaWRnZXQgPSBkb2N1bWVudC5jdXJyZW50U2NyaXB0LmNsb3Nlc3QoJ1tkYXRhLXdpZGdldF90eXBlPSJicmxic192aWRlby5kZWZhdWx0Il0nKTsKICAgICAgICBpZiAodG1wVmlkZW9XaWRnZXQpIHsKICAgICAgICAgICAgZCA9IHRtcFZpZGVvV2lkZ2V0OwogICAgICAgIH0KICAgIH0KCiAgICBpZiAoZCA9PSBudWxsKSB7CiAgICAgICAgY29uc3QgZWxlbXMgPSBkb2N1bWVudC5xdWVyeVNlbGVjdG9yQWxsKCdkaXYuZWxlbWVudG9yLWVsZW1lbnQtZWUxNmMyMCcpOwogICAgICAgIGlmICghZWxlbXMpIHsKICAgICAgICAgICAgcmV0dXJuOwogICAgICAgIH0KICAgICAgICBpZiAoZWxlbXMubGVuZ3RoID09PSAxKSB7CiAgICAgICAgICAgIGQgPSBlbGVtc1swXTsKICAgICAgICB9IGVsc2UgaWYgKHR5cGVvZiBkb2N1bWVudC5jdXJyZW50U2NyaXB0ICE9PSAndW5kZWZpbmVkJyAmJiBkb2N1bWVudC5jdXJyZW50U2NyaXB0ICE9IG51bGwpIHsKICAgICAgICAgICAgY29uc3QgdG1wVmlkZW9XaWRnZXQgPSBkb2N1bWVudC5jdXJyZW50U2NyaXB0LmNsb3Nlc3QoJ1tkYXRhLXdpZGdldF90eXBlPSJ2aWRlby5kZWZhdWx0Il0nKTsKICAgICAgICAgICAgaWYgKHRtcFZpZGVvV2lkZ2V0KSB7CiAgICAgICAgICAgICAgICBkID0gdG1wVmlkZW9XaWRnZXQ7CiAgICAgICAgICAgIH0KICAgICAgICB9CiAgICB9CgogICAgaWYgKGQgPT0gbnVsbCkgewogICAgICAgIHJldHVybjsKICAgIH0KCiAgICBjb25zdCBpbnRlcnZhbCA9IHNldEludGVydmFsKCgpID0+IHsKICAgICAgICBpZiAodHlwZW9mIGVsZW1lbnRvckZyb250ZW5kICE9PSAndW5kZWZpbmVkJyAmJiB0eXBlb2YgZWxlbWVudG9yRnJvbnRlbmQuaG9va3MgIT09ICd1bmRlZmluZWQnKSB7CiAgICAgICAgICAgIGNsZWFySW50ZXJ2YWwoaW50ZXJ2YWwpOwogICAgICAgICAgICBlbGVtZW50b3JGcm9udGVuZC5ob29rcy5kb0FjdGlvbignZnJvbnRlbmQvZWxlbWVudF9yZWFkeS92aWRlby5kZWZhdWx0JywgalF1ZXJ5KGQpLCBqUXVlcnkpCiAgICAgICAgfQogICAgfSwgMzApCn0pKCk7Cjwvc2NyaXB0PjxzY3JpcHQ+CihmdW5jdGlvbiAoKSB7CiAgICBjb25zdCBwYXJlbnQgPSBkb2N1bWVudC5jdXJyZW50U2NyaXB0LnBhcmVudE5vZGU7CiAgICBjb25zdCBlbGVtID0gcGFyZW50LnF1ZXJ5U2VsZWN0b3IoJy5lbGVtZW50b3Itd3JhcHBlcicpOwogICAgaWYgKHBhcmVudC5oYXNBdHRyaWJ1dGUoJ2RhdGEtYm9ybGFicy1jb29raWUtcmVtb3ZlLWNvbnRhaW5lci1vbi11bmxvY2tpbmcnKSkgewogICAgICAgIHZhciB0b1JlbW92ZSA9IHBhcmVudDsKICAgICAgICB2YXIgcGFyZW50Tm9kZSA9IHBhcmVudC5wYXJlbnROb2RlOwogICAgICAgIHBhcmVudE5vZGUuaW5zZXJ0QmVmb3JlKGVsZW0sIHRvUmVtb3ZlKTsKICAgICAgICBwYXJlbnROb2RlLnJlbW92ZUNoaWxkKHRvUmVtb3ZlKTsKICAgIH0KfSkoKQo8L3NjcmlwdD4=\"><div class=\"brlbs-cmpnt-cb-preset-c brlbs-cmpnt-cb-vimeo\"> <div class=\"brlbs-cmpnt-cb-thumbnail\" style=\"background-image: url('https:\/\/www.verrocchio.institute\/wp-content\/uploads\/2021\/09\/Fellow-Thumbnails.jpg')\"><\/div> <div class=\"brlbs-cmpnt-cb-main\"> <div class=\"brlbs-cmpnt-cb-play-button\"><\/div> <div class=\"brlbs-cmpnt-cb-content\"> <p class=\"brlbs-cmpnt-cb-description\">Sie sehen gerade einen Platzhalterinhalt von <strong>Vimeo<\/strong>. Um auf den eigentlichen Inhalt zuzugreifen, klicken Sie auf die Schaltfl\u00e4che unten. Bitte beachten Sie, dass dabei Daten an Drittanbieter weitergegeben werden.<\/p> <a class=\"brlbs-cmpnt-cb-provider-toggle\" href=\"#\" data-borlabs-cookie-show-provider-information role=\"button\">Mehr Informationen<\/a> <\/div> <div class=\"brlbs-cmpnt-cb-buttons\"> <a class=\"brlbs-cmpnt-cb-btn\" href=\"#\" data-borlabs-cookie-unblock role=\"button\">Inhalt entsperren<\/a> <a class=\"brlbs-cmpnt-cb-btn\" href=\"#\" data-borlabs-cookie-accept-service role=\"button\" style=\"display: inherit\">Erforderlichen Service akzeptieren und Inhalte entsperren<\/a> <\/div> <\/div> <\/div><\/div><\/div>\t\t\t\t<\/div>\n\t\t\t\t<\/div>\n\t\t\t\t\t<\/div>\n\t\t<\/div>\n\t\t\t\t\t<\/div>\n\t\t<\/section>\n\t\t\t\t<section class=\"elementor-section elementor-top-section elementor-element elementor-element-6d74d424 rey-section-bg--classic elementor-section-content-top elementor-section-boxed elementor-section-height-default elementor-section-height-default\" data-id=\"6d74d424\" data-element_type=\"section\" data-e-type=\"section\" data-settings=\"{&quot;background_background&quot;:&quot;classic&quot;}\">\n\t\t\t\t\t\t<div class=\"elementor-container elementor-column-gap-default\">\n\t\t\t\t\t<div class=\"elementor-column elementor-col-50 elementor-top-column elementor-element elementor-element-3056da96\" data-id=\"3056da96\" data-element_type=\"column\" data-e-type=\"column\">\n\t\t\t<div class=\"elementor-column-wrap--3056da96 elementor-widget-wrap elementor-element-populated\">\n\t\t\t\t\t\t<div class=\"elementor-element elementor-element-2240719 elementor-widget elementor-widget-heading\" data-id=\"2240719\" data-element_type=\"widget\" data-e-type=\"widget\" data-widget_type=\"heading.default\">\n\t\t\t\t<div class=\"elementor-widget-container\">\n\t\t\t\t\t<h2 class=\"elementor-heading-title elementor-size-default\">Wissenswert<\/h2>\t\t\t\t<\/div>\n\t\t\t\t<\/div>\n\t\t\t\t\t<\/div>\n\t\t<\/div>\n\t\t\t\t<div class=\"elementor-column elementor-col-50 elementor-top-column elementor-element elementor-element-6e9a3fd5\" data-id=\"6e9a3fd5\" data-element_type=\"column\" data-e-type=\"column\">\n\t\t\t<div class=\"elementor-column-wrap--6e9a3fd5 elementor-widget-wrap elementor-element-populated\">\n\t\t\t\t\t\t<div class=\"elementor-element elementor-element-78698bcb elementor-widget elementor-widget-text-editor\" data-id=\"78698bcb\" data-element_type=\"widget\" data-e-type=\"widget\" data-widget_type=\"text-editor.default\">\n\t\t\t\t<div class=\"elementor-widget-container\">\n\t\t\t\t\t\t\t\t\t<p>Stefanie motiviert seit \u00fcber 10 Jahren Unternehmen und Mitarbeitende, sich w\u00e4hrend ihres Berufsalltags zu bewegen, gestaltet innovative Bewegungskonzepte und unterst\u00fctzt in der Umsetzung.<\/p><p>Als wissenschaftliche Mitarbeiterin des Karlsruher Instituts f\u00fcr Technologie (KIT) forschte und ver\u00f6ffentlichte sie zum Thema <strong>\u201eBetriebliches Gesundheitsmanagement\u201c<\/strong> und <strong>\u201esedent\u00e4re Verhaltensweisen &#8211; der Risikofaktor sitzen\u201c<\/strong> und besch\u00e4ftigte sich damit, wie k\u00f6rperliche Aktivit\u00e4t in den Arbeitsalltag integriert werden kann. Mit ihrer Expertise bildete sie \u00fcber 100 Trainer und Multiplikatoren darin aus, Bewegungspausen am Arbeitsplatz fundiert und qualitativ hochwertig anzuleiten.<\/p><p>Im Rahmen ihrer T\u00e4tigkeit <strong>als fachpraktische Studienleitung im Sportmanagement<\/strong> an der ISBA GmbH Freiburg doziert sie zu den Themen Sportmanagement, Gesundheit und Personalmanagement.<\/p>\t\t\t\t\t\t\t\t<\/div>\n\t\t\t\t<\/div>\n\t\t\t\t\t<\/div>\n\t\t<\/div>\n\t\t\t\t\t<\/div>\n\t\t<\/section>\n\t\t\t\t<section class=\"elementor-section elementor-top-section elementor-element elementor-element-2ef38913 rey-section-bg--classic elementor-section-boxed elementor-section-height-default elementor-section-height-default\" data-id=\"2ef38913\" data-element_type=\"section\" data-e-type=\"section\" data-settings=\"{&quot;background_background&quot;:&quot;classic&quot;}\">\n\t\t\t\t\t\t<div class=\"elementor-container elementor-column-gap-default\">\n\t\t\t\t\t<div class=\"elementor-column elementor-col-33 elementor-top-column elementor-element elementor-element-1988f4a4\" data-id=\"1988f4a4\" data-element_type=\"column\" data-e-type=\"column\">\n\t\t\t<div class=\"elementor-column-wrap--1988f4a4 elementor-widget-wrap elementor-element-populated\">\n\t\t\t\t\t\t<div class=\"elementor-element elementor-element-55e8c534 elementor-widget elementor-widget-heading\" data-id=\"55e8c534\" data-element_type=\"widget\" data-e-type=\"widget\" data-widget_type=\"heading.default\">\n\t\t\t\t<div class=\"elementor-widget-container\">\n\t\t\t\t\t<h2 class=\"elementor-heading-title elementor-size-default\">Ihr Beitrag als verrocchio Fellow<\/h2>\t\t\t\t<\/div>\n\t\t\t\t<\/div>\n\t\t\t\t<div class=\"elementor-element elementor-element-497ea82 elementor-widget elementor-widget-image\" data-id=\"497ea82\" data-element_type=\"widget\" data-e-type=\"widget\" data-widget_type=\"image.default\">\n\t\t\t\t<div class=\"elementor-widget-container\">\n\t\t\t\t\t\t\t\t\t\t\t\t\t\t\t<img fetchpriority=\"high\" decoding=\"async\" width=\"225\" height=\"300\" src=\"https:\/\/www.verrocchio.institute\/wp-content\/uploads\/2021\/08\/Passbild_Schuler-Hammer-225x300.jpeg\" class=\"attachment-medium size-medium wp-image-15864\" alt=\"\" srcset=\"https:\/\/www.verrocchio.institute\/wp-content\/uploads\/2021\/08\/Passbild_Schuler-Hammer-225x300.jpeg 225w, https:\/\/www.verrocchio.institute\/wp-content\/uploads\/2021\/08\/Passbild_Schuler-Hammer-768x1024.jpeg 768w, https:\/\/www.verrocchio.institute\/wp-content\/uploads\/2021\/08\/Passbild_Schuler-Hammer-1152x1536.jpeg 1152w, https:\/\/www.verrocchio.institute\/wp-content\/uploads\/2021\/08\/Passbild_Schuler-Hammer-1536x2048.jpeg 1536w, https:\/\/www.verrocchio.institute\/wp-content\/uploads\/2021\/08\/Passbild_Schuler-Hammer-1024x1365.jpeg 1024w, https:\/\/www.verrocchio.institute\/wp-content\/uploads\/2021\/08\/Passbild_Schuler-Hammer-scaled.jpeg 1920w\" sizes=\"(max-width: 225px) 100vw, 225px\" \/>\t\t\t\t\t\t\t\t\t\t\t\t\t\t\t<\/div>\n\t\t\t\t<\/div>\n\t\t\t\t\t<\/div>\n\t\t<\/div>\n\t\t\t\t<div class=\"elementor-column elementor-col-66 elementor-top-column elementor-element elementor-element-a06ab80\" data-id=\"a06ab80\" data-element_type=\"column\" data-e-type=\"column\">\n\t\t\t<div class=\"elementor-column-wrap--a06ab80 elementor-widget-wrap elementor-element-populated\">\n\t\t\t\t\t\t<div class=\"elementor-element elementor-element-f80db11 elementor-blockquote--skin-boxed elementor-blockquote--align-center elementor-widget elementor-widget-blockquote\" data-id=\"f80db11\" data-element_type=\"widget\" data-e-type=\"widget\" data-widget_type=\"blockquote.default\">\n\t\t\t\t<div class=\"elementor-widget-container\">\n\t\t\t\t\t\t\t<blockquote class=\"elementor-blockquote\">\n\t\t\t<p class=\"elementor-blockquote__content\">\n\t\t\t\t\"Bewegungsmangel ist das Resultat einer in wenigen\nJahrzehnten vollzogenen Technisierung und Automation. <\/br>Die Wandlung unseres Lebensstils hat zwar die Umwelt ver\u00e4ndert, <\/br>aber nicht unser Erbgut.\"\n\t\t\t<\/p>\n\t\t\t\t\t\t\t<div class=\"e-q-footer\">\n\t\t\t\t\t\t\t\t\t\t\t<cite class=\"elementor-blockquote__author\">Prof. Dr. Wildor Hollmann <\/cite>\n\t\t\t\t\t\t\t\t\t\t\t\t\t\t<\/div>\n\t\t\t\t\t<\/blockquote>\n\t\t\t\t\t\t<\/div>\n\t\t\t\t<\/div>\n\t\t\t\t<div class=\"elementor-element elementor-element-4770ba79 elementor-widget elementor-widget-text-editor\" data-id=\"4770ba79\" data-element_type=\"widget\" data-e-type=\"widget\" data-widget_type=\"text-editor.default\">\n\t\t\t\t<div class=\"elementor-widget-container\">\n\t\t\t\t\t\t\t\t\t<p>Stefanie und das verrocchio Institute haben gemeinsam die PowerBreaks entwickelt, um digitalen, innovativen Arbeitsformaten Raum f\u00fcr Bewegung zu geben \u2013 denn:<br \/>je weiter unser Alltag mit modernster Technik automatisiert wird, desto wichtiger wird BEWEGUNG.<\/p>\t\t\t\t\t\t\t\t<\/div>\n\t\t\t\t<\/div>\n\t\t\t\t<div class=\"elementor-element elementor-element-5ce5dc6b elementor-widget__width-auto elementor-align-center --il--stretch elementor-widget elementor-widget-button\" data-id=\"5ce5dc6b\" data-element_type=\"widget\" data-e-type=\"widget\" data-widget_type=\"button.default\">\n\t\t\t\t<div class=\"elementor-widget-container\">\n\t\t\t\t\t\t\t\t\t<div class=\"elementor-button-wrapper\">\n\t\t\t\t\t<a class=\"elementor-button elementor-button-link elementor-size-sm\" href=\"https:\/\/www.remotefacilitator.institute\/de\/powerbreaks\/\" target=\"_blank\" rel=\"noopener\">\n\t\t\t\t\t\t<span class=\"elementor-button-content-wrapper\">\n\t\t\t\t\t\t\t\t\t<span class=\"elementor-button-text\">Zu den  \"PowerBreaks\"<\/span>\n\t\t\t\t\t<\/span>\n\t\t\t\t\t<\/a>\n\t\t\t\t<\/div>\n\t\t\t\t\t\t\t\t<\/div>\n\t\t\t\t<\/div>\n\t\t\t\t\t<\/div>\n\t\t<\/div>\n\t\t\t\t\t<\/div>\n\t\t<\/section>\n\t\t\t\t<\/div>\n\t\t","protected":false},"excerpt":{"rendered":"<p>Dr. Stefanie Sch\u00fcler-Hammer verrocchio Fellow \u2013 Expertin f\u00fcr betriebliches Gesundheitsmanagement \u00dcber Stefanie Dr. Stefanie Sch\u00fcler-Hammer verf\u00fcgt \u00fcber einen Masterabschluss im Fachbereich der Sportwissenschaft und promovierte von 2016 bis 2019 zum Thema Arbeit und Gesundheit. Sie ist Expertin f\u00fcr innovative Bewegungskonzepte am Arbeitsplatz. https:\/\/vimeo.com\/616053156 Wissenswert Stefanie motiviert seit \u00fcber 10 Jahren Unternehmen und Mitarbeitende, sich w\u00e4hrend [&hellip;]<\/p>\n","protected":false},"author":2,"featured_media":0,"parent":1556,"menu_order":0,"comment_status":"closed","ping_status":"closed","template":"template-builder-stretch.php","meta":{"_acf_changed":false,"footnotes":""},"class_list":["post-15860","page","type-page","status-publish","hentry"],"acf":[],"_links":{"self":[{"href":"https:\/\/www.verrocchio.institute\/de\/wp-json\/wp\/v2\/pages\/15860","targetHints":{"allow":["GET"]}}],"collection":[{"href":"https:\/\/www.verrocchio.institute\/de\/wp-json\/wp\/v2\/pages"}],"about":[{"href":"https:\/\/www.verrocchio.institute\/de\/wp-json\/wp\/v2\/types\/page"}],"author":[{"embeddable":true,"href":"https:\/\/www.verrocchio.institute\/de\/wp-json\/wp\/v2\/users\/2"}],"replies":[{"embeddable":true,"href":"https:\/\/www.verrocchio.institute\/de\/wp-json\/wp\/v2\/comments?post=15860"}],"version-history":[{"count":61,"href":"https:\/\/www.verrocchio.institute\/de\/wp-json\/wp\/v2\/pages\/15860\/revisions"}],"predecessor-version":[{"id":16721,"href":"https:\/\/www.verrocchio.institute\/de\/wp-json\/wp\/v2\/pages\/15860\/revisions\/16721"}],"up":[{"embeddable":true,"href":"https:\/\/www.verrocchio.institute\/de\/wp-json\/wp\/v2\/pages\/1556"}],"wp:attachment":[{"href":"https:\/\/www.verrocchio.institute\/de\/wp-json\/wp\/v2\/media?parent=15860"}],"curies":[{"name":"wp","href":"https:\/\/api.w.org\/{rel}","templated":true}]}}