{"id":1616,"date":"2020-10-06T06:57:02","date_gmt":"2020-10-06T06:57:02","guid":{"rendered":"https:\/\/www.verrocchio.institute\/?page_id=1616"},"modified":"2021-08-16T18:14:20","modified_gmt":"2021-08-16T18:14:20","slug":"verrocchio-fellow-luki-huber-und-gerrit-jan-veldman","status":"publish","type":"page","link":"https:\/\/www.verrocchio.institute\/de\/about-us\/fellows\/verrocchio-fellow-luki-huber-und-gerrit-jan-veldman\/","title":{"rendered":"verrocchio Fellow: Luki Huber und Gerrit Jan Veldman"},"content":{"rendered":"\t\t<div data-elementor-type=\"wp-page\" data-elementor-id=\"1616\" class=\"elementor elementor-1616\" data-elementor-post-type=\"page\">\n\t\t\t\t\t\t<section class=\"elementor-section elementor-top-section elementor-element elementor-element-2eaaed07 rey-section-stretched elementor-section-height-min-height rey-section-bg--classic elementor-section-boxed elementor-section-height-default elementor-section-items-middle\" data-id=\"2eaaed07\" data-element_type=\"section\" data-settings=\"{&quot;background_background&quot;:&quot;classic&quot;}\">\n\t\t\t\t\t\t\t<div class=\"elementor-background-overlay\"><\/div>\n\t\t\t\t\t\t\t<div class=\"elementor-container elementor-column-gap-default\">\n\t\t\t\t\t<div class=\"elementor-column elementor-col-100 elementor-top-column elementor-element elementor-element-4d6f98d5\" data-id=\"4d6f98d5\" data-element_type=\"column\">\n\t\t\t<div class=\"elementor-column-wrap--4d6f98d5 elementor-widget-wrap elementor-element-populated\">\n\t\t\t\t\t\t<div class=\"elementor-element elementor-element-5e91be22 elementor-widget elementor-widget-heading\" data-id=\"5e91be22\" data-element_type=\"widget\" data-widget_type=\"heading.default\">\n\t\t\t\t<div class=\"elementor-widget-container\">\n\t\t\t\t\t<h1 class=\"elementor-heading-title elementor-size-default\">Luki Huber \/ Gerrit Jan Veldman<\/h1>\t\t\t\t<\/div>\n\t\t\t\t<\/div>\n\t\t\t\t<div class=\"elementor-element elementor-element-136979ce elementor-widget elementor-widget-text-editor\" data-id=\"136979ce\" data-element_type=\"widget\" data-widget_type=\"text-editor.default\">\n\t\t\t\t<div class=\"elementor-widget-container\">\n\t\t\t\t\t\t\t\t\t<p>verrocchio Fellow &#8211; Produktdesign und Tooldesign<\/p>\t\t\t\t\t\t\t\t<\/div>\n\t\t\t\t<\/div>\n\t\t\t\t\t<\/div>\n\t\t<\/div>\n\t\t\t\t\t<\/div>\n\t\t<\/section>\n\t\t\t\t<section class=\"elementor-section elementor-top-section elementor-element elementor-element-5e65abd3 elementor-section-boxed elementor-section-height-default elementor-section-height-default\" data-id=\"5e65abd3\" data-element_type=\"section\">\n\t\t\t\t\t\t<div class=\"elementor-container elementor-column-gap-default\">\n\t\t\t\t\t<div class=\"elementor-column elementor-col-100 elementor-top-column elementor-element elementor-element-26deaea2\" data-id=\"26deaea2\" data-element_type=\"column\">\n\t\t\t<div class=\"elementor-column-wrap--26deaea2 elementor-widget-wrap elementor-element-populated\">\n\t\t\t\t\t\t<div class=\"elementor-element elementor-element-6bf98661 elementor-widget elementor-widget-image\" data-id=\"6bf98661\" data-element_type=\"widget\" data-widget_type=\"image.default\">\n\t\t\t\t<div class=\"elementor-widget-container\">\n\t\t\t\t\t\t\t\t\t\t\t\t\t\t\t\t<a href=\"#more\">\n\t\t\t\t\t\t\t<img decoding=\"async\" src=\"https:\/\/www.verrocchio.institute\/wp-content\/uploads\/2020\/11\/down.svg\" class=\"attachment-full size-full wp-image-2724\" alt=\"\" \/>\t\t\t\t\t\t\t\t<\/a>\n\t\t\t\t\t\t\t\t\t\t\t\t\t\t\t<\/div>\n\t\t\t\t<\/div>\n\t\t\t\t\t<\/div>\n\t\t<\/div>\n\t\t\t\t\t<\/div>\n\t\t<\/section>\n\t\t\t\t<section class=\"elementor-section elementor-top-section elementor-element elementor-element-bf49bbc rey-section-stretched elementor-section-boxed elementor-section-height-default elementor-section-height-default\" data-id=\"bf49bbc\" data-element_type=\"section\">\n\t\t\t\t\t\t<div class=\"elementor-container elementor-column-gap-default\">\n\t\t\t\t\t<div class=\"elementor-column elementor-col-50 elementor-top-column elementor-element elementor-element-3178e51\" data-id=\"3178e51\" data-element_type=\"column\">\n\t\t\t<div class=\"elementor-column-wrap--3178e51 elementor-widget-wrap elementor-element-populated\">\n\t\t\t\t\t\t<div class=\"elementor-element elementor-element-6e342bc elementor-widget elementor-widget-heading\" data-id=\"6e342bc\" data-element_type=\"widget\" data-widget_type=\"heading.default\">\n\t\t\t\t<div class=\"elementor-widget-container\">\n\t\t\t\t\t<h1 class=\"elementor-heading-title elementor-size-default\">\u00dcber Luki &amp; Gerrit<\/h1>\t\t\t\t<\/div>\n\t\t\t\t<\/div>\n\t\t\t\t\t<\/div>\n\t\t<\/div>\n\t\t\t\t<div class=\"elementor-column elementor-col-50 elementor-top-column elementor-element elementor-element-3314acd\" data-id=\"3314acd\" data-element_type=\"column\">\n\t\t\t<div class=\"elementor-column-wrap--3314acd elementor-widget-wrap elementor-element-populated\">\n\t\t\t\t\t\t<div class=\"elementor-element elementor-element-46b12c35 elementor-widget elementor-widget-text-editor\" data-id=\"46b12c35\" data-element_type=\"widget\" data-widget_type=\"text-editor.default\">\n\t\t\t\t<div class=\"elementor-widget-container\">\n\t\t\t\t\t\t\t\t\t<p>Die beiden innovativen Designer Luki Huber und Gerrit Jan Veldman aus Barcelona entwickeln seit vielen Jahren exzellente Produkte f\u00fcr ihre internationalen Kunden aus Industrie und Wirtschaft.<\/p><p>Sozusagen nebenbei haben sie das visuelle Kreativwerkzeug \u201eManual Thinking\u201c erschaffen, dass seit dem Jahr 2016 auch in Deutschland gro\u00dfe Furore macht.<\/p>\t\t\t\t\t\t\t\t<\/div>\n\t\t\t\t<\/div>\n\t\t\t\t\t<\/div>\n\t\t<\/div>\n\t\t\t\t\t<\/div>\n\t\t<\/section>\n\t\t\t\t<section class=\"elementor-section elementor-top-section elementor-element elementor-element-cec1cf0 elementor-section-boxed elementor-section-height-default elementor-section-height-default\" data-id=\"cec1cf0\" data-element_type=\"section\">\n\t\t\t\t\t\t<div class=\"elementor-container elementor-column-gap-default\">\n\t\t\t\t\t<div class=\"elementor-column elementor-col-100 elementor-top-column elementor-element elementor-element-ddc056f\" data-id=\"ddc056f\" data-element_type=\"column\">\n\t\t\t<div class=\"elementor-column-wrap--ddc056f elementor-widget-wrap elementor-element-populated\">\n\t\t\t\t\t\t<div class=\"elementor-element elementor-element-3773d44 elementor-widget elementor-widget-gallery\" data-id=\"3773d44\" data-element_type=\"widget\" data-settings=\"{&quot;columns&quot;:2,&quot;lazyload&quot;:&quot;yes&quot;,&quot;gallery_layout&quot;:&quot;grid&quot;,&quot;columns_tablet&quot;:2,&quot;columns_mobile&quot;:1,&quot;gap&quot;:{&quot;unit&quot;:&quot;px&quot;,&quot;size&quot;:10,&quot;sizes&quot;:[]},&quot;gap_tablet&quot;:{&quot;unit&quot;:&quot;px&quot;,&quot;size&quot;:10,&quot;sizes&quot;:[]},&quot;gap_mobile&quot;:{&quot;unit&quot;:&quot;px&quot;,&quot;size&quot;:10,&quot;sizes&quot;:[]},&quot;link_to&quot;:&quot;file&quot;,&quot;aspect_ratio&quot;:&quot;3:2&quot;,&quot;overlay_background&quot;:&quot;yes&quot;,&quot;content_hover_animation&quot;:&quot;fade-in&quot;}\" data-widget_type=\"gallery.default\">\n\t\t\t\t<div class=\"elementor-widget-container\">\n\t\t\t\t\t\t\t<div class=\"elementor-gallery__container\">\n\t\t\t\t\t\t\t<a class=\"e-gallery-item elementor-gallery-item elementor-animated-content\" href=\"https:\/\/www.verrocchio.institute\/wp-content\/uploads\/2020\/11\/manualthinking1.png\" data-elementor-open-lightbox=\"yes\" data-elementor-lightbox-slideshow=\"3773d44\" data-elementor-lightbox-title=\"manualthinking1\" data-e-action-hash=\"#elementor-action%3Aaction%3Dlightbox%26settings%3DeyJpZCI6NDI0NCwidXJsIjoiaHR0cHM6XC9cL3d3dy52ZXJyb2NjaGlvLmluc3RpdHV0ZVwvd3AtY29udGVudFwvdXBsb2Fkc1wvMjAyMFwvMTFcL21hbnVhbHRoaW5raW5nMS5wbmciLCJzbGlkZXNob3ciOiIzNzczZDQ0In0%3D\">\n\t\t\t\t\t<div class=\"e-gallery-image elementor-gallery-item__image\" data-thumbnail=\"https:\/\/www.verrocchio.institute\/wp-content\/uploads\/2020\/11\/manualthinking1.png\" data-width=\"640\" data-height=\"480\" aria-label=\"\" role=\"img\" ><\/div>\n\t\t\t\t\t\t\t\t\t\t\t<div class=\"elementor-gallery-item__overlay\"><\/div>\n\t\t\t\t\t\t\t\t\t\t\t\t\t\t<\/a>\n\t\t\t\t\t\t\t<a class=\"e-gallery-item elementor-gallery-item elementor-animated-content\" href=\"https:\/\/www.verrocchio.institute\/wp-content\/uploads\/2020\/11\/manualthinking7.png\" data-elementor-open-lightbox=\"yes\" data-elementor-lightbox-slideshow=\"3773d44\" data-elementor-lightbox-title=\"manualthinking7\" data-e-action-hash=\"#elementor-action%3Aaction%3Dlightbox%26settings%3DeyJpZCI6NDIzMiwidXJsIjoiaHR0cHM6XC9cL3d3dy52ZXJyb2NjaGlvLmluc3RpdHV0ZVwvd3AtY29udGVudFwvdXBsb2Fkc1wvMjAyMFwvMTFcL21hbnVhbHRoaW5raW5nNy5wbmciLCJzbGlkZXNob3ciOiIzNzczZDQ0In0%3D\">\n\t\t\t\t\t<div class=\"e-gallery-image elementor-gallery-item__image\" data-thumbnail=\"https:\/\/www.verrocchio.institute\/wp-content\/uploads\/2020\/11\/manualthinking7.png\" data-width=\"640\" data-height=\"480\" aria-label=\"\" role=\"img\" ><\/div>\n\t\t\t\t\t\t\t\t\t\t\t<div class=\"elementor-gallery-item__overlay\"><\/div>\n\t\t\t\t\t\t\t\t\t\t\t\t\t\t<\/a>\n\t\t\t\t\t<\/div>\n\t\t\t\t\t<\/div>\n\t\t\t\t<\/div>\n\t\t\t\t\t<\/div>\n\t\t<\/div>\n\t\t\t\t\t<\/div>\n\t\t<\/section>\n\t\t\t\t<section class=\"elementor-section elementor-top-section elementor-element elementor-element-24e88ee7 rey-section-bg--classic elementor-section-content-top elementor-section-boxed elementor-section-height-default elementor-section-height-default\" data-id=\"24e88ee7\" data-element_type=\"section\" data-settings=\"{&quot;background_background&quot;:&quot;classic&quot;}\">\n\t\t\t\t\t\t<div class=\"elementor-container elementor-column-gap-default\">\n\t\t\t\t\t<div class=\"elementor-column elementor-col-50 elementor-top-column elementor-element elementor-element-2478b982\" data-id=\"2478b982\" data-element_type=\"column\">\n\t\t\t<div class=\"elementor-column-wrap--2478b982 elementor-widget-wrap elementor-element-populated\">\n\t\t\t\t\t\t<div class=\"elementor-element elementor-element-569f18f4 elementor-widget elementor-widget-heading\" data-id=\"569f18f4\" data-element_type=\"widget\" data-widget_type=\"heading.default\">\n\t\t\t\t<div class=\"elementor-widget-container\">\n\t\t\t\t\t<h2 class=\"elementor-heading-title elementor-size-default\">Wissenswert<\/h2>\t\t\t\t<\/div>\n\t\t\t\t<\/div>\n\t\t\t\t\t<\/div>\n\t\t<\/div>\n\t\t\t\t<div class=\"elementor-column elementor-col-50 elementor-top-column elementor-element elementor-element-629516e1\" data-id=\"629516e1\" data-element_type=\"column\">\n\t\t\t<div class=\"elementor-column-wrap--629516e1 elementor-widget-wrap elementor-element-populated\">\n\t\t\t\t\t\t<div class=\"elementor-element elementor-element-5e198566 elementor-widget elementor-widget-text-editor\" data-id=\"5e198566\" data-element_type=\"widget\" data-widget_type=\"text-editor.default\">\n\t\t\t\t<div class=\"elementor-widget-container\">\n\t\t\t\t\t\t\t\t\t<p>Luki Huber (1973) gr\u00fcndete sein Produktdesignstudio in Barcelona im Jahre 1999, nachdem er seine akademische Karriere im Industriedesign an der Schule f\u00fcr Gestaltung in Luzern sowie sp\u00e4ter an der Escola Massana in Barcelona beendet hatte. Er arbeitete zwischen 2001 und 2005 exklusiv f\u00fcr das kreative Team um den bekannten Koch Ferran Adri\u00e0 und sein Restaurant elBulli.<\/p><p>Neben dem Einsatz im Restaurant wurden die Produkte dieser einzigartigen Kombination aus Design und Gastronomie im Centre Pompidou in Paris ausgestellt. Bis 2010 unterrichtete Luki Huber Design an der EINA, School for Art and Design in Barcelona. Gerrit Jan Veldman (Leicester, 1983) trat dem Studio von Luki Huber nach seinem Studium an der Technological University of Delft and der EINA in Barcelona im Jahr 2008 bei.<\/p><p>Das Studio befindet sich seit 2009 im Zentrum von Barcelona, wo Huber und Veldman eine optimale Umgebung f\u00fcr die gemeinsame Produktentwicklung mit ihren Kunden schafften. Parallel zum Produktdesign entwickelten die beiden das Tool \u201eManual Thinking\u201c, das es Teams in einzigartiger Weise erm\u00f6glicht, Ideen zu entwickeln.<\/p>\t\t\t\t\t\t\t\t<\/div>\n\t\t\t\t<\/div>\n\t\t\t\t\t<\/div>\n\t\t<\/div>\n\t\t\t\t\t<\/div>\n\t\t<\/section>\n\t\t\t\t<section class=\"elementor-section elementor-top-section elementor-element elementor-element-6c5d86df rey-section-bg--classic elementor-section-boxed elementor-section-height-default elementor-section-height-default\" data-id=\"6c5d86df\" data-element_type=\"section\" data-settings=\"{&quot;background_background&quot;:&quot;classic&quot;}\">\n\t\t\t\t\t\t<div class=\"elementor-container elementor-column-gap-default\">\n\t\t\t\t\t<div class=\"elementor-column elementor-col-33 elementor-top-column elementor-element elementor-element-67466eb0\" data-id=\"67466eb0\" data-element_type=\"column\">\n\t\t\t<div class=\"elementor-column-wrap--67466eb0 elementor-widget-wrap elementor-element-populated\">\n\t\t\t\t\t\t<div class=\"elementor-element elementor-element-132d5404 elementor-widget elementor-widget-heading\" data-id=\"132d5404\" data-element_type=\"widget\" data-widget_type=\"heading.default\">\n\t\t\t\t<div class=\"elementor-widget-container\">\n\t\t\t\t\t<h2 class=\"elementor-heading-title elementor-size-default\">Ihr Beitrag als verrocchio Fellows<\/h2>\t\t\t\t<\/div>\n\t\t\t\t<\/div>\n\t\t\t\t\t<\/div>\n\t\t<\/div>\n\t\t\t\t<div class=\"elementor-column elementor-col-66 elementor-top-column elementor-element elementor-element-4d0bf040\" data-id=\"4d0bf040\" data-element_type=\"column\">\n\t\t\t<div class=\"elementor-column-wrap--4d0bf040 elementor-widget-wrap elementor-element-populated\">\n\t\t\t\t\t\t<div class=\"elementor-element elementor-element-369c9be2 elementor-widget elementor-widget-text-editor\" data-id=\"369c9be2\" data-element_type=\"widget\" data-widget_type=\"text-editor.default\">\n\t\t\t\t<div class=\"elementor-widget-container\">\n\t\t\t\t\t\t\t\t\t<p>Das verrocchio Institute setzte als eines der ersten Unternehmen auf das Werkzeug \u201eManual Thinking\u201c. Sowohl Benno van Aerssen, Christian Buchholz, als auch Luki Huber und Gerrit Jan Veldman messen visuellen Tools eine extrem hohe Bedeutung in der Innovationsarbeit zu und tauschen sich hier regelm\u00e4\u00dfig aus.<\/p><p>Im Januar 2017 beschlossen beide Teams eine strategische Kooperation, in der das verrocchio Institute als \u201eCompetence Partner\u201c f\u00fcr Manual Thinking operiert. Manual Thinking wurde so auch Bestandteil der Ausbildung zum Innovationcoach.<\/p>\t\t\t\t\t\t\t\t<\/div>\n\t\t\t\t<\/div>\n\t\t\t\t<div class=\"elementor-element elementor-element-275bb5b elementor-widget__width-auto elementor-align-center --il--stretch elementor-widget elementor-widget-button\" data-id=\"275bb5b\" data-element_type=\"widget\" data-widget_type=\"button.default\">\n\t\t\t\t<div class=\"elementor-widget-container\">\n\t\t\t\t\t\t\t\t\t<div class=\"elementor-button-wrapper\">\n\t\t\t\t\t<a class=\"elementor-button elementor-button-link elementor-size-sm\" href=\"https:\/\/manualthinking.com\/\" target=\"_blank\" rel=\"noopener\">\n\t\t\t\t\t\t<span class=\"elementor-button-content-wrapper\">\n\t\t\t\t\t\t\t\t\t<span class=\"elementor-button-text\">Mehr zu \"manual thinking\"<\/span>\n\t\t\t\t\t<\/span>\n\t\t\t\t\t<\/a>\n\t\t\t\t<\/div>\n\t\t\t\t\t\t\t\t<\/div>\n\t\t\t\t<\/div>\n\t\t\t\t\t<\/div>\n\t\t<\/div>\n\t\t\t\t\t<\/div>\n\t\t<\/section>\n\t\t\t\t<\/div>\n\t\t","protected":false},"excerpt":{"rendered":"<p>Luki Huber \/ Gerrit Jan Veldman verrocchio Fellow &#8211; Produktdesign und Tooldesign \u00dcber Luki &amp; Gerrit Die beiden innovativen Designer Luki Huber und Gerrit Jan Veldman aus Barcelona entwickeln seit vielen Jahren exzellente Produkte f\u00fcr ihre internationalen Kunden aus Industrie und Wirtschaft. Sozusagen nebenbei haben sie das visuelle Kreativwerkzeug \u201eManual Thinking\u201c erschaffen, dass seit dem [&hellip;]<\/p>\n","protected":false},"author":3,"featured_media":0,"parent":1556,"menu_order":0,"comment_status":"closed","ping_status":"closed","template":"template-builder-stretch.php","meta":{"_acf_changed":false,"footnotes":""},"class_list":["post-1616","page","type-page","status-publish","hentry"],"acf":[],"_links":{"self":[{"href":"https:\/\/www.verrocchio.institute\/de\/wp-json\/wp\/v2\/pages\/1616","targetHints":{"allow":["GET"]}}],"collection":[{"href":"https:\/\/www.verrocchio.institute\/de\/wp-json\/wp\/v2\/pages"}],"about":[{"href":"https:\/\/www.verrocchio.institute\/de\/wp-json\/wp\/v2\/types\/page"}],"author":[{"embeddable":true,"href":"https:\/\/www.verrocchio.institute\/de\/wp-json\/wp\/v2\/users\/3"}],"replies":[{"embeddable":true,"href":"https:\/\/www.verrocchio.institute\/de\/wp-json\/wp\/v2\/comments?post=1616"}],"version-history":[{"count":48,"href":"https:\/\/www.verrocchio.institute\/de\/wp-json\/wp\/v2\/pages\/1616\/revisions"}],"predecessor-version":[{"id":16258,"href":"https:\/\/www.verrocchio.institute\/de\/wp-json\/wp\/v2\/pages\/1616\/revisions\/16258"}],"up":[{"embeddable":true,"href":"https:\/\/www.verrocchio.institute\/de\/wp-json\/wp\/v2\/pages\/1556"}],"wp:attachment":[{"href":"https:\/\/www.verrocchio.institute\/de\/wp-json\/wp\/v2\/media?parent=1616"}],"curies":[{"name":"wp","href":"https:\/\/api.w.org\/{rel}","templated":true}]}}