{"id":1627,"date":"2020-10-06T07:03:01","date_gmt":"2020-10-06T07:03:01","guid":{"rendered":"https:\/\/www.verrocchio.institute\/?page_id=1627"},"modified":"2021-04-27T15:05:51","modified_gmt":"2021-04-27T15:05:51","slug":"verrocchio-fellow-prof-dr-nicolas-burkhardt","status":"publish","type":"page","link":"https:\/\/www.verrocchio.institute\/de\/about-us\/fellows\/verrocchio-fellow-prof-dr-nicolas-burkhardt\/","title":{"rendered":"verrocchio Fellow: Prof. Dr. Nicolas Burkhardt"},"content":{"rendered":"\t\t<div data-elementor-type=\"wp-page\" data-elementor-id=\"1627\" class=\"elementor elementor-1627\" data-elementor-post-type=\"page\">\n\t\t\t\t\t\t<section class=\"elementor-section elementor-top-section elementor-element elementor-element-507a0649 rey-section-stretched elementor-section-height-min-height rey-section-bg--classic elementor-section-boxed elementor-section-height-default elementor-section-items-middle\" data-id=\"507a0649\" data-element_type=\"section\" data-e-type=\"section\" data-settings=\"{&quot;background_background&quot;:&quot;classic&quot;}\">\n\t\t\t\t\t\t\t<div class=\"elementor-background-overlay\"><\/div>\n\t\t\t\t\t\t\t<div class=\"elementor-container elementor-column-gap-default\">\n\t\t\t\t\t<div class=\"elementor-column elementor-col-100 elementor-top-column elementor-element elementor-element-20180921\" data-id=\"20180921\" data-element_type=\"column\" data-e-type=\"column\">\n\t\t\t<div class=\"elementor-column-wrap--20180921 elementor-widget-wrap elementor-element-populated\">\n\t\t\t\t\t\t<div class=\"elementor-element elementor-element-65a57de1 elementor-widget elementor-widget-heading\" data-id=\"65a57de1\" data-element_type=\"widget\" data-e-type=\"widget\" data-widget_type=\"heading.default\">\n\t\t\t\t<div class=\"elementor-widget-container\">\n\t\t\t\t\t<h1 class=\"elementor-heading-title elementor-size-default\">Prof. Dr. Nicolas Burkhardt<\/h1>\t\t\t\t<\/div>\n\t\t\t\t<\/div>\n\t\t\t\t<div class=\"elementor-element elementor-element-34690505 u-last-p-margin elementor-widget elementor-widget-text-editor\" data-id=\"34690505\" data-element_type=\"widget\" data-e-type=\"widget\" data-widget_type=\"text-editor.default\">\n\t\t\t\t<div class=\"elementor-widget-container\">\n\t\t\t\t\t\t\t\t\t<p>verrocchio Fellow &#8211; Gesch\u00e4ftsmodellinnovationen, Digitalisierung und Transformationsprozesse<\/p>\t\t\t\t\t\t\t\t<\/div>\n\t\t\t\t<\/div>\n\t\t\t\t\t<\/div>\n\t\t<\/div>\n\t\t\t\t\t<\/div>\n\t\t<\/section>\n\t\t\t\t<section class=\"elementor-section elementor-top-section elementor-element elementor-element-12bba9eb elementor-section-boxed elementor-section-height-default elementor-section-height-default\" data-id=\"12bba9eb\" data-element_type=\"section\" data-e-type=\"section\">\n\t\t\t\t\t\t<div class=\"elementor-container elementor-column-gap-default\">\n\t\t\t\t\t<div class=\"elementor-column elementor-col-100 elementor-top-column elementor-element elementor-element-324150c0\" data-id=\"324150c0\" data-element_type=\"column\" data-e-type=\"column\">\n\t\t\t<div class=\"elementor-column-wrap--324150c0 elementor-widget-wrap elementor-element-populated\">\n\t\t\t\t\t\t<div class=\"elementor-element elementor-element-193a396e elementor-widget elementor-widget-image\" data-id=\"193a396e\" data-element_type=\"widget\" data-e-type=\"widget\" data-widget_type=\"image.default\">\n\t\t\t\t<div class=\"elementor-widget-container\">\n\t\t\t\t\t\t\t\t\t\t\t\t\t\t\t\t<a href=\"#more\">\n\t\t\t\t\t\t\t<img decoding=\"async\" src=\"https:\/\/www.verrocchio.institute\/wp-content\/uploads\/2020\/11\/down.svg\" class=\"attachment-full size-full wp-image-2724\" alt=\"\" \/>\t\t\t\t\t\t\t\t<\/a>\n\t\t\t\t\t\t\t\t\t\t\t\t\t\t\t<\/div>\n\t\t\t\t<\/div>\n\t\t\t\t\t<\/div>\n\t\t<\/div>\n\t\t\t\t\t<\/div>\n\t\t<\/section>\n\t\t\t\t<section class=\"elementor-section elementor-top-section elementor-element elementor-element-c2437a6 rey-section-stretched elementor-section-boxed elementor-section-height-default elementor-section-height-default\" data-id=\"c2437a6\" data-element_type=\"section\" data-e-type=\"section\">\n\t\t\t\t\t\t<div class=\"elementor-container elementor-column-gap-default\">\n\t\t\t\t\t<div class=\"elementor-column elementor-col-50 elementor-top-column elementor-element elementor-element-e8f112b\" data-id=\"e8f112b\" data-element_type=\"column\" data-e-type=\"column\">\n\t\t\t<div class=\"elementor-column-wrap--e8f112b elementor-widget-wrap elementor-element-populated\">\n\t\t\t\t\t\t<div class=\"elementor-element elementor-element-43ff6cd elementor-widget elementor-widget-heading\" data-id=\"43ff6cd\" data-element_type=\"widget\" data-e-type=\"widget\" data-widget_type=\"heading.default\">\n\t\t\t\t<div class=\"elementor-widget-container\">\n\t\t\t\t\t<h1 class=\"elementor-heading-title elementor-size-default\">\u00dcber Nicolas<\/h1>\t\t\t\t<\/div>\n\t\t\t\t<\/div>\n\t\t\t\t\t<\/div>\n\t\t<\/div>\n\t\t\t\t<div class=\"elementor-column elementor-col-50 elementor-top-column elementor-element elementor-element-189d6b6\" data-id=\"189d6b6\" data-element_type=\"column\" data-e-type=\"column\">\n\t\t\t<div class=\"elementor-column-wrap--189d6b6 elementor-widget-wrap elementor-element-populated\">\n\t\t\t\t\t\t<div class=\"elementor-element elementor-element-f79d664 elementor-widget elementor-widget-text-editor\" data-id=\"f79d664\" data-element_type=\"widget\" data-e-type=\"widget\" data-widget_type=\"text-editor.default\">\n\t\t\t\t<div class=\"elementor-widget-container\">\n\t\t\t\t\t\t\t\t\t<p>Prof. Dr. Nicolas Burkhardt unterrichtet die Studienf\u00e4cher Innovation, Change und Leadership.<\/p><p>Er ist Gr\u00fcnder und Gesch\u00e4ftsf\u00fchrer der Kopfspringer GmbH, einer strategischen Beratungsgesellschaft mit Fokus auf Gesch\u00e4ftsmodellinnovationen, Digitalisierung und Transformationsprozesse.<\/p>\t\t\t\t\t\t\t\t<\/div>\n\t\t\t\t<\/div>\n\t\t\t\t\t<\/div>\n\t\t<\/div>\n\t\t\t\t\t<\/div>\n\t\t<\/section>\n\t\t\t\t<section class=\"elementor-section elementor-top-section elementor-element elementor-element-7530d513 rey-section-bg--classic elementor-section-content-top elementor-section-boxed elementor-section-height-default elementor-section-height-default\" data-id=\"7530d513\" data-element_type=\"section\" data-e-type=\"section\" data-settings=\"{&quot;background_background&quot;:&quot;classic&quot;}\">\n\t\t\t\t\t\t<div class=\"elementor-container elementor-column-gap-default\">\n\t\t\t\t\t<div class=\"elementor-column elementor-col-50 elementor-top-column elementor-element elementor-element-26a82b61\" data-id=\"26a82b61\" data-element_type=\"column\" data-e-type=\"column\">\n\t\t\t<div class=\"elementor-column-wrap--26a82b61 elementor-widget-wrap elementor-element-populated\">\n\t\t\t\t\t\t<div class=\"elementor-element elementor-element-4544a4dc elementor-widget elementor-widget-heading\" data-id=\"4544a4dc\" data-element_type=\"widget\" data-e-type=\"widget\" data-widget_type=\"heading.default\">\n\t\t\t\t<div class=\"elementor-widget-container\">\n\t\t\t\t\t<h2 class=\"elementor-heading-title elementor-size-default\">Wissenswert<\/h2>\t\t\t\t<\/div>\n\t\t\t\t<\/div>\n\t\t\t\t\t<\/div>\n\t\t<\/div>\n\t\t\t\t<div class=\"elementor-column elementor-col-50 elementor-top-column elementor-element elementor-element-628d10c4\" data-id=\"628d10c4\" data-element_type=\"column\" data-e-type=\"column\">\n\t\t\t<div class=\"elementor-column-wrap--628d10c4 elementor-widget-wrap elementor-element-populated\">\n\t\t\t\t\t\t<div class=\"elementor-element elementor-element-7009f56 elementor-widget elementor-widget-text-editor\" data-id=\"7009f56\" data-element_type=\"widget\" data-e-type=\"widget\" data-widget_type=\"text-editor.default\">\n\t\t\t\t<div class=\"elementor-widget-container\">\n\t\t\t\t\t\t\t\t\t<p>Er ist Autor, Branchen Insider der Plattform XING und gefragter Keynote Speaker auf diversen Konferenzen und Business Foren. Von 2008-2012 widmete sich Prof. Burkhardt der \u201eLebenshilfe f\u00fcr Afrika\u201c und forcierte die Errichtung eines schulischen Waisendorfes in Monduli, Tansania.<\/p><p>Er ist Co-Initiator und Mitglied der Jury des Wirtschaftswoche-Quantensprung-Awards, der HR-Garage sowie des RoundTable Innovationsmanagement. In seiner langj\u00e4hrigen T\u00e4tigkeit in der Industrie verantwortete er den Aufbau diverser Innovationseinheiten in verschiedenen, international operierenden Gesellschaften.<\/p><p>W\u00e4hrend seiner letzten Station in einem DAX-Konzern wurde er durch das Wirtschaftsministerium des Landes NRW, gemeinsam mit seinem Team als Gewinner des Preises f\u00fcr Digitale Transformation im Gro\u00dfunternehmen ausgezeichnet.<\/p><p>Prof. Dr. Burkhardt absolvierte seine breite akademische Ausbildung in Deutschland, Island und der Schweiz sowie zuletzt im renommierten MBA Programm der Henley Business School in UK. Er ist begeisterter Extremsportler und lebt mit seiner Familie in D\u00fcsseldorf.<\/p>\t\t\t\t\t\t\t\t<\/div>\n\t\t\t\t<\/div>\n\t\t\t\t\t<\/div>\n\t\t<\/div>\n\t\t\t\t\t<\/div>\n\t\t<\/section>\n\t\t\t\t<section class=\"elementor-section elementor-top-section elementor-element elementor-element-7279d61f rey-section-bg--classic elementor-section-boxed elementor-section-height-default elementor-section-height-default\" data-id=\"7279d61f\" data-element_type=\"section\" data-e-type=\"section\" data-settings=\"{&quot;background_background&quot;:&quot;classic&quot;}\">\n\t\t\t\t\t\t<div class=\"elementor-container elementor-column-gap-default\">\n\t\t\t\t\t<div class=\"elementor-column elementor-col-33 elementor-top-column elementor-element elementor-element-3f285b2d\" data-id=\"3f285b2d\" data-element_type=\"column\" data-e-type=\"column\">\n\t\t\t<div class=\"elementor-column-wrap--3f285b2d elementor-widget-wrap elementor-element-populated\">\n\t\t\t\t\t\t<div class=\"elementor-element elementor-element-77ad473f elementor-widget elementor-widget-heading\" data-id=\"77ad473f\" data-element_type=\"widget\" data-e-type=\"widget\" data-widget_type=\"heading.default\">\n\t\t\t\t<div class=\"elementor-widget-container\">\n\t\t\t\t\t<h2 class=\"elementor-heading-title elementor-size-default\">Sein Beitrag als verrocchio Fellow<\/h2>\t\t\t\t<\/div>\n\t\t\t\t<\/div>\n\t\t\t\t<div class=\"elementor-element elementor-element-3482299b elementor-widget elementor-widget-image\" data-id=\"3482299b\" data-element_type=\"widget\" data-e-type=\"widget\" data-widget_type=\"image.default\">\n\t\t\t\t<div class=\"elementor-widget-container\">\n\t\t\t\t\t\t\t\t\t\t\t\t\t\t\t<img fetchpriority=\"high\" decoding=\"async\" width=\"300\" height=\"300\" src=\"https:\/\/www.verrocchio.institute\/wp-content\/uploads\/2020\/10\/Professor_Nikolas_Burkhardt-300x300.jpg\" class=\"attachment-medium size-medium wp-image-1570\" alt=\"\" srcset=\"https:\/\/www.verrocchio.institute\/wp-content\/uploads\/2020\/10\/Professor_Nikolas_Burkhardt-300x300.jpg 300w, https:\/\/www.verrocchio.institute\/wp-content\/uploads\/2020\/10\/Professor_Nikolas_Burkhardt-150x150.jpg 150w, https:\/\/www.verrocchio.institute\/wp-content\/uploads\/2020\/10\/elementor\/thumbs\/Professor_Nikolas_Burkhardt-150x150.jpg 400w, https:\/\/www.verrocchio.institute\/wp-content\/uploads\/2020\/10\/elementor\/thumbs\/Professor_Nikolas_Burkhardt-150x150.jpg 500w, https:\/\/www.verrocchio.institute\/wp-content\/uploads\/2020\/10\/elementor\/thumbs\/Professor_Nikolas_Burkhardt-150x150.jpg 350w, https:\/\/www.verrocchio.institute\/wp-content\/uploads\/2020\/10\/Professor_Nikolas_Burkhardt.jpg 345w\" sizes=\"(max-width: 300px) 100vw, 300px\" \/>\t\t\t\t\t\t\t\t\t\t\t\t\t\t\t<\/div>\n\t\t\t\t<\/div>\n\t\t\t\t\t<\/div>\n\t\t<\/div>\n\t\t\t\t<div class=\"elementor-column elementor-col-66 elementor-top-column elementor-element elementor-element-2096c1ab\" data-id=\"2096c1ab\" data-element_type=\"column\" data-e-type=\"column\">\n\t\t\t<div class=\"elementor-column-wrap--2096c1ab elementor-widget-wrap elementor-element-populated\">\n\t\t\t\t\t\t<div class=\"elementor-element elementor-element-3d98e969 elementor-widget elementor-widget-text-editor\" data-id=\"3d98e969\" data-element_type=\"widget\" data-e-type=\"widget\" data-widget_type=\"text-editor.default\">\n\t\t\t\t<div class=\"elementor-widget-container\">\n\t\t\t\t\t\t\t\t\t<p>In einem gemeinsamen Innovationsprojekt bei einem DAX-Konzern lernten sich Burkhardt, van Aerssen und Buchholz kennen und sch\u00e4tzen. Sie pflegen seit vielen Jahren einen engen Austausch zum Thema Innovation.<\/p><p>Sie arbeiten gemeinsam an Vortr\u00e4gen und Tools. Zuletzt ist durch diese Zusammenarbeit das \u201eInnovation Performance Radar\u201c entstanden. Mit diesem Tool l\u00e4sst sich der Grad der Innovationsf\u00e4higkeit eines Teams oder einer Organisation messen.<\/p>\t\t\t\t\t\t\t\t<\/div>\n\t\t\t\t<\/div>\n\t\t\t\t<div class=\"elementor-element elementor-element-4a6a2617 elementor-widget__width-auto elementor-align-center --il--stretch elementor-widget elementor-widget-button\" data-id=\"4a6a2617\" data-element_type=\"widget\" data-e-type=\"widget\" data-widget_type=\"button.default\">\n\t\t\t\t<div class=\"elementor-widget-container\">\n\t\t\t\t\t\t\t\t\t<div class=\"elementor-button-wrapper\">\n\t\t\t\t\t<a class=\"elementor-button elementor-button-link elementor-size-sm\" href=\"https:\/\/www.verrocchio.institute\/de\/tools\/innovation-performance-radar\/\" target=\"_blank\">\n\t\t\t\t\t\t<span class=\"elementor-button-content-wrapper\">\n\t\t\t\t\t\t\t\t\t<span class=\"elementor-button-text\">Mehr zum \"Innovation Performance Radar\"<\/span>\n\t\t\t\t\t<\/span>\n\t\t\t\t\t<\/a>\n\t\t\t\t<\/div>\n\t\t\t\t\t\t\t\t<\/div>\n\t\t\t\t<\/div>\n\t\t\t\t\t<\/div>\n\t\t<\/div>\n\t\t\t\t\t<\/div>\n\t\t<\/section>\n\t\t\t\t<\/div>\n\t\t","protected":false},"excerpt":{"rendered":"<p>Prof. Dr. Nicolas Burkhardt verrocchio Fellow &#8211; Gesch\u00e4ftsmodellinnovationen, Digitalisierung und Transformationsprozesse \u00dcber Nicolas Prof. Dr. Nicolas Burkhardt unterrichtet die Studienf\u00e4cher Innovation, Change und Leadership. Er ist Gr\u00fcnder und Gesch\u00e4ftsf\u00fchrer der Kopfspringer GmbH, einer strategischen Beratungsgesellschaft mit Fokus auf Gesch\u00e4ftsmodellinnovationen, Digitalisierung und Transformationsprozesse. Wissenswert Er ist Autor, Branchen Insider der Plattform XING und gefragter Keynote Speaker [&hellip;]<\/p>\n","protected":false},"author":3,"featured_media":0,"parent":1556,"menu_order":0,"comment_status":"closed","ping_status":"closed","template":"template-builder-stretch.php","meta":{"_acf_changed":false,"footnotes":""},"class_list":["post-1627","page","type-page","status-publish","hentry"],"acf":[],"_links":{"self":[{"href":"https:\/\/www.verrocchio.institute\/de\/wp-json\/wp\/v2\/pages\/1627","targetHints":{"allow":["GET"]}}],"collection":[{"href":"https:\/\/www.verrocchio.institute\/de\/wp-json\/wp\/v2\/pages"}],"about":[{"href":"https:\/\/www.verrocchio.institute\/de\/wp-json\/wp\/v2\/types\/page"}],"author":[{"embeddable":true,"href":"https:\/\/www.verrocchio.institute\/de\/wp-json\/wp\/v2\/users\/3"}],"replies":[{"embeddable":true,"href":"https:\/\/www.verrocchio.institute\/de\/wp-json\/wp\/v2\/comments?post=1627"}],"version-history":[{"count":45,"href":"https:\/\/www.verrocchio.institute\/de\/wp-json\/wp\/v2\/pages\/1627\/revisions"}],"predecessor-version":[{"id":14248,"href":"https:\/\/www.verrocchio.institute\/de\/wp-json\/wp\/v2\/pages\/1627\/revisions\/14248"}],"up":[{"embeddable":true,"href":"https:\/\/www.verrocchio.institute\/de\/wp-json\/wp\/v2\/pages\/1556"}],"wp:attachment":[{"href":"https:\/\/www.verrocchio.institute\/de\/wp-json\/wp\/v2\/media?parent=1627"}],"curies":[{"name":"wp","href":"https:\/\/api.w.org\/{rel}","templated":true}]}}