{"id":1635,"date":"2020-10-06T07:08:42","date_gmt":"2020-10-06T07:08:42","guid":{"rendered":"https:\/\/www.verrocchio.institute\/?page_id=1635"},"modified":"2021-08-17T16:38:52","modified_gmt":"2021-08-17T16:38:52","slug":"verrocchio-fellow-prof-dr-holger-simon","status":"publish","type":"page","link":"https:\/\/www.verrocchio.institute\/de\/about-us\/fellows\/verrocchio-fellow-prof-dr-holger-simon\/","title":{"rendered":"verrocchio Fellow: Prof. Dr. Holger Simon"},"content":{"rendered":"\t\t<div data-elementor-type=\"wp-page\" data-elementor-id=\"1635\" class=\"elementor elementor-1635\" data-elementor-post-type=\"page\">\n\t\t\t\t\t\t<section class=\"elementor-section elementor-top-section elementor-element elementor-element-6aef124b rey-section-stretched elementor-section-height-min-height rey-section-bg--classic elementor-section-boxed elementor-section-height-default elementor-section-items-middle\" data-id=\"6aef124b\" data-element_type=\"section\" data-settings=\"{&quot;background_background&quot;:&quot;classic&quot;}\">\n\t\t\t\t\t\t\t<div class=\"elementor-background-overlay\"><\/div>\n\t\t\t\t\t\t\t<div class=\"elementor-container elementor-column-gap-default\">\n\t\t\t\t\t<div class=\"elementor-column elementor-col-100 elementor-top-column elementor-element elementor-element-25583d14\" data-id=\"25583d14\" data-element_type=\"column\">\n\t\t\t<div class=\"elementor-column-wrap--25583d14 elementor-widget-wrap elementor-element-populated\">\n\t\t\t\t\t\t<div class=\"elementor-element elementor-element-5b33b225 elementor-widget elementor-widget-heading\" data-id=\"5b33b225\" data-element_type=\"widget\" data-widget_type=\"heading.default\">\n\t\t\t\t<div class=\"elementor-widget-container\">\n\t\t\t\t\t<h1 class=\"elementor-heading-title elementor-size-default\">Prof. Dr. Holger Simon<\/h1>\t\t\t\t<\/div>\n\t\t\t\t<\/div>\n\t\t\t\t<div class=\"elementor-element elementor-element-69aced6e elementor-widget elementor-widget-text-editor\" data-id=\"69aced6e\" data-element_type=\"widget\" data-widget_type=\"text-editor.default\">\n\t\t\t\t<div class=\"elementor-widget-container\">\n\t\t\t\t\t\t\t\t\t<p>verrocchio Fellow &#8211; Innovationsberater und Berater von Kulturbetrieben f\u00fcr digitale Transformation<\/p>\t\t\t\t\t\t\t\t<\/div>\n\t\t\t\t<\/div>\n\t\t\t\t\t<\/div>\n\t\t<\/div>\n\t\t\t\t\t<\/div>\n\t\t<\/section>\n\t\t\t\t<section class=\"elementor-section elementor-top-section elementor-element elementor-element-580a58cc elementor-section-boxed elementor-section-height-default elementor-section-height-default\" data-id=\"580a58cc\" data-element_type=\"section\">\n\t\t\t\t\t\t<div class=\"elementor-container elementor-column-gap-default\">\n\t\t\t\t\t<div class=\"elementor-column elementor-col-100 elementor-top-column elementor-element elementor-element-52b9a51c\" data-id=\"52b9a51c\" data-element_type=\"column\">\n\t\t\t<div class=\"elementor-column-wrap--52b9a51c elementor-widget-wrap elementor-element-populated\">\n\t\t\t\t\t\t<div class=\"elementor-element elementor-element-5347fdc0 elementor-widget elementor-widget-image\" data-id=\"5347fdc0\" data-element_type=\"widget\" data-widget_type=\"image.default\">\n\t\t\t\t<div class=\"elementor-widget-container\">\n\t\t\t\t\t\t\t\t\t\t\t\t\t\t\t\t<a href=\"#more\">\n\t\t\t\t\t\t\t<img decoding=\"async\" src=\"https:\/\/www.verrocchio.institute\/wp-content\/uploads\/2020\/11\/down.svg\" class=\"attachment-full size-full wp-image-2724\" alt=\"\" \/>\t\t\t\t\t\t\t\t<\/a>\n\t\t\t\t\t\t\t\t\t\t\t\t\t\t\t<\/div>\n\t\t\t\t<\/div>\n\t\t\t\t\t<\/div>\n\t\t<\/div>\n\t\t\t\t\t<\/div>\n\t\t<\/section>\n\t\t\t\t<section class=\"elementor-section elementor-top-section elementor-element elementor-element-a8f11fe rey-section-stretched elementor-section-boxed elementor-section-height-default elementor-section-height-default\" data-id=\"a8f11fe\" data-element_type=\"section\">\n\t\t\t\t\t\t<div class=\"elementor-container elementor-column-gap-default\">\n\t\t\t\t\t<div class=\"elementor-column elementor-col-50 elementor-top-column elementor-element elementor-element-190b723\" data-id=\"190b723\" data-element_type=\"column\">\n\t\t\t<div class=\"elementor-column-wrap--190b723 elementor-widget-wrap elementor-element-populated\">\n\t\t\t\t\t\t<div class=\"elementor-element elementor-element-f8629e9 elementor-widget elementor-widget-heading\" data-id=\"f8629e9\" data-element_type=\"widget\" data-widget_type=\"heading.default\">\n\t\t\t\t<div class=\"elementor-widget-container\">\n\t\t\t\t\t<h1 class=\"elementor-heading-title elementor-size-default\">\u00dcber Holger<\/h1>\t\t\t\t<\/div>\n\t\t\t\t<\/div>\n\t\t\t\t\t<\/div>\n\t\t<\/div>\n\t\t\t\t<div class=\"elementor-column elementor-col-50 elementor-top-column elementor-element elementor-element-3dbe7fb\" data-id=\"3dbe7fb\" data-element_type=\"column\">\n\t\t\t<div class=\"elementor-column-wrap--3dbe7fb elementor-widget-wrap elementor-element-populated\">\n\t\t\t\t\t\t<div class=\"elementor-element elementor-element-65eb45cd elementor-widget elementor-widget-text-editor\" data-id=\"65eb45cd\" data-element_type=\"widget\" data-widget_type=\"text-editor.default\">\n\t\t\t\t<div class=\"elementor-widget-container\">\n\t\t\t\t\t\t\t\t\t<p>Der Kunsthistoriker Prof. Dr. Holger Simon ist Innovator und Entrepreneur.<\/p><p>Er ist Gr\u00fcnder und Gesch\u00e4ftsf\u00fchrer der Pausanio GmbH &amp; Co. KG. Pausanio entwickelt digitale Anwendungen im Kultursektor, ber\u00e4t Kulturbetriebe im Bereich digitale Transformation und begleitet sie bei Changeprozessen.<\/p>\t\t\t\t\t\t\t\t<\/div>\n\t\t\t\t<\/div>\n\t\t\t\t\t<\/div>\n\t\t<\/div>\n\t\t\t\t\t<\/div>\n\t\t<\/section>\n\t\t\t\t<section class=\"elementor-section elementor-top-section elementor-element elementor-element-3e1f8fd4 rey-section-bg--classic elementor-section-content-top elementor-section-boxed elementor-section-height-default elementor-section-height-default\" data-id=\"3e1f8fd4\" data-element_type=\"section\" data-settings=\"{&quot;background_background&quot;:&quot;classic&quot;}\">\n\t\t\t\t\t\t<div class=\"elementor-container elementor-column-gap-default\">\n\t\t\t\t\t<div class=\"elementor-column elementor-col-50 elementor-top-column elementor-element elementor-element-209e2c8\" data-id=\"209e2c8\" data-element_type=\"column\">\n\t\t\t<div class=\"elementor-column-wrap--209e2c8 elementor-widget-wrap elementor-element-populated\">\n\t\t\t\t\t\t<div class=\"elementor-element elementor-element-29f96ad7 elementor-widget elementor-widget-heading\" data-id=\"29f96ad7\" data-element_type=\"widget\" data-widget_type=\"heading.default\">\n\t\t\t\t<div class=\"elementor-widget-container\">\n\t\t\t\t\t<h2 class=\"elementor-heading-title elementor-size-default\">Wissenswert<\/h2>\t\t\t\t<\/div>\n\t\t\t\t<\/div>\n\t\t\t\t\t<\/div>\n\t\t<\/div>\n\t\t\t\t<div class=\"elementor-column elementor-col-50 elementor-top-column elementor-element elementor-element-11c7ffb5\" data-id=\"11c7ffb5\" data-element_type=\"column\">\n\t\t\t<div class=\"elementor-column-wrap--11c7ffb5 elementor-widget-wrap elementor-element-populated\">\n\t\t\t\t\t\t<div class=\"elementor-element elementor-element-5f441d4f elementor-widget elementor-widget-text-editor\" data-id=\"5f441d4f\" data-element_type=\"widget\" data-widget_type=\"text-editor.default\">\n\t\t\t\t<div class=\"elementor-widget-container\">\n\t\t\t\t\t\t\t\t\t<p>Prof. Dr. Holger Simon blickt auf \u00fcber 20 Jahre Erfahrung im digitalen Kulturmanagement zur\u00fcck und initiierte in dieser Zeit innovative Projekte wie zum Beispiel 2001 das prometheus-Bildarchiv und 2009 das Digitale Historische Archiv K\u00f6ln.<\/p><p>2014 wurde er von der Gesellschaft f\u00fcr Informatik und dem BMBF als \u201edigitaler Kopf Deutschlands\u201c ausgezeichnet.<\/p><p>Prof. Dr. Holger Simon forscht und publiziert zu Themen der digitalen Transformation, Innovationsmanagement in Kulturbetrieben und Cultural Entrepreneurship.<\/p><p>\u00dcber die von ihm 2013 gegr\u00fcndete Pausanio Akademie macht er die MitarbeiterInnen der Kulturbetriebe fit f\u00fcr die digitale Welt und bietet einen zertifizierten Lehrgang an zum Digital Officer &amp; Data Scientist in Cultural Heritage. www.pausanio.com www.holger-simon.de<\/p>\t\t\t\t\t\t\t\t<\/div>\n\t\t\t\t<\/div>\n\t\t\t\t\t<\/div>\n\t\t<\/div>\n\t\t\t\t\t<\/div>\n\t\t<\/section>\n\t\t\t\t<section class=\"elementor-section elementor-top-section elementor-element elementor-element-75b2bf74 rey-section-bg--classic elementor-section-boxed elementor-section-height-default elementor-section-height-default\" data-id=\"75b2bf74\" data-element_type=\"section\" data-settings=\"{&quot;background_background&quot;:&quot;classic&quot;}\">\n\t\t\t\t\t\t<div class=\"elementor-container elementor-column-gap-default\">\n\t\t\t\t\t<div class=\"elementor-column elementor-col-33 elementor-top-column elementor-element elementor-element-4b20c18\" data-id=\"4b20c18\" data-element_type=\"column\">\n\t\t\t<div class=\"elementor-column-wrap--4b20c18 elementor-widget-wrap elementor-element-populated\">\n\t\t\t\t\t\t<div class=\"elementor-element elementor-element-1036c8e elementor-widget elementor-widget-heading\" data-id=\"1036c8e\" data-element_type=\"widget\" data-widget_type=\"heading.default\">\n\t\t\t\t<div class=\"elementor-widget-container\">\n\t\t\t\t\t<h2 class=\"elementor-heading-title elementor-size-default\">Sein Beitrag als verrocchio Fellow<\/h2>\t\t\t\t<\/div>\n\t\t\t\t<\/div>\n\t\t\t\t<div class=\"elementor-element elementor-element-22dd0462 elementor-widget elementor-widget-image\" data-id=\"22dd0462\" data-element_type=\"widget\" data-widget_type=\"image.default\">\n\t\t\t\t<div class=\"elementor-widget-container\">\n\t\t\t\t\t\t\t\t\t\t\t\t\t\t\t<img fetchpriority=\"high\" decoding=\"async\" width=\"300\" height=\"300\" src=\"https:\/\/www.verrocchio.institute\/wp-content\/uploads\/2020\/10\/Bild_Holger_Simon-300x300.jpg\" class=\"attachment-medium size-medium wp-image-1568\" alt=\"\" srcset=\"https:\/\/www.verrocchio.institute\/wp-content\/uploads\/2020\/10\/Bild_Holger_Simon-300x300.jpg 300w, https:\/\/www.verrocchio.institute\/wp-content\/uploads\/2020\/10\/Bild_Holger_Simon-150x150.jpg 150w, https:\/\/www.verrocchio.institute\/wp-content\/uploads\/2020\/10\/Bild_Holger_Simon-768x768.jpg 768w, https:\/\/www.verrocchio.institute\/wp-content\/uploads\/2020\/10\/elementor\/thumbs\/Bild_Holger_Simon-p0xlh1du0adusqpnowrw2oxrp9qeygniym5ikr0fbc.jpg 500w, https:\/\/www.verrocchio.institute\/wp-content\/uploads\/2020\/10\/Bild_Holger_Simon.jpg 935w\" sizes=\"(max-width: 300px) 100vw, 300px\" \/>\t\t\t\t\t\t\t\t\t\t\t\t\t\t\t<\/div>\n\t\t\t\t<\/div>\n\t\t\t\t\t<\/div>\n\t\t<\/div>\n\t\t\t\t<div class=\"elementor-column elementor-col-66 elementor-top-column elementor-element elementor-element-307a03a2\" data-id=\"307a03a2\" data-element_type=\"column\">\n\t\t\t<div class=\"elementor-column-wrap--307a03a2 elementor-widget-wrap elementor-element-populated\">\n\t\t\t\t\t\t<div class=\"elementor-element elementor-element-115e0895 elementor-widget elementor-widget-text-editor\" data-id=\"115e0895\" data-element_type=\"widget\" data-widget_type=\"text-editor.default\">\n\t\t\t\t<div class=\"elementor-widget-container\">\n\t\t\t\t\t\t\t\t\t<p>Aktuell forschen Benno van Aerssen und Holger Simon daran, Handlungsprinzipien f\u00fcr Manager zu identifizieren, die sich wiederholt \u00fcber die Jahrhunderte als erfolgswirksam gezeigt haben.<\/p><p>Sie haben ihre Studien zum Zeitpunkt der Renaissance gestartet. Die Epoche der Renaissance hat einzigartige Entwicklungen in wirtschaftlichen, technischen, religi\u00f6sen, sozialen und kulturellen Bereichen angesto\u00dfen. Sie brachte K\u00fcnstler-Gelehrte wie Leonardo da Vinci oder Michelangelo hervor, die sich nicht \u00abnur\u00bb als Handwerker verstanden, sondern die \u201egottgleich\u201cneue Welten erschufen, welche ihre Rezipienten noch nie gesehen hatten.<\/p><p>Global Players, Gro\u00dfbanken und Massenkommunikation sind Ph\u00e4nomene, die bereits in der Renaissance entstanden. Die moderne Welt w\u00e4re unvorstellbar ohne die Innovationen der Renaissance.<\/p>\t\t\t\t\t\t\t\t<\/div>\n\t\t\t\t<\/div>\n\t\t\t\t\t<\/div>\n\t\t<\/div>\n\t\t\t\t\t<\/div>\n\t\t<\/section>\n\t\t\t\t<\/div>\n\t\t","protected":false},"excerpt":{"rendered":"<p>Prof. Dr. Holger Simon verrocchio Fellow &#8211; Innovationsberater und Berater von Kulturbetrieben f\u00fcr digitale Transformation \u00dcber Holger Der Kunsthistoriker Prof. Dr. Holger Simon ist Innovator und Entrepreneur. Er ist Gr\u00fcnder und Gesch\u00e4ftsf\u00fchrer der Pausanio GmbH &amp; Co. KG. Pausanio entwickelt digitale Anwendungen im Kultursektor, ber\u00e4t Kulturbetriebe im Bereich digitale Transformation und begleitet sie bei Changeprozessen. [&hellip;]<\/p>\n","protected":false},"author":3,"featured_media":0,"parent":1556,"menu_order":0,"comment_status":"closed","ping_status":"closed","template":"template-builder-stretch.php","meta":{"_acf_changed":false,"footnotes":""},"class_list":["post-1635","page","type-page","status-publish","hentry"],"acf":[],"_links":{"self":[{"href":"https:\/\/www.verrocchio.institute\/de\/wp-json\/wp\/v2\/pages\/1635","targetHints":{"allow":["GET"]}}],"collection":[{"href":"https:\/\/www.verrocchio.institute\/de\/wp-json\/wp\/v2\/pages"}],"about":[{"href":"https:\/\/www.verrocchio.institute\/de\/wp-json\/wp\/v2\/types\/page"}],"author":[{"embeddable":true,"href":"https:\/\/www.verrocchio.institute\/de\/wp-json\/wp\/v2\/users\/3"}],"replies":[{"embeddable":true,"href":"https:\/\/www.verrocchio.institute\/de\/wp-json\/wp\/v2\/comments?post=1635"}],"version-history":[{"count":59,"href":"https:\/\/www.verrocchio.institute\/de\/wp-json\/wp\/v2\/pages\/1635\/revisions"}],"predecessor-version":[{"id":16357,"href":"https:\/\/www.verrocchio.institute\/de\/wp-json\/wp\/v2\/pages\/1635\/revisions\/16357"}],"up":[{"embeddable":true,"href":"https:\/\/www.verrocchio.institute\/de\/wp-json\/wp\/v2\/pages\/1556"}],"wp:attachment":[{"href":"https:\/\/www.verrocchio.institute\/de\/wp-json\/wp\/v2\/media?parent=1635"}],"curies":[{"name":"wp","href":"https:\/\/api.w.org\/{rel}","templated":true}]}}