{"id":1643,"date":"2020-10-06T07:12:56","date_gmt":"2020-10-06T07:12:56","guid":{"rendered":"https:\/\/www.verrocchio.institute\/?page_id=1643"},"modified":"2021-08-04T17:01:33","modified_gmt":"2021-08-04T17:01:33","slug":"verrocchio-fellow-rainer-kiefer","status":"publish","type":"page","link":"https:\/\/www.verrocchio.institute\/de\/about-us\/fellows\/verrocchio-fellow-rainer-kiefer\/","title":{"rendered":"verrocchio Fellow: Rainer Kiefer"},"content":{"rendered":"\t\t<div data-elementor-type=\"wp-page\" data-elementor-id=\"1643\" class=\"elementor elementor-1643\" data-elementor-post-type=\"page\">\n\t\t\t\t\t\t<section class=\"elementor-section elementor-top-section elementor-element elementor-element-7cea1d6e rey-section-stretched elementor-section-height-min-height rey-section-bg--classic elementor-section-boxed elementor-section-height-default elementor-section-items-middle\" data-id=\"7cea1d6e\" data-element_type=\"section\" data-e-type=\"section\" data-settings=\"{&quot;background_background&quot;:&quot;classic&quot;}\">\n\t\t\t\t\t\t\t<div class=\"elementor-background-overlay\"><\/div>\n\t\t\t\t\t\t\t<div class=\"elementor-container elementor-column-gap-default\">\n\t\t\t\t\t<div class=\"elementor-column elementor-col-100 elementor-top-column elementor-element elementor-element-3fee960d\" data-id=\"3fee960d\" data-element_type=\"column\" data-e-type=\"column\">\n\t\t\t<div class=\"elementor-column-wrap--3fee960d elementor-widget-wrap elementor-element-populated\">\n\t\t\t\t\t\t<div class=\"elementor-element elementor-element-2399326a elementor-widget elementor-widget-heading\" data-id=\"2399326a\" data-element_type=\"widget\" data-e-type=\"widget\" data-widget_type=\"heading.default\">\n\t\t\t\t<div class=\"elementor-widget-container\">\n\t\t\t\t\t<h1 class=\"elementor-heading-title elementor-size-default\">Rainer Kiefer<\/h1>\t\t\t\t<\/div>\n\t\t\t\t<\/div>\n\t\t\t\t<div class=\"elementor-element elementor-element-7d4a57ca u-last-p-margin elementor-widget elementor-widget-text-editor\" data-id=\"7d4a57ca\" data-element_type=\"widget\" data-e-type=\"widget\" data-widget_type=\"text-editor.default\">\n\t\t\t\t<div class=\"elementor-widget-container\">\n\t\t\t\t\t\t\t\t\t<p>verrocchio Fellow &#8211; Sportwissenschaftler und Sportpsychologe mit Innovationswissen<\/p>\t\t\t\t\t\t\t\t<\/div>\n\t\t\t\t<\/div>\n\t\t\t\t\t<\/div>\n\t\t<\/div>\n\t\t\t\t\t<\/div>\n\t\t<\/section>\n\t\t\t\t<section class=\"elementor-section elementor-top-section elementor-element elementor-element-2f415a86 elementor-section-boxed elementor-section-height-default elementor-section-height-default\" data-id=\"2f415a86\" data-element_type=\"section\" data-e-type=\"section\">\n\t\t\t\t\t\t<div class=\"elementor-container elementor-column-gap-default\">\n\t\t\t\t\t<div class=\"elementor-column elementor-col-100 elementor-top-column elementor-element elementor-element-13903463\" data-id=\"13903463\" data-element_type=\"column\" data-e-type=\"column\">\n\t\t\t<div class=\"elementor-column-wrap--13903463 elementor-widget-wrap elementor-element-populated\">\n\t\t\t\t\t\t<div class=\"elementor-element elementor-element-c0dd84d elementor-widget elementor-widget-image\" data-id=\"c0dd84d\" data-element_type=\"widget\" data-e-type=\"widget\" data-widget_type=\"image.default\">\n\t\t\t\t<div class=\"elementor-widget-container\">\n\t\t\t\t\t\t\t\t\t\t\t\t\t\t\t\t<a href=\"#more\">\n\t\t\t\t\t\t\t<img decoding=\"async\" src=\"https:\/\/www.verrocchio.institute\/wp-content\/uploads\/2020\/11\/down.svg\" class=\"attachment-full size-full wp-image-2724\" alt=\"\" \/>\t\t\t\t\t\t\t\t<\/a>\n\t\t\t\t\t\t\t\t\t\t\t\t\t\t\t<\/div>\n\t\t\t\t<\/div>\n\t\t\t\t\t<\/div>\n\t\t<\/div>\n\t\t\t\t\t<\/div>\n\t\t<\/section>\n\t\t\t\t<section class=\"elementor-section elementor-top-section elementor-element elementor-element-c140dbc rey-section-stretched elementor-section-boxed elementor-section-height-default elementor-section-height-default\" data-id=\"c140dbc\" data-element_type=\"section\" data-e-type=\"section\">\n\t\t\t\t\t\t<div class=\"elementor-container elementor-column-gap-default\">\n\t\t\t\t\t<div class=\"elementor-column elementor-col-50 elementor-top-column elementor-element elementor-element-45350be\" data-id=\"45350be\" data-element_type=\"column\" data-e-type=\"column\">\n\t\t\t<div class=\"elementor-column-wrap--45350be elementor-widget-wrap elementor-element-populated\">\n\t\t\t\t\t\t<div class=\"elementor-element elementor-element-2ce1655 elementor-widget elementor-widget-heading\" data-id=\"2ce1655\" data-element_type=\"widget\" data-e-type=\"widget\" data-widget_type=\"heading.default\">\n\t\t\t\t<div class=\"elementor-widget-container\">\n\t\t\t\t\t<h1 class=\"elementor-heading-title elementor-size-default\">Von Rainer<\/h1>\t\t\t\t<\/div>\n\t\t\t\t<\/div>\n\t\t\t\t\t<\/div>\n\t\t<\/div>\n\t\t\t\t<div class=\"elementor-column elementor-col-50 elementor-top-column elementor-element elementor-element-d047457\" data-id=\"d047457\" data-element_type=\"column\" data-e-type=\"column\">\n\t\t\t<div class=\"elementor-column-wrap--d047457 elementor-widget-wrap elementor-element-populated\">\n\t\t\t\t\t\t<div class=\"elementor-element elementor-element-6314af6 elementor-blockquote--skin-boxed elementor-widget elementor-widget-blockquote\" data-id=\"6314af6\" data-element_type=\"widget\" data-e-type=\"widget\" data-widget_type=\"blockquote.default\">\n\t\t\t\t<div class=\"elementor-widget-container\">\n\t\t\t\t\t\t\t<blockquote class=\"elementor-blockquote\">\n\t\t\t<p class=\"elementor-blockquote__content\">\n\t\t\t\t\u201eAus Bewegung wird Erlebnis \u2013 aus Reinschnuppern wird K\u00f6nnen \u2013 aus Aktiv sein wird Fit sein \u2013 aus Training wird Erfolg.\u201c\t\t\t<\/p>\n\t\t\t\t\t<\/blockquote>\n\t\t\t\t\t\t<\/div>\n\t\t\t\t<\/div>\n\t\t\t\t\t<\/div>\n\t\t<\/div>\n\t\t\t\t\t<\/div>\n\t\t<\/section>\n\t\t\t\t<section class=\"elementor-section elementor-top-section elementor-element elementor-element-b990665 rey-section-bg--classic elementor-section-boxed elementor-section-height-default elementor-section-height-default\" data-id=\"b990665\" data-element_type=\"section\" data-e-type=\"section\" data-settings=\"{&quot;background_background&quot;:&quot;classic&quot;}\">\n\t\t\t\t\t\t<div class=\"elementor-container elementor-column-gap-default\">\n\t\t\t\t\t<div class=\"elementor-column elementor-col-100 elementor-top-column elementor-element elementor-element-7291297\" data-id=\"7291297\" data-element_type=\"column\" data-e-type=\"column\">\n\t\t\t<div class=\"elementor-column-wrap--7291297 elementor-widget-wrap elementor-element-populated\">\n\t\t\t\t\t\t<div class=\"elementor-element elementor-element-3a3aa3e elementor-widget elementor-widget-video\" data-id=\"3a3aa3e\" data-element_type=\"widget\" data-e-type=\"widget\" data-settings=\"{&quot;video_type&quot;:&quot;vimeo&quot;,&quot;image_overlay&quot;:{&quot;url&quot;:&quot;https:\\\/\\\/www.verrocchio.institute\\\/wp-content\\\/uploads\\\/2021\\\/04\\\/Rainer-Deutsch.png&quot;,&quot;id&quot;:14314,&quot;size&quot;:&quot;&quot;},&quot;show_image_overlay&quot;:&quot;yes&quot;}\" data-widget_type=\"video.default\">\n\t\t\t\t<div class=\"elementor-widget-container\">\n\t\t\t\t\t<div class=\"elementor-wrapper\" data-borlabs-cookie-remove-container-on-unlocking> <div class=\"brlbs-cmpnt-container brlbs-cmpnt-content-blocker brlbs-cmpnt-with-individual-styles\" data-borlabs-cookie-content-blocker-id=\"vimeo-content-blocker\" data-borlabs-cookie-content=\"CQk8ZGl2IGNsYXNzPSJlbGVtZW50b3Itd3JhcHBlciBlbGVtZW50b3Itb3Blbi1pbmxpbmUiPgoJCQk8aWZyYW1lIGNsYXNzPSJlbGVtZW50b3ItdmlkZW8taWZyYW1lIiBhbGxvd2Z1bGxzY3JlZW4gYWxsb3c9ImNsaXBib2FyZC13cml0ZSIgdGl0bGU9InZpbWVvIFZpZGVvIFBsYXllciIgc3JjPSJodHRwczovL3BsYXllci52aW1lby5jb20vdmlkZW8vNTQyMjI4NDM4P2NvbG9yJmFtcDthdXRvcGF1c2U9MCZhbXA7bG9vcD0wJmFtcDttdXRlZD0wJmFtcDt0aXRsZT0wJmFtcDtwb3J0cmFpdD0wJmFtcDtieWxpbmU9MCN0PSI+PC9pZnJhbWU+CQkJCTxkaXYgY2xhc3M9ImVsZW1lbnRvci1jdXN0b20tZW1iZWQtaW1hZ2Utb3ZlcmxheSIgc3R5bGU9ImJhY2tncm91bmQtaW1hZ2U6IHVybChodHRwczovL3d3dy52ZXJyb2NjaGlvLmluc3RpdHV0ZS93cC1jb250ZW50L3VwbG9hZHMvMjAyMS8wNC9SYWluZXItRGV1dHNjaC5wbmcpOyI+CgkJCQkJCQkJCQkJCQkJCQk8ZGl2IGNsYXNzPSJlbGVtZW50b3ItY3VzdG9tLWVtYmVkLXBsYXkiIHJvbGU9ImJ1dHRvbiIgYXJpYS1sYWJlbD0iVmlkZW8gYWJzcGllbGVuIiB0YWJpbmRleD0iMCI+CgkJCQkJCQk8aSBhcmlhLWhpZGRlbj0idHJ1ZSIgY2xhc3M9ImVpY29uLXBsYXkiPjwvaT4JCQkJCQk8L2Rpdj4KCQkJCQkJCQkJPC9kaXY+CgkJCQkJPC9kaXY+CgkJPHNjcmlwdD4KKGZ1bmN0aW9uKCkgewogICAgbGV0IGQgPSBudWxsOwoKICAgIC8vIGlmIHdlIGFyZSBpbiBhIGxvb3AsIHdlIG5lZWQgdG8gc2VsZWN0IHRoZSBjb3JyZWN0IHZpZGVvIGVsZW1lbnQsIHNpbmNlIFdpZGdldCBJRCBvY2N1cnMgbXVsdGlwbGUgdGltZXMgb24gcGFnZQogICAgY29uc3QgZWxlbXNJbkxvb3AgPSBkb2N1bWVudC5xdWVyeVNlbGVjdG9yQWxsKCc6aXMoZGl2W2RhdGEtZWxlbWVudG9yLXR5cGU9Imxvb3AtaXRlbSJdLGRpdltkYXRhLWVsZW1lbnRvci10eXBlPSJqZXQtbGlzdGluZy1pdGVtcyJdKSBkaXYuZWxlbWVudG9yLWVsZW1lbnQtM2EzYWEzZScpOwogICAgaWYgKGVsZW1zSW5Mb29wLmxlbmd0aCA9PT0gMSkgewogICAgICAgIGQgPSBlbGVtc0luTG9vcFswXTsKICAgIH0gZWxzZSBpZiAoZWxlbXNJbkxvb3AubGVuZ3RoID4gMSkgewogICAgICAgIGlmICh0eXBlb2YgZG9jdW1lbnQuY3VycmVudFNjcmlwdCA9PT0gJ3VuZGVmaW5lZCcgfHwgZG9jdW1lbnQuY3VycmVudFNjcmlwdCA9PSBudWxsKSB7CiAgICAgICAgICAgIHJldHVybjsKICAgICAgICB9CiAgICAgICAgY29uc3QgdG1wVmlkZW9XaWRnZXQgPSBkb2N1bWVudC5jdXJyZW50U2NyaXB0LmNsb3Nlc3QoJ1tkYXRhLXdpZGdldF90eXBlPSJicmxic192aWRlby5kZWZhdWx0Il0nKTsKICAgICAgICBpZiAodG1wVmlkZW9XaWRnZXQpIHsKICAgICAgICAgICAgZCA9IHRtcFZpZGVvV2lkZ2V0OwogICAgICAgIH0KICAgIH0KCiAgICBpZiAoZCA9PSBudWxsKSB7CiAgICAgICAgY29uc3QgZWxlbXMgPSBkb2N1bWVudC5xdWVyeVNlbGVjdG9yQWxsKCdkaXYuZWxlbWVudG9yLWVsZW1lbnQtM2EzYWEzZScpOwogICAgICAgIGlmICghZWxlbXMpIHsKICAgICAgICAgICAgcmV0dXJuOwogICAgICAgIH0KICAgICAgICBpZiAoZWxlbXMubGVuZ3RoID09PSAxKSB7CiAgICAgICAgICAgIGQgPSBlbGVtc1swXTsKICAgICAgICB9IGVsc2UgaWYgKHR5cGVvZiBkb2N1bWVudC5jdXJyZW50U2NyaXB0ICE9PSAndW5kZWZpbmVkJyAmJiBkb2N1bWVudC5jdXJyZW50U2NyaXB0ICE9IG51bGwpIHsKICAgICAgICAgICAgY29uc3QgdG1wVmlkZW9XaWRnZXQgPSBkb2N1bWVudC5jdXJyZW50U2NyaXB0LmNsb3Nlc3QoJ1tkYXRhLXdpZGdldF90eXBlPSJ2aWRlby5kZWZhdWx0Il0nKTsKICAgICAgICAgICAgaWYgKHRtcFZpZGVvV2lkZ2V0KSB7CiAgICAgICAgICAgICAgICBkID0gdG1wVmlkZW9XaWRnZXQ7CiAgICAgICAgICAgIH0KICAgICAgICB9CiAgICB9CgogICAgaWYgKGQgPT0gbnVsbCkgewogICAgICAgIHJldHVybjsKICAgIH0KCiAgICBjb25zdCBpbnRlcnZhbCA9IHNldEludGVydmFsKCgpID0+IHsKICAgICAgICBpZiAodHlwZW9mIGVsZW1lbnRvckZyb250ZW5kICE9PSAndW5kZWZpbmVkJyAmJiB0eXBlb2YgZWxlbWVudG9yRnJvbnRlbmQuaG9va3MgIT09ICd1bmRlZmluZWQnKSB7CiAgICAgICAgICAgIGNsZWFySW50ZXJ2YWwoaW50ZXJ2YWwpOwogICAgICAgICAgICBlbGVtZW50b3JGcm9udGVuZC5ob29rcy5kb0FjdGlvbignZnJvbnRlbmQvZWxlbWVudF9yZWFkeS92aWRlby5kZWZhdWx0JywgalF1ZXJ5KGQpLCBqUXVlcnkpCiAgICAgICAgfQogICAgfSwgMzApCn0pKCk7Cjwvc2NyaXB0PjxzY3JpcHQ+CihmdW5jdGlvbiAoKSB7CiAgICBjb25zdCBwYXJlbnQgPSBkb2N1bWVudC5jdXJyZW50U2NyaXB0LnBhcmVudE5vZGU7CiAgICBjb25zdCBlbGVtID0gcGFyZW50LnF1ZXJ5U2VsZWN0b3IoJy5lbGVtZW50b3Itd3JhcHBlcicpOwogICAgaWYgKHBhcmVudC5oYXNBdHRyaWJ1dGUoJ2RhdGEtYm9ybGFicy1jb29raWUtcmVtb3ZlLWNvbnRhaW5lci1vbi11bmxvY2tpbmcnKSkgewogICAgICAgIHZhciB0b1JlbW92ZSA9IHBhcmVudDsKICAgICAgICB2YXIgcGFyZW50Tm9kZSA9IHBhcmVudC5wYXJlbnROb2RlOwogICAgICAgIHBhcmVudE5vZGUuaW5zZXJ0QmVmb3JlKGVsZW0sIHRvUmVtb3ZlKTsKICAgICAgICBwYXJlbnROb2RlLnJlbW92ZUNoaWxkKHRvUmVtb3ZlKTsKICAgIH0KfSkoKQo8L3NjcmlwdD4=\"><div class=\"brlbs-cmpnt-cb-preset-c brlbs-cmpnt-cb-vimeo\"> <div class=\"brlbs-cmpnt-cb-thumbnail\" style=\"background-image: url('https:\/\/www.verrocchio.institute\/wp-content\/uploads\/2021\/04\/Rainer-Deutsch.png')\"><\/div> <div class=\"brlbs-cmpnt-cb-main\"> <div class=\"brlbs-cmpnt-cb-play-button\"><\/div> <div class=\"brlbs-cmpnt-cb-content\"> <p class=\"brlbs-cmpnt-cb-description\">Sie sehen gerade einen Platzhalterinhalt von <strong>Vimeo<\/strong>. Um auf den eigentlichen Inhalt zuzugreifen, klicken Sie auf die Schaltfl\u00e4che unten. Bitte beachten Sie, dass dabei Daten an Drittanbieter weitergegeben werden.<\/p> <a class=\"brlbs-cmpnt-cb-provider-toggle\" href=\"#\" data-borlabs-cookie-show-provider-information role=\"button\">Mehr Informationen<\/a> <\/div> <div class=\"brlbs-cmpnt-cb-buttons\"> <a class=\"brlbs-cmpnt-cb-btn\" href=\"#\" data-borlabs-cookie-unblock role=\"button\">Inhalt entsperren<\/a> <a class=\"brlbs-cmpnt-cb-btn\" href=\"#\" data-borlabs-cookie-accept-service role=\"button\" style=\"display: inherit\">Erforderlichen Service akzeptieren und Inhalte entsperren<\/a> <\/div> <\/div> <\/div><\/div><\/div>\t\t\t\t<\/div>\n\t\t\t\t<\/div>\n\t\t\t\t\t<\/div>\n\t\t<\/div>\n\t\t\t\t\t<\/div>\n\t\t<\/section>\n\t\t\t\t<section class=\"elementor-section elementor-top-section elementor-element elementor-element-7574ec2 rey-section-bg--classic elementor-section-content-top elementor-section-boxed elementor-section-height-default elementor-section-height-default\" data-id=\"7574ec2\" data-element_type=\"section\" data-e-type=\"section\" data-settings=\"{&quot;background_background&quot;:&quot;classic&quot;}\">\n\t\t\t\t\t\t<div class=\"elementor-container elementor-column-gap-default\">\n\t\t\t\t\t<div class=\"elementor-column elementor-col-50 elementor-top-column elementor-element elementor-element-18abdd52\" data-id=\"18abdd52\" data-element_type=\"column\" data-e-type=\"column\">\n\t\t\t<div class=\"elementor-column-wrap--18abdd52 elementor-widget-wrap elementor-element-populated\">\n\t\t\t\t\t\t<div class=\"elementor-element elementor-element-4647b6f9 elementor-widget elementor-widget-heading\" data-id=\"4647b6f9\" data-element_type=\"widget\" data-e-type=\"widget\" data-widget_type=\"heading.default\">\n\t\t\t\t<div class=\"elementor-widget-container\">\n\t\t\t\t\t<h2 class=\"elementor-heading-title elementor-size-default\">Wissenswert<\/h2>\t\t\t\t<\/div>\n\t\t\t\t<\/div>\n\t\t\t\t\t<\/div>\n\t\t<\/div>\n\t\t\t\t<div class=\"elementor-column elementor-col-50 elementor-top-column elementor-element elementor-element-47fc9a71\" data-id=\"47fc9a71\" data-element_type=\"column\" data-e-type=\"column\">\n\t\t\t<div class=\"elementor-column-wrap--47fc9a71 elementor-widget-wrap elementor-element-populated\">\n\t\t\t\t\t\t<div class=\"elementor-element elementor-element-22ab325c elementor-widget elementor-widget-text-editor\" data-id=\"22ab325c\" data-element_type=\"widget\" data-e-type=\"widget\" data-widget_type=\"text-editor.default\">\n\t\t\t\t<div class=\"elementor-widget-container\">\n\t\t\t\t\t\t\t\t\t<p>Rainer Kiefer ist Master of International Studies in Sport Sciences und als Mitglied in der Arbeitsgemeinschaft f\u00fcr Sportpsychologie in der Bundesrepublik Deutschland (ASP e.V.) Sportpsychologischer Berater am Olympiast\u00fctzpunkt Freiburg.<\/p><p>Zu seinen ganz speziellen Referenzen geh\u00f6ren die SBW Biathlon Bundeskader, Athleten der Nordischen Kombination, Tauziehen Nationalmannschaft, Ringen Bundeskader Athleten und die Damen Curling Nationalmannschaft. Er ist DSV Skilehrer &amp; DSV A-Trainer Leistungssport Ski-Nordisch und hat die Leitung des Lehrteams Skilanglauf im Skiverband Schwarzwald.<\/p><p>Dazu ist er Dozent der Universit\u00e4t Konstanz f\u00fcr Bergsport und am Karlsruher Institut f\u00fcr Technologie Dozent f\u00fcr Sportpsychologie.<\/p><p>Beim Deutschen Behindertensportverband leitet er das Projekt zur Rahmentrainingsplankonzeption Nordisch.<\/p><p>Seine tiefe Erfahrung als Erlebnisp\u00e4dagoge, Referent und Workshop Leiter zieht er aus mehr als 10 Jahren mit vielen hundert Trainings mit Gruppen und Teams.<\/p>\t\t\t\t\t\t\t\t<\/div>\n\t\t\t\t<\/div>\n\t\t\t\t\t<\/div>\n\t\t<\/div>\n\t\t\t\t\t<\/div>\n\t\t<\/section>\n\t\t\t\t<section class=\"elementor-section elementor-top-section elementor-element elementor-element-1cbf407e rey-section-bg--classic elementor-section-boxed elementor-section-height-default elementor-section-height-default\" data-id=\"1cbf407e\" data-element_type=\"section\" data-e-type=\"section\" data-settings=\"{&quot;background_background&quot;:&quot;classic&quot;}\">\n\t\t\t\t\t\t<div class=\"elementor-container elementor-column-gap-default\">\n\t\t\t\t\t<div class=\"elementor-column elementor-col-33 elementor-top-column elementor-element elementor-element-383155e2\" data-id=\"383155e2\" data-element_type=\"column\" data-e-type=\"column\">\n\t\t\t<div class=\"elementor-column-wrap--383155e2 elementor-widget-wrap elementor-element-populated\">\n\t\t\t\t\t\t<div class=\"elementor-element elementor-element-77704016 elementor-widget elementor-widget-heading\" data-id=\"77704016\" data-element_type=\"widget\" data-e-type=\"widget\" data-widget_type=\"heading.default\">\n\t\t\t\t<div class=\"elementor-widget-container\">\n\t\t\t\t\t<h2 class=\"elementor-heading-title elementor-size-default\">Sein Beitrag als verrocchio Fellow<\/h2>\t\t\t\t<\/div>\n\t\t\t\t<\/div>\n\t\t\t\t<div class=\"elementor-element elementor-element-22eb3e47 elementor-widget elementor-widget-image\" data-id=\"22eb3e47\" data-element_type=\"widget\" data-e-type=\"widget\" data-widget_type=\"image.default\">\n\t\t\t\t<div class=\"elementor-widget-container\">\n\t\t\t\t\t\t\t\t\t\t\t\t\t\t\t<img fetchpriority=\"high\" decoding=\"async\" width=\"300\" height=\"218\" src=\"https:\/\/www.verrocchio.institute\/wp-content\/uploads\/2021\/04\/Rainer-Kiefer-Portrait-300x218.jpg\" class=\"attachment-medium size-medium wp-image-14274\" alt=\"\" srcset=\"https:\/\/www.verrocchio.institute\/wp-content\/uploads\/2021\/04\/Rainer-Kiefer-Portrait-300x218.jpg 300w, https:\/\/www.verrocchio.institute\/wp-content\/uploads\/2021\/04\/Rainer-Kiefer-Portrait.jpg 508w\" sizes=\"(max-width: 300px) 100vw, 300px\" \/>\t\t\t\t\t\t\t\t\t\t\t\t\t\t\t<\/div>\n\t\t\t\t<\/div>\n\t\t\t\t\t<\/div>\n\t\t<\/div>\n\t\t\t\t<div class=\"elementor-column elementor-col-66 elementor-top-column elementor-element elementor-element-6adbb7a1\" data-id=\"6adbb7a1\" data-element_type=\"column\" data-e-type=\"column\">\n\t\t\t<div class=\"elementor-column-wrap--6adbb7a1 elementor-widget-wrap elementor-element-populated\">\n\t\t\t\t\t\t<div class=\"elementor-element elementor-element-168b9dcc elementor-widget elementor-widget-text-editor\" data-id=\"168b9dcc\" data-element_type=\"widget\" data-e-type=\"widget\" data-widget_type=\"text-editor.default\">\n\t\t\t\t<div class=\"elementor-widget-container\">\n\t\t\t\t\t\t\t\t\t<p>Das verrocchio Institute entwickelte gemeinsam mit Rainer Kiefer das \u201eProfessional Athlete Training f\u00fcr Innovationteams\u201c&nbsp;&#8211; kurz PATI.<\/p>\n<p>Nachdem Innovationsexperte Benno van Aerssen ein Biathlontraining bei Sportpsychologe Rainer Kiefer absolviert hatte und wenig sp\u00e4ter Rainer Kiefer die Ausbildung zum Innovationscoach beim verrocchio Institute startete, war beiden eins klar \u2013 \u201eWir wussten augenblicklich, warum so viele Innovations- bzw. Design Thinking-Teams nur sporadische, aber keine nachhaltigen Innovationserfolge oder gar Leistungssteigerungen zu verzeichnen hatten.\u201c<\/p>\n<p>Das PATI kombiniert nun zielf\u00fchrend Prinzipien, Methoden und \u00dcbungen aus dem Leistungssport in die Innovationsarbeit, f\u00fcr eine langfristig steigende Innovationsf\u00e4higkeit.<\/p>\t\t\t\t\t\t\t\t<\/div>\n\t\t\t\t<\/div>\n\t\t\t\t<div class=\"elementor-element elementor-element-d3710f9 elementor-widget__width-auto elementor-align-center --il--stretch elementor-widget elementor-widget-button\" data-id=\"d3710f9\" data-element_type=\"widget\" data-e-type=\"widget\" data-widget_type=\"button.default\">\n\t\t\t\t<div class=\"elementor-widget-container\">\n\t\t\t\t\t\t\t\t\t<div class=\"elementor-button-wrapper\">\n\t\t\t\t\t<a class=\"elementor-button elementor-button-link elementor-size-sm\" href=\"https:\/\/www.verrocchio.institute\/de\/coaching\/pati-intensivtraining\/\" target=\"_blank\">\n\t\t\t\t\t\t<span class=\"elementor-button-content-wrapper\">\n\t\t\t\t\t\t\t\t\t<span class=\"elementor-button-text\">Mehr zum \"PATI\"<\/span>\n\t\t\t\t\t<\/span>\n\t\t\t\t\t<\/a>\n\t\t\t\t<\/div>\n\t\t\t\t\t\t\t\t<\/div>\n\t\t\t\t<\/div>\n\t\t\t\t\t<\/div>\n\t\t<\/div>\n\t\t\t\t\t<\/div>\n\t\t<\/section>\n\t\t\t\t<\/div>\n\t\t","protected":false},"excerpt":{"rendered":"<p>Rainer Kiefer verrocchio Fellow &#8211; Sportwissenschaftler und Sportpsychologe mit Innovationswissen Von Rainer \u201eAus Bewegung wird Erlebnis \u2013 aus Reinschnuppern wird K\u00f6nnen \u2013 aus Aktiv sein wird Fit sein \u2013 aus Training wird Erfolg.\u201c Sie sehen gerade einen Platzhalterinhalt von Vimeo. Um auf den eigentlichen Inhalt zuzugreifen, klicken Sie auf die Schaltfl\u00e4che unten. Bitte beachten Sie, [&hellip;]<\/p>\n","protected":false},"author":3,"featured_media":0,"parent":1556,"menu_order":0,"comment_status":"closed","ping_status":"closed","template":"template-builder-stretch.php","meta":{"_acf_changed":false,"footnotes":""},"class_list":["post-1643","page","type-page","status-publish","hentry"],"acf":[],"_links":{"self":[{"href":"https:\/\/www.verrocchio.institute\/de\/wp-json\/wp\/v2\/pages\/1643","targetHints":{"allow":["GET"]}}],"collection":[{"href":"https:\/\/www.verrocchio.institute\/de\/wp-json\/wp\/v2\/pages"}],"about":[{"href":"https:\/\/www.verrocchio.institute\/de\/wp-json\/wp\/v2\/types\/page"}],"author":[{"embeddable":true,"href":"https:\/\/www.verrocchio.institute\/de\/wp-json\/wp\/v2\/users\/3"}],"replies":[{"embeddable":true,"href":"https:\/\/www.verrocchio.institute\/de\/wp-json\/wp\/v2\/comments?post=1643"}],"version-history":[{"count":100,"href":"https:\/\/www.verrocchio.institute\/de\/wp-json\/wp\/v2\/pages\/1643\/revisions"}],"predecessor-version":[{"id":15923,"href":"https:\/\/www.verrocchio.institute\/de\/wp-json\/wp\/v2\/pages\/1643\/revisions\/15923"}],"up":[{"embeddable":true,"href":"https:\/\/www.verrocchio.institute\/de\/wp-json\/wp\/v2\/pages\/1556"}],"wp:attachment":[{"href":"https:\/\/www.verrocchio.institute\/de\/wp-json\/wp\/v2\/media?parent=1643"}],"curies":[{"name":"wp","href":"https:\/\/api.w.org\/{rel}","templated":true}]}}