{"id":1657,"date":"2020-10-06T07:20:43","date_gmt":"2020-10-06T07:20:43","guid":{"rendered":"https:\/\/www.verrocchio.institute\/?page_id=1657"},"modified":"2021-08-16T17:49:31","modified_gmt":"2021-08-16T17:49:31","slug":"verrocchio-fellow-armin-schobloch","status":"publish","type":"page","link":"https:\/\/www.verrocchio.institute\/de\/about-us\/fellows\/verrocchio-fellow-armin-schobloch\/","title":{"rendered":"verrocchio Fellow: Armin Schobloch"},"content":{"rendered":"\t\t<div data-elementor-type=\"wp-page\" data-elementor-id=\"1657\" class=\"elementor elementor-1657\" data-elementor-post-type=\"page\">\n\t\t\t\t\t\t<section class=\"elementor-section elementor-top-section elementor-element elementor-element-3c287bc6 rey-section-stretched elementor-section-height-min-height rey-section-bg--classic elementor-section-boxed elementor-section-height-default elementor-section-items-middle\" data-id=\"3c287bc6\" data-element_type=\"section\" data-e-type=\"section\" data-settings=\"{&quot;background_background&quot;:&quot;classic&quot;}\">\n\t\t\t\t\t\t\t<div class=\"elementor-background-overlay\"><\/div>\n\t\t\t\t\t\t\t<div class=\"elementor-container elementor-column-gap-default\">\n\t\t\t\t\t<div class=\"elementor-column elementor-col-100 elementor-top-column elementor-element elementor-element-57ecd51f\" data-id=\"57ecd51f\" data-element_type=\"column\" data-e-type=\"column\">\n\t\t\t<div class=\"elementor-column-wrap--57ecd51f elementor-widget-wrap elementor-element-populated\">\n\t\t\t\t\t\t<div class=\"elementor-element elementor-element-3ba72ca1 elementor-widget elementor-widget-heading\" data-id=\"3ba72ca1\" data-element_type=\"widget\" data-e-type=\"widget\" data-widget_type=\"heading.default\">\n\t\t\t\t<div class=\"elementor-widget-container\">\n\t\t\t\t\t<h1 class=\"elementor-heading-title elementor-size-default\">Armin Schobloch<\/h1>\t\t\t\t<\/div>\n\t\t\t\t<\/div>\n\t\t\t\t<div class=\"elementor-element elementor-element-7194df4c u-last-p-margin elementor-widget elementor-widget-text-editor\" data-id=\"7194df4c\" data-element_type=\"widget\" data-e-type=\"widget\" data-widget_type=\"text-editor.default\">\n\t\t\t\t<div class=\"elementor-widget-container\">\n\t\t\t\t\t\t\t\t\t<p>verrocchio Fellow &#8211; Innovationsberater und Volljurist<\/p>\t\t\t\t\t\t\t\t<\/div>\n\t\t\t\t<\/div>\n\t\t\t\t\t<\/div>\n\t\t<\/div>\n\t\t\t\t\t<\/div>\n\t\t<\/section>\n\t\t\t\t<section class=\"elementor-section elementor-top-section elementor-element elementor-element-1a9af35b elementor-section-boxed elementor-section-height-default elementor-section-height-default\" data-id=\"1a9af35b\" data-element_type=\"section\" data-e-type=\"section\">\n\t\t\t\t\t\t<div class=\"elementor-container elementor-column-gap-default\">\n\t\t\t\t\t<div class=\"elementor-column elementor-col-100 elementor-top-column elementor-element elementor-element-37966d9b\" data-id=\"37966d9b\" data-element_type=\"column\" data-e-type=\"column\">\n\t\t\t<div class=\"elementor-column-wrap--37966d9b elementor-widget-wrap elementor-element-populated\">\n\t\t\t\t\t\t<div class=\"elementor-element elementor-element-6be0366 elementor-widget elementor-widget-image\" data-id=\"6be0366\" data-element_type=\"widget\" data-e-type=\"widget\" data-widget_type=\"image.default\">\n\t\t\t\t<div class=\"elementor-widget-container\">\n\t\t\t\t\t\t\t\t\t\t\t\t\t\t\t\t<a href=\"#more\">\n\t\t\t\t\t\t\t<img decoding=\"async\" src=\"https:\/\/www.verrocchio.institute\/wp-content\/uploads\/2020\/11\/down.svg\" class=\"attachment-full size-full wp-image-2724\" alt=\"\" \/>\t\t\t\t\t\t\t\t<\/a>\n\t\t\t\t\t\t\t\t\t\t\t\t\t\t\t<\/div>\n\t\t\t\t<\/div>\n\t\t\t\t\t<\/div>\n\t\t<\/div>\n\t\t\t\t\t<\/div>\n\t\t<\/section>\n\t\t\t\t<section class=\"elementor-section elementor-top-section elementor-element elementor-element-3199d6af rey-section-stretched elementor-section-boxed elementor-section-height-default elementor-section-height-default\" data-id=\"3199d6af\" data-element_type=\"section\" data-e-type=\"section\" id=\"more\">\n\t\t\t\t\t\t<div class=\"elementor-container elementor-column-gap-default\">\n\t\t\t\t\t<div class=\"elementor-column elementor-col-50 elementor-top-column elementor-element elementor-element-23b18b7\" data-id=\"23b18b7\" data-element_type=\"column\" data-e-type=\"column\">\n\t\t\t<div class=\"elementor-column-wrap--23b18b7 elementor-widget-wrap elementor-element-populated\">\n\t\t\t\t\t\t<div class=\"elementor-element elementor-element-3289154d elementor-widget elementor-widget-heading\" data-id=\"3289154d\" data-element_type=\"widget\" data-e-type=\"widget\" data-widget_type=\"heading.default\">\n\t\t\t\t<div class=\"elementor-widget-container\">\n\t\t\t\t\t<h1 class=\"elementor-heading-title elementor-size-default\">\u00dcber Armin<\/h1>\t\t\t\t<\/div>\n\t\t\t\t<\/div>\n\t\t\t\t\t<\/div>\n\t\t<\/div>\n\t\t\t\t<div class=\"elementor-column elementor-col-50 elementor-top-column elementor-element elementor-element-24780a10\" data-id=\"24780a10\" data-element_type=\"column\" data-e-type=\"column\">\n\t\t\t<div class=\"elementor-column-wrap--24780a10 elementor-widget-wrap elementor-element-populated\">\n\t\t\t\t\t\t<div class=\"elementor-element elementor-element-124f9ab9 elementor-widget elementor-widget-text-editor\" data-id=\"124f9ab9\" data-element_type=\"widget\" data-e-type=\"widget\" data-widget_type=\"text-editor.default\">\n\t\t\t\t<div class=\"elementor-widget-container\">\n\t\t\t\t\t\t\t\t\t<p>Der studierte Jurist Armin Schobloch hat sich (fast) immer mit Ideen und neuen Produkten besch\u00e4ftigt.<\/p><p>Ob es um das Urheberrecht und die rechtliche Bewertung von Neugeschaffenem ging, das Kennenlernen von neuen Menschen und Kulturen rund um den Globus oder die Entwicklung von neuartigen Produkten\u2026 \u201eNeu\u201c und \u201eInnovation\u201c sind Teil seiner DNA.<\/p>\t\t\t\t\t\t\t\t<\/div>\n\t\t\t\t<\/div>\n\t\t\t\t\t<\/div>\n\t\t<\/div>\n\t\t\t\t\t<\/div>\n\t\t<\/section>\n\t\t\t\t<section class=\"elementor-section elementor-top-section elementor-element elementor-element-adb4e70 rey-section-bg--classic elementor-section-boxed elementor-section-height-default elementor-section-height-default\" data-id=\"adb4e70\" data-element_type=\"section\" data-e-type=\"section\" data-settings=\"{&quot;background_background&quot;:&quot;classic&quot;}\">\n\t\t\t\t\t\t<div class=\"elementor-container elementor-column-gap-default\">\n\t\t\t\t\t<div class=\"elementor-column elementor-col-100 elementor-top-column elementor-element elementor-element-8f8b6cb\" data-id=\"8f8b6cb\" data-element_type=\"column\" data-e-type=\"column\">\n\t\t\t<div class=\"elementor-column-wrap--8f8b6cb elementor-widget-wrap elementor-element-populated\">\n\t\t\t\t\t\t<div class=\"elementor-element elementor-element-c65a33c elementor-widget elementor-widget-video\" data-id=\"c65a33c\" data-element_type=\"widget\" data-e-type=\"widget\" data-settings=\"{&quot;video_type&quot;:&quot;vimeo&quot;,&quot;image_overlay&quot;:{&quot;url&quot;:&quot;https:\\\/\\\/www.verrocchio.institute\\\/wp-content\\\/uploads\\\/2021\\\/03\\\/Thumbnails-Fellows9.png&quot;,&quot;id&quot;:13771,&quot;size&quot;:&quot;&quot;},&quot;show_image_overlay&quot;:&quot;yes&quot;}\" data-widget_type=\"video.default\">\n\t\t\t\t<div class=\"elementor-widget-container\">\n\t\t\t\t\t<div class=\"elementor-wrapper\" data-borlabs-cookie-remove-container-on-unlocking> <div class=\"brlbs-cmpnt-container brlbs-cmpnt-content-blocker brlbs-cmpnt-with-individual-styles\" data-borlabs-cookie-content-blocker-id=\"vimeo-content-blocker\" data-borlabs-cookie-content=\"CQk8ZGl2IGNsYXNzPSJlbGVtZW50b3Itd3JhcHBlciBlbGVtZW50b3Itb3Blbi1pbmxpbmUiPgoJCQk8aWZyYW1lIGNsYXNzPSJlbGVtZW50b3ItdmlkZW8taWZyYW1lIiBhbGxvd2Z1bGxzY3JlZW4gYWxsb3c9ImNsaXBib2FyZC13cml0ZSIgdGl0bGU9InZpbWVvIFZpZGVvIFBsYXllciIgc3JjPSJodHRwczovL3BsYXllci52aW1lby5jb20vdmlkZW8vNTI1NDgwOTc5P2NvbG9yJmFtcDthdXRvcGF1c2U9MCZhbXA7bG9vcD0wJmFtcDttdXRlZD0wJmFtcDt0aXRsZT0wJmFtcDtwb3J0cmFpdD0wJmFtcDtieWxpbmU9MCN0PSI+PC9pZnJhbWU+CQkJCTxkaXYgY2xhc3M9ImVsZW1lbnRvci1jdXN0b20tZW1iZWQtaW1hZ2Utb3ZlcmxheSIgc3R5bGU9ImJhY2tncm91bmQtaW1hZ2U6IHVybChodHRwczovL3d3dy52ZXJyb2NjaGlvLmluc3RpdHV0ZS93cC1jb250ZW50L3VwbG9hZHMvMjAyMS8wMy9UaHVtYm5haWxzLUZlbGxvd3M5LnBuZyk7Ij4KCQkJCQkJCQkJCQkJCQkJCTxkaXYgY2xhc3M9ImVsZW1lbnRvci1jdXN0b20tZW1iZWQtcGxheSIgcm9sZT0iYnV0dG9uIiBhcmlhLWxhYmVsPSJWaWRlbyBhYnNwaWVsZW4iIHRhYmluZGV4PSIwIj4KCQkJCQkJCTxpIGFyaWEtaGlkZGVuPSJ0cnVlIiBjbGFzcz0iZWljb24tcGxheSI+PC9pPgkJCQkJCTwvZGl2PgoJCQkJCQkJCQk8L2Rpdj4KCQkJCQk8L2Rpdj4KCQk8c2NyaXB0PgooZnVuY3Rpb24oKSB7CiAgICBsZXQgZCA9IG51bGw7CgogICAgLy8gaWYgd2UgYXJlIGluIGEgbG9vcCwgd2UgbmVlZCB0byBzZWxlY3QgdGhlIGNvcnJlY3QgdmlkZW8gZWxlbWVudCwgc2luY2UgV2lkZ2V0IElEIG9jY3VycyBtdWx0aXBsZSB0aW1lcyBvbiBwYWdlCiAgICBjb25zdCBlbGVtc0luTG9vcCA9IGRvY3VtZW50LnF1ZXJ5U2VsZWN0b3JBbGwoJzppcyhkaXZbZGF0YS1lbGVtZW50b3ItdHlwZT0ibG9vcC1pdGVtIl0sZGl2W2RhdGEtZWxlbWVudG9yLXR5cGU9ImpldC1saXN0aW5nLWl0ZW1zIl0pIGRpdi5lbGVtZW50b3ItZWxlbWVudC1jNjVhMzNjJyk7CiAgICBpZiAoZWxlbXNJbkxvb3AubGVuZ3RoID09PSAxKSB7CiAgICAgICAgZCA9IGVsZW1zSW5Mb29wWzBdOwogICAgfSBlbHNlIGlmIChlbGVtc0luTG9vcC5sZW5ndGggPiAxKSB7CiAgICAgICAgaWYgKHR5cGVvZiBkb2N1bWVudC5jdXJyZW50U2NyaXB0ID09PSAndW5kZWZpbmVkJyB8fCBkb2N1bWVudC5jdXJyZW50U2NyaXB0ID09IG51bGwpIHsKICAgICAgICAgICAgcmV0dXJuOwogICAgICAgIH0KICAgICAgICBjb25zdCB0bXBWaWRlb1dpZGdldCA9IGRvY3VtZW50LmN1cnJlbnRTY3JpcHQuY2xvc2VzdCgnW2RhdGEtd2lkZ2V0X3R5cGU9ImJybGJzX3ZpZGVvLmRlZmF1bHQiXScpOwogICAgICAgIGlmICh0bXBWaWRlb1dpZGdldCkgewogICAgICAgICAgICBkID0gdG1wVmlkZW9XaWRnZXQ7CiAgICAgICAgfQogICAgfQoKICAgIGlmIChkID09IG51bGwpIHsKICAgICAgICBjb25zdCBlbGVtcyA9IGRvY3VtZW50LnF1ZXJ5U2VsZWN0b3JBbGwoJ2Rpdi5lbGVtZW50b3ItZWxlbWVudC1jNjVhMzNjJyk7CiAgICAgICAgaWYgKCFlbGVtcykgewogICAgICAgICAgICByZXR1cm47CiAgICAgICAgfQogICAgICAgIGlmIChlbGVtcy5sZW5ndGggPT09IDEpIHsKICAgICAgICAgICAgZCA9IGVsZW1zWzBdOwogICAgICAgIH0gZWxzZSBpZiAodHlwZW9mIGRvY3VtZW50LmN1cnJlbnRTY3JpcHQgIT09ICd1bmRlZmluZWQnICYmIGRvY3VtZW50LmN1cnJlbnRTY3JpcHQgIT0gbnVsbCkgewogICAgICAgICAgICBjb25zdCB0bXBWaWRlb1dpZGdldCA9IGRvY3VtZW50LmN1cnJlbnRTY3JpcHQuY2xvc2VzdCgnW2RhdGEtd2lkZ2V0X3R5cGU9InZpZGVvLmRlZmF1bHQiXScpOwogICAgICAgICAgICBpZiAodG1wVmlkZW9XaWRnZXQpIHsKICAgICAgICAgICAgICAgIGQgPSB0bXBWaWRlb1dpZGdldDsKICAgICAgICAgICAgfQogICAgICAgIH0KICAgIH0KCiAgICBpZiAoZCA9PSBudWxsKSB7CiAgICAgICAgcmV0dXJuOwogICAgfQoKICAgIGNvbnN0IGludGVydmFsID0gc2V0SW50ZXJ2YWwoKCkgPT4gewogICAgICAgIGlmICh0eXBlb2YgZWxlbWVudG9yRnJvbnRlbmQgIT09ICd1bmRlZmluZWQnICYmIHR5cGVvZiBlbGVtZW50b3JGcm9udGVuZC5ob29rcyAhPT0gJ3VuZGVmaW5lZCcpIHsKICAgICAgICAgICAgY2xlYXJJbnRlcnZhbChpbnRlcnZhbCk7CiAgICAgICAgICAgIGVsZW1lbnRvckZyb250ZW5kLmhvb2tzLmRvQWN0aW9uKCdmcm9udGVuZC9lbGVtZW50X3JlYWR5L3ZpZGVvLmRlZmF1bHQnLCBqUXVlcnkoZCksIGpRdWVyeSkKICAgICAgICB9CiAgICB9LCAzMCkKfSkoKTsKPC9zY3JpcHQ+PHNjcmlwdD4KKGZ1bmN0aW9uICgpIHsKICAgIGNvbnN0IHBhcmVudCA9IGRvY3VtZW50LmN1cnJlbnRTY3JpcHQucGFyZW50Tm9kZTsKICAgIGNvbnN0IGVsZW0gPSBwYXJlbnQucXVlcnlTZWxlY3RvcignLmVsZW1lbnRvci13cmFwcGVyJyk7CiAgICBpZiAocGFyZW50Lmhhc0F0dHJpYnV0ZSgnZGF0YS1ib3JsYWJzLWNvb2tpZS1yZW1vdmUtY29udGFpbmVyLW9uLXVubG9ja2luZycpKSB7CiAgICAgICAgdmFyIHRvUmVtb3ZlID0gcGFyZW50OwogICAgICAgIHZhciBwYXJlbnROb2RlID0gcGFyZW50LnBhcmVudE5vZGU7CiAgICAgICAgcGFyZW50Tm9kZS5pbnNlcnRCZWZvcmUoZWxlbSwgdG9SZW1vdmUpOwogICAgICAgIHBhcmVudE5vZGUucmVtb3ZlQ2hpbGQodG9SZW1vdmUpOwogICAgfQp9KSgpCjwvc2NyaXB0Pg==\"><div class=\"brlbs-cmpnt-cb-preset-c brlbs-cmpnt-cb-vimeo\"> <div class=\"brlbs-cmpnt-cb-thumbnail\" style=\"background-image: url('https:\/\/www.verrocchio.institute\/wp-content\/uploads\/2021\/03\/Thumbnails-Fellows9.png')\"><\/div> <div class=\"brlbs-cmpnt-cb-main\"> <div class=\"brlbs-cmpnt-cb-play-button\"><\/div> <div class=\"brlbs-cmpnt-cb-content\"> <p class=\"brlbs-cmpnt-cb-description\">Sie sehen gerade einen Platzhalterinhalt von <strong>Vimeo<\/strong>. Um auf den eigentlichen Inhalt zuzugreifen, klicken Sie auf die Schaltfl\u00e4che unten. Bitte beachten Sie, dass dabei Daten an Drittanbieter weitergegeben werden.<\/p> <a class=\"brlbs-cmpnt-cb-provider-toggle\" href=\"#\" data-borlabs-cookie-show-provider-information role=\"button\">Mehr Informationen<\/a> <\/div> <div class=\"brlbs-cmpnt-cb-buttons\"> <a class=\"brlbs-cmpnt-cb-btn\" href=\"#\" data-borlabs-cookie-unblock role=\"button\">Inhalt entsperren<\/a> <a class=\"brlbs-cmpnt-cb-btn\" href=\"#\" data-borlabs-cookie-accept-service role=\"button\" style=\"display: inherit\">Erforderlichen Service akzeptieren und Inhalte entsperren<\/a> <\/div> <\/div> <\/div><\/div><\/div>\t\t\t\t<\/div>\n\t\t\t\t<\/div>\n\t\t\t\t\t<\/div>\n\t\t<\/div>\n\t\t\t\t\t<\/div>\n\t\t<\/section>\n\t\t\t\t<section class=\"elementor-section elementor-top-section elementor-element elementor-element-264da50b rey-section-bg--classic elementor-section-content-top elementor-section-boxed elementor-section-height-default elementor-section-height-default\" data-id=\"264da50b\" data-element_type=\"section\" data-e-type=\"section\" data-settings=\"{&quot;background_background&quot;:&quot;classic&quot;}\">\n\t\t\t\t\t\t<div class=\"elementor-container elementor-column-gap-default\">\n\t\t\t\t\t<div class=\"elementor-column elementor-col-50 elementor-top-column elementor-element elementor-element-19ef5a29\" data-id=\"19ef5a29\" data-element_type=\"column\" data-e-type=\"column\">\n\t\t\t<div class=\"elementor-column-wrap--19ef5a29 elementor-widget-wrap elementor-element-populated\">\n\t\t\t\t\t\t<div class=\"elementor-element elementor-element-25e94fca elementor-widget elementor-widget-heading\" data-id=\"25e94fca\" data-element_type=\"widget\" data-e-type=\"widget\" data-widget_type=\"heading.default\">\n\t\t\t\t<div class=\"elementor-widget-container\">\n\t\t\t\t\t<h2 class=\"elementor-heading-title elementor-size-default\">Wissenswert<\/h2>\t\t\t\t<\/div>\n\t\t\t\t<\/div>\n\t\t\t\t\t<\/div>\n\t\t<\/div>\n\t\t\t\t<div class=\"elementor-column elementor-col-50 elementor-top-column elementor-element elementor-element-57565cef\" data-id=\"57565cef\" data-element_type=\"column\" data-e-type=\"column\">\n\t\t\t<div class=\"elementor-column-wrap--57565cef elementor-widget-wrap elementor-element-populated\">\n\t\t\t\t\t\t<div class=\"elementor-element elementor-element-e107cba elementor-widget elementor-widget-text-editor\" data-id=\"e107cba\" data-element_type=\"widget\" data-e-type=\"widget\" data-widget_type=\"text-editor.default\">\n\t\t\t\t<div class=\"elementor-widget-container\">\n\t\t\t\t\t\t\t\t\t<p>Er hat an dem internationalen Kulturprogamm Up With People teilgenommen und dort die Kraft der Interdisziplinarit\u00e4t und der Verbindung von unterschiedlichen Kulturen erfahren.<\/p><p>Zahlreiche Ausfl\u00fcge in die Welt des Theaters haben ihn gelehrt, wie man als Team gemeinsam au\u00dfergew\u00f6hnliche Dinge erreicht. Er verf\u00fcgt \u00fcber eine \u00fcber 13-j\u00e4hrige Erfahrung als Produkt- und Businessentwickler. Er wei\u00df, worauf es ankommt, um erfolgreiche Innovationen zu etablieren, welche H\u00fcrden und Blockaden pures Gift f\u00fcr Innovationen sind und warum eine Innovationskultur so wichtig ist f\u00fcr ein nachhaltiges Arbeiten an Innovationen.<\/p><p>Besonders wichtig ist ihm, den Kunden immer im Blick zu haben und, wenn m\u00f6glich, mit diesem das Produkt in die Welt zu bringen. Als IdeenEnabler und Berater bei Innovationsprojekten hilft er Unternehmen, alle Aspekte zu ber\u00fccksichtigen und die Hindernisse aus dem Weg zum Erfolg zu r\u00e4umen.<\/p>\t\t\t\t\t\t\t\t<\/div>\n\t\t\t\t<\/div>\n\t\t\t\t\t<\/div>\n\t\t<\/div>\n\t\t\t\t\t<\/div>\n\t\t<\/section>\n\t\t\t\t<section class=\"elementor-section elementor-top-section elementor-element elementor-element-17aa604f rey-section-bg--classic elementor-section-boxed elementor-section-height-default elementor-section-height-default\" data-id=\"17aa604f\" data-element_type=\"section\" data-e-type=\"section\" data-settings=\"{&quot;background_background&quot;:&quot;classic&quot;}\">\n\t\t\t\t\t\t<div class=\"elementor-container elementor-column-gap-default\">\n\t\t\t\t\t<div class=\"elementor-column elementor-col-33 elementor-top-column elementor-element elementor-element-4ee0aeec\" data-id=\"4ee0aeec\" data-element_type=\"column\" data-e-type=\"column\">\n\t\t\t<div class=\"elementor-column-wrap--4ee0aeec elementor-widget-wrap elementor-element-populated\">\n\t\t\t\t\t\t<div class=\"elementor-element elementor-element-23cfaa19 elementor-widget elementor-widget-heading\" data-id=\"23cfaa19\" data-element_type=\"widget\" data-e-type=\"widget\" data-widget_type=\"heading.default\">\n\t\t\t\t<div class=\"elementor-widget-container\">\n\t\t\t\t\t<h2 class=\"elementor-heading-title elementor-size-default\">Sein Beitrag als verrocchio Fellow<\/h2>\t\t\t\t<\/div>\n\t\t\t\t<\/div>\n\t\t\t\t<div class=\"elementor-element elementor-element-10afd47 elementor-widget elementor-widget-image\" data-id=\"10afd47\" data-element_type=\"widget\" data-e-type=\"widget\" data-widget_type=\"image.default\">\n\t\t\t\t<div class=\"elementor-widget-container\">\n\t\t\t\t\t\t\t\t\t\t\t\t\t\t\t<img fetchpriority=\"high\" decoding=\"async\" width=\"200\" height=\"300\" src=\"https:\/\/www.verrocchio.institute\/wp-content\/uploads\/2020\/10\/Armin_Schobloch01-200x300.jpg\" class=\"attachment-medium size-medium wp-image-1566\" alt=\"\" srcset=\"https:\/\/www.verrocchio.institute\/wp-content\/uploads\/2020\/10\/Armin_Schobloch01-200x300.jpg 200w, https:\/\/www.verrocchio.institute\/wp-content\/uploads\/2020\/10\/Armin_Schobloch01.jpg 408w\" sizes=\"(max-width: 200px) 100vw, 200px\" \/>\t\t\t\t\t\t\t\t\t\t\t\t\t\t\t<\/div>\n\t\t\t\t<\/div>\n\t\t\t\t\t<\/div>\n\t\t<\/div>\n\t\t\t\t<div class=\"elementor-column elementor-col-66 elementor-top-column elementor-element elementor-element-250cd2a0\" data-id=\"250cd2a0\" data-element_type=\"column\" data-e-type=\"column\">\n\t\t\t<div class=\"elementor-column-wrap--250cd2a0 elementor-widget-wrap elementor-element-populated\">\n\t\t\t\t\t\t<div class=\"elementor-element elementor-element-1e5e9a88 elementor-widget elementor-widget-text-editor\" data-id=\"1e5e9a88\" data-element_type=\"widget\" data-e-type=\"widget\" data-widget_type=\"text-editor.default\">\n\t\t\t\t<div class=\"elementor-widget-container\">\n\t\t\t\t\t\t\t\t\t<p>Immer wieder wurden vielversprechende Innovationsprojekte durch juristische Bedenken und H\u00fcrden ausgebremst oder sogar eingestellt.<\/p><p>In der gemeinsamen Analyse wurde Benno van Aerssen und Armin Schobloch klar, dass fr\u00fchzeitiges Ber\u00fccksichtigen von juristischem Wissen schon in der Ideenfindungsphase und bei der Bewertung erheblich zum Erfolg einer Idee beitragen kann.<\/p><p>Das Grundwissen um die rechtlichen Zusammenh\u00e4nge in Verbindung mit der aktiven Ideenarbeit spart Zeit, oft viel Geld und auf jeden Fall eine Menge Nerven. Daraus entstand die Innovation Legal Session.<\/p><p>Jede Teilnehmer der Session erh\u00e4lt den Wissensvorsprung, um Bestimmungen zu beachten, Verfahren rechtzeitig einzuleiten und der Idee eine erfolgreiche Geburt zu erm\u00f6glichen.<\/p>\t\t\t\t\t\t\t\t<\/div>\n\t\t\t\t<\/div>\n\t\t\t\t<div class=\"elementor-element elementor-element-219431ff elementor-widget__width-auto elementor-align-center --il--stretch elementor-widget elementor-widget-button\" data-id=\"219431ff\" data-element_type=\"widget\" data-e-type=\"widget\" data-widget_type=\"button.default\">\n\t\t\t\t<div class=\"elementor-widget-container\">\n\t\t\t\t\t\t\t\t\t<div class=\"elementor-button-wrapper\">\n\t\t\t\t\t<a class=\"elementor-button elementor-button-link elementor-size-sm\" href=\"https:\/\/www.verrocchio.institute\/de\/campus\/fellow-sessions\/innovation-legal-session\/\" target=\"_blank\">\n\t\t\t\t\t\t<span class=\"elementor-button-content-wrapper\">\n\t\t\t\t\t\t\t\t\t<span class=\"elementor-button-text\">Mehr zur \"innovation Legal Session\"<\/span>\n\t\t\t\t\t<\/span>\n\t\t\t\t\t<\/a>\n\t\t\t\t<\/div>\n\t\t\t\t\t\t\t\t<\/div>\n\t\t\t\t<\/div>\n\t\t\t\t\t<\/div>\n\t\t<\/div>\n\t\t\t\t\t<\/div>\n\t\t<\/section>\n\t\t\t\t<\/div>\n\t\t","protected":false},"excerpt":{"rendered":"<p>Armin Schobloch verrocchio Fellow &#8211; Innovationsberater und Volljurist \u00dcber Armin Der studierte Jurist Armin Schobloch hat sich (fast) immer mit Ideen und neuen Produkten besch\u00e4ftigt. Ob es um das Urheberrecht und die rechtliche Bewertung von Neugeschaffenem ging, das Kennenlernen von neuen Menschen und Kulturen rund um den Globus oder die Entwicklung von neuartigen Produkten\u2026 \u201eNeu\u201c [&hellip;]<\/p>\n","protected":false},"author":3,"featured_media":0,"parent":1556,"menu_order":0,"comment_status":"closed","ping_status":"closed","template":"template-builder-stretch.php","meta":{"_acf_changed":false,"footnotes":""},"class_list":["post-1657","page","type-page","status-publish","hentry"],"acf":[],"_links":{"self":[{"href":"https:\/\/www.verrocchio.institute\/de\/wp-json\/wp\/v2\/pages\/1657","targetHints":{"allow":["GET"]}}],"collection":[{"href":"https:\/\/www.verrocchio.institute\/de\/wp-json\/wp\/v2\/pages"}],"about":[{"href":"https:\/\/www.verrocchio.institute\/de\/wp-json\/wp\/v2\/types\/page"}],"author":[{"embeddable":true,"href":"https:\/\/www.verrocchio.institute\/de\/wp-json\/wp\/v2\/users\/3"}],"replies":[{"embeddable":true,"href":"https:\/\/www.verrocchio.institute\/de\/wp-json\/wp\/v2\/comments?post=1657"}],"version-history":[{"count":97,"href":"https:\/\/www.verrocchio.institute\/de\/wp-json\/wp\/v2\/pages\/1657\/revisions"}],"predecessor-version":[{"id":16225,"href":"https:\/\/www.verrocchio.institute\/de\/wp-json\/wp\/v2\/pages\/1657\/revisions\/16225"}],"up":[{"embeddable":true,"href":"https:\/\/www.verrocchio.institute\/de\/wp-json\/wp\/v2\/pages\/1556"}],"wp:attachment":[{"href":"https:\/\/www.verrocchio.institute\/de\/wp-json\/wp\/v2\/media?parent=1657"}],"curies":[{"name":"wp","href":"https:\/\/api.w.org\/{rel}","templated":true}]}}