{"id":17903,"date":"2021-11-08T11:17:55","date_gmt":"2021-11-08T11:17:55","guid":{"rendered":"https:\/\/www.verrocchio.institute\/?page_id=17903"},"modified":"2024-11-26T10:27:00","modified_gmt":"2024-11-26T10:27:00","slug":"unsere-mission","status":"publish","type":"page","link":"https:\/\/www.verrocchio.institute\/de\/ueber-uns\/unsere-mission\/","title":{"rendered":"verrocchio Mission"},"content":{"rendered":"\t\t<div data-elementor-type=\"wp-page\" data-elementor-id=\"17903\" class=\"elementor elementor-17903\" data-elementor-post-type=\"page\">\n\t\t\t\t\t\t<section class=\"elementor-section elementor-top-section elementor-element elementor-element-70afa4d elementor-section-height-min-height rey-section-bg--classic elementor-section-boxed elementor-section-height-default elementor-section-items-middle\" data-id=\"70afa4d\" data-element_type=\"section\" data-settings=\"{&quot;background_background&quot;:&quot;classic&quot;}\">\n\t\t\t\t\t\t\t<div class=\"elementor-background-overlay\"><\/div>\n\t\t\t\t\t\t\t<div class=\"elementor-container elementor-column-gap-default\">\n\t\t\t\t\t<div class=\"elementor-column elementor-col-50 elementor-top-column elementor-element elementor-element-d43ec27\" data-id=\"d43ec27\" data-element_type=\"column\">\n\t\t\t<div class=\"elementor-column-wrap--d43ec27 elementor-widget-wrap\">\n\t\t\t\t\t\t\t<\/div>\n\t\t<\/div>\n\t\t\t\t<div class=\"elementor-column elementor-col-50 elementor-top-column elementor-element elementor-element-77888dc\" data-id=\"77888dc\" data-element_type=\"column\">\n\t\t\t<div class=\"elementor-column-wrap--77888dc elementor-widget-wrap elementor-element-populated\">\n\t\t\t\t\t\t<div class=\"elementor-element elementor-element-411901c elementor-widget elementor-widget-heading\" data-id=\"411901c\" data-element_type=\"widget\" data-widget_type=\"heading.default\">\n\t\t\t\t<div class=\"elementor-widget-container\">\n\t\t\t\t\t<h1 class=\"elementor-heading-title elementor-size-default\">Deine Idee <\/br> - unsere Mission<\/h1>\t\t\t\t<\/div>\n\t\t\t\t<\/div>\n\t\t\t\t<div class=\"elementor-element elementor-element-66a8f19 elementor-widget elementor-widget-text-editor\" data-id=\"66a8f19\" data-element_type=\"widget\" data-widget_type=\"text-editor.default\">\n\t\t\t\t<div class=\"elementor-widget-container\">\n\t\t\t\t\t\t\t\t\t<p>Wir nehmen Menschen mit auf die Reise Pioniere zu werden, die mit ihren Ideen die Welt ver\u00e4ndern<\/p>\t\t\t\t\t\t\t\t<\/div>\n\t\t\t\t<\/div>\n\t\t\t\t<div class=\"elementor-element elementor-element-5c1ac3c elementor-hidden-mobile elementor-widget elementor-widget-spacer\" data-id=\"5c1ac3c\" data-element_type=\"widget\" data-widget_type=\"spacer.default\">\n\t\t\t\t<div class=\"elementor-widget-container\">\n\t\t\t\t\t\t\t<div class=\"elementor-spacer\">\n\t\t\t<div class=\"elementor-spacer-inner\"><\/div>\n\t\t<\/div>\n\t\t\t\t\t\t<\/div>\n\t\t\t\t<\/div>\n\t\t\t\t\t<\/div>\n\t\t<\/div>\n\t\t\t\t\t<\/div>\n\t\t<\/section>\n\t\t\t\t<section class=\"elementor-section elementor-top-section elementor-element elementor-element-0d8588b rey-section-bg--classic elementor-section-boxed elementor-section-height-default elementor-section-height-default\" data-id=\"0d8588b\" data-element_type=\"section\" data-settings=\"{&quot;background_background&quot;:&quot;classic&quot;}\">\n\t\t\t\t\t\t<div class=\"elementor-container elementor-column-gap-default\">\n\t\t\t\t\t<div class=\"elementor-column elementor-col-100 elementor-top-column elementor-element elementor-element-21350d5\" data-id=\"21350d5\" data-element_type=\"column\">\n\t\t\t<div class=\"elementor-column-wrap--21350d5 elementor-widget-wrap\">\n\t\t\t\t\t\t\t<\/div>\n\t\t<\/div>\n\t\t\t\t\t<\/div>\n\t\t<\/section>\n\t\t\t\t<section class=\"elementor-section elementor-top-section elementor-element elementor-element-445cad7b rey-section-bg--classic elementor-section-boxed elementor-section-height-default elementor-section-height-default\" data-id=\"445cad7b\" data-element_type=\"section\" id=\"more\" data-settings=\"{&quot;background_background&quot;:&quot;classic&quot;}\">\n\t\t\t\t\t\t<div class=\"elementor-container elementor-column-gap-default\">\n\t\t\t\t\t<div class=\"elementor-column elementor-col-50 elementor-top-column elementor-element elementor-element-45422c2c\" data-id=\"45422c2c\" data-element_type=\"column\">\n\t\t\t<div class=\"elementor-column-wrap--45422c2c elementor-widget-wrap elementor-element-populated\">\n\t\t\t\t\t\t<div class=\"elementor-element elementor-element-7a21123 elementor-widget elementor-widget-spacer\" data-id=\"7a21123\" data-element_type=\"widget\" data-widget_type=\"spacer.default\">\n\t\t\t\t<div class=\"elementor-widget-container\">\n\t\t\t\t\t\t\t<div class=\"elementor-spacer\">\n\t\t\t<div class=\"elementor-spacer-inner\"><\/div>\n\t\t<\/div>\n\t\t\t\t\t\t<\/div>\n\t\t\t\t<\/div>\n\t\t\t\t<div class=\"elementor-element elementor-element-2cdc80d8 elementor-widget elementor-widget-text-editor\" data-id=\"2cdc80d8\" data-element_type=\"widget\" data-widget_type=\"text-editor.default\">\n\t\t\t\t<div class=\"elementor-widget-container\">\n\t\t\t\t\t\t\t\t\t<p>Wir sind der festen \u00dcberzeugung, dass jeder Mensch die Welt ver\u00e4ndern kann. Denn in jedem Menschen stecken einzigartige Ideen. Um diese zu finden und umzusetzen, braucht man nur das richtige Wissen und die richtigen Werkzeuge.<\/p>\t\t\t\t\t\t\t\t<\/div>\n\t\t\t\t<\/div>\n\t\t\t\t\t<\/div>\n\t\t<\/div>\n\t\t\t\t<div class=\"elementor-column elementor-col-50 elementor-top-column elementor-element elementor-element-fda435e\" data-id=\"fda435e\" data-element_type=\"column\">\n\t\t\t<div class=\"elementor-column-wrap--fda435e elementor-widget-wrap elementor-element-populated\">\n\t\t\t\t\t\t<div class=\"elementor-element elementor-element-880a886 elementor-widget elementor-widget-image\" data-id=\"880a886\" data-element_type=\"widget\" data-widget_type=\"image.default\">\n\t\t\t\t<div class=\"elementor-widget-container\">\n\t\t\t\t\t\t\t\t\t\t\t\t\t\t\t<img fetchpriority=\"high\" decoding=\"async\" width=\"1024\" height=\"576\" src=\"https:\/\/www.verrocchio.institute\/wp-content\/uploads\/2021\/11\/Fur-jedes-Problem-das-richtige-1-1024x576.png\" class=\"attachment-large size-large wp-image-17911\" alt=\"\" srcset=\"https:\/\/www.verrocchio.institute\/wp-content\/uploads\/2021\/11\/Fur-jedes-Problem-das-richtige-1-1024x576.png 1024w, https:\/\/www.verrocchio.institute\/wp-content\/uploads\/2021\/11\/Fur-jedes-Problem-das-richtige-1-300x169.png 300w, https:\/\/www.verrocchio.institute\/wp-content\/uploads\/2021\/11\/Fur-jedes-Problem-das-richtige-1-768x432.png 768w, https:\/\/www.verrocchio.institute\/wp-content\/uploads\/2021\/11\/Fur-jedes-Problem-das-richtige-1-1536x864.png 1536w, https:\/\/www.verrocchio.institute\/wp-content\/uploads\/2021\/11\/Fur-jedes-Problem-das-richtige-1-1440x810.png 1440w, https:\/\/www.verrocchio.institute\/wp-content\/uploads\/2021\/11\/Fur-jedes-Problem-das-richtige-1.png 1920w\" sizes=\"(max-width: 1024px) 100vw, 1024px\" \/>\t\t\t\t\t\t\t\t\t\t\t\t\t\t\t<\/div>\n\t\t\t\t<\/div>\n\t\t\t\t\t<\/div>\n\t\t<\/div>\n\t\t\t\t\t<\/div>\n\t\t<\/section>\n\t\t\t\t<section class=\"elementor-section elementor-top-section elementor-element elementor-element-0fa1ae0 elementor-section-boxed elementor-section-height-default elementor-section-height-default\" data-id=\"0fa1ae0\" data-element_type=\"section\">\n\t\t\t\t\t\t<div class=\"elementor-container elementor-column-gap-default\">\n\t\t\t\t\t<div class=\"elementor-column elementor-col-50 elementor-top-column elementor-element elementor-element-d5d0517\" data-id=\"d5d0517\" data-element_type=\"column\">\n\t\t\t<div class=\"elementor-column-wrap--d5d0517 elementor-widget-wrap elementor-element-populated\">\n\t\t\t\t\t\t<div class=\"elementor-element elementor-element-aeac54b elementor-widget elementor-widget-image\" data-id=\"aeac54b\" data-element_type=\"widget\" data-widget_type=\"image.default\">\n\t\t\t\t<div class=\"elementor-widget-container\">\n\t\t\t\t\t\t\t\t\t\t\t\t\t\t\t<img decoding=\"async\" src=\"https:\/\/www.verrocchio.institute\/wp-content\/uploads\/elementor\/thumbs\/5-pfrlhj83goi7wuf443gkb4lqhhx9vxq8nu1mdi3348.png\" title=\"5\" alt=\"5\" loading=\"lazy\" \/>\t\t\t\t\t\t\t\t\t\t\t\t\t\t\t<\/div>\n\t\t\t\t<\/div>\n\t\t\t\t\t<\/div>\n\t\t<\/div>\n\t\t\t\t<div class=\"elementor-column elementor-col-50 elementor-top-column elementor-element elementor-element-48554fb\" data-id=\"48554fb\" data-element_type=\"column\">\n\t\t\t<div class=\"elementor-column-wrap--48554fb elementor-widget-wrap elementor-element-populated\">\n\t\t\t\t\t\t<div class=\"elementor-element elementor-element-372e6ad elementor-hidden-mobile elementor-widget elementor-widget-spacer\" data-id=\"372e6ad\" data-element_type=\"widget\" data-widget_type=\"spacer.default\">\n\t\t\t\t<div class=\"elementor-widget-container\">\n\t\t\t\t\t\t\t<div class=\"elementor-spacer\">\n\t\t\t<div class=\"elementor-spacer-inner\"><\/div>\n\t\t<\/div>\n\t\t\t\t\t\t<\/div>\n\t\t\t\t<\/div>\n\t\t\t\t<div class=\"elementor-element elementor-element-257fa4c elementor-widget elementor-widget-text-editor\" data-id=\"257fa4c\" data-element_type=\"widget\" data-widget_type=\"text-editor.default\">\n\t\t\t\t<div class=\"elementor-widget-container\">\n\t\t\t\t\t\t\t\t\t<p><span style=\"font-weight: var(--body-font-weight);\">A<\/span><span style=\"font-weight: var(--body-font-weight);\">us diesem Grund sammeln wir Innovationswissen, entwickeln Tools und Methoden, schreiben B\u00fccher und teilen dieses Wissen, um Menschen zu mehr Ideenreichtum und Innovation zu bef\u00e4higen.<\/span><\/p>\t\t\t\t\t\t\t\t<\/div>\n\t\t\t\t<\/div>\n\t\t\t\t\t<\/div>\n\t\t<\/div>\n\t\t\t\t\t<\/div>\n\t\t<\/section>\n\t\t\t\t<section class=\"elementor-section elementor-top-section elementor-element elementor-element-2d4967c elementor-section-boxed elementor-section-height-default elementor-section-height-default\" data-id=\"2d4967c\" data-element_type=\"section\">\n\t\t\t\t\t\t<div class=\"elementor-container elementor-column-gap-default\">\n\t\t\t\t\t<div class=\"elementor-column elementor-col-50 elementor-top-column elementor-element elementor-element-5996ce3\" data-id=\"5996ce3\" data-element_type=\"column\">\n\t\t\t<div class=\"elementor-column-wrap--5996ce3 elementor-widget-wrap elementor-element-populated\">\n\t\t\t\t\t\t<div class=\"elementor-element elementor-element-932fa0a elementor-hidden-mobile elementor-widget elementor-widget-spacer\" data-id=\"932fa0a\" data-element_type=\"widget\" data-widget_type=\"spacer.default\">\n\t\t\t\t<div class=\"elementor-widget-container\">\n\t\t\t\t\t\t\t<div class=\"elementor-spacer\">\n\t\t\t<div class=\"elementor-spacer-inner\"><\/div>\n\t\t<\/div>\n\t\t\t\t\t\t<\/div>\n\t\t\t\t<\/div>\n\t\t\t\t<div class=\"elementor-element elementor-element-d39927c elementor-widget elementor-widget-text-editor\" data-id=\"d39927c\" data-element_type=\"widget\" data-widget_type=\"text-editor.default\">\n\t\t\t\t<div class=\"elementor-widget-container\">\n\t\t\t\t\t\t\t\t\t<p><span style=\"font-weight: var(--body-font-weight);\">Wir helfen dir, damit du <\/span><span style=\"font-weight: var(--body-font-weight);\">immer das richtige Gep\u00e4ck f\u00fcr jeden Schritt auf deiner Innovationsreise dabei hast.\u00a0<\/span><\/p>\t\t\t\t\t\t\t\t<\/div>\n\t\t\t\t<\/div>\n\t\t\t\t\t<\/div>\n\t\t<\/div>\n\t\t\t\t<div class=\"elementor-column elementor-col-50 elementor-top-column elementor-element elementor-element-698f7e9\" data-id=\"698f7e9\" data-element_type=\"column\">\n\t\t\t<div class=\"elementor-column-wrap--698f7e9 elementor-widget-wrap elementor-element-populated\">\n\t\t\t\t\t\t<div class=\"elementor-element elementor-element-77481ee elementor-widget elementor-widget-image\" data-id=\"77481ee\" data-element_type=\"widget\" data-widget_type=\"image.default\">\n\t\t\t\t<div class=\"elementor-widget-container\">\n\t\t\t\t\t\t\t\t\t\t\t\t\t\t\t<img decoding=\"async\" src=\"https:\/\/www.verrocchio.institute\/wp-content\/uploads\/2021\/11\/Fur-jedes-Problem-das-richtige-2-1440x810.png\" title=\"F\u00fcr jedes Problem das richtige (2)\" alt=\"F\u00fcr jedes Problem das richtige (2)\" loading=\"lazy\" \/>\t\t\t\t\t\t\t\t\t\t\t\t\t\t\t<\/div>\n\t\t\t\t<\/div>\n\t\t\t\t\t<\/div>\n\t\t<\/div>\n\t\t\t\t\t<\/div>\n\t\t<\/section>\n\t\t\t\t<section class=\"elementor-section elementor-top-section elementor-element elementor-element-0cf0fc9 rey-section-bg--classic elementor-section-boxed elementor-section-height-default elementor-section-height-default\" data-id=\"0cf0fc9\" data-element_type=\"section\" data-settings=\"{&quot;background_background&quot;:&quot;classic&quot;}\">\n\t\t\t\t\t\t<div class=\"elementor-container elementor-column-gap-default\">\n\t\t\t\t\t<div class=\"elementor-column elementor-col-100 elementor-top-column elementor-element elementor-element-8cbe4eb\" data-id=\"8cbe4eb\" data-element_type=\"column\">\n\t\t\t<div class=\"elementor-column-wrap--8cbe4eb elementor-widget-wrap elementor-element-populated\">\n\t\t\t\t\t\t<div class=\"elementor-element elementor-element-f2f578e elementor-widget elementor-widget-heading\" data-id=\"f2f578e\" data-element_type=\"widget\" data-widget_type=\"heading.default\">\n\t\t\t\t<div class=\"elementor-widget-container\">\n\t\t\t\t\t<h2 class=\"elementor-heading-title elementor-size-default\">Gr\u00fcnde f\u00fcr unsere Mission und wie wir diese umsetzen<\/h2>\t\t\t\t<\/div>\n\t\t\t\t<\/div>\n\t\t\t\t\t<\/div>\n\t\t<\/div>\n\t\t\t\t\t<\/div>\n\t\t<\/section>\n\t\t\t\t<section class=\"elementor-section elementor-top-section elementor-element elementor-element-78233d9b rey-section-bg--classic elementor-section-boxed elementor-section-height-default elementor-section-height-default\" data-id=\"78233d9b\" data-element_type=\"section\" data-settings=\"{&quot;background_background&quot;:&quot;classic&quot;}\">\n\t\t\t\t\t\t<div class=\"elementor-container elementor-column-gap-default\">\n\t\t\t\t\t<div class=\"elementor-column elementor-col-50 elementor-top-column elementor-element elementor-element-019d3fd\" data-id=\"019d3fd\" data-element_type=\"column\">\n\t\t\t<div class=\"elementor-column-wrap--019d3fd elementor-widget-wrap elementor-element-populated\">\n\t\t\t\t\t\t<div class=\"elementor-element elementor-element-b8e92a0 elementor-hidden-mobile elementor-widget elementor-widget-image\" data-id=\"b8e92a0\" data-element_type=\"widget\" data-widget_type=\"image.default\">\n\t\t\t\t<div class=\"elementor-widget-container\">\n\t\t\t\t\t\t\t\t\t\t\t\t\t\t\t<img decoding=\"async\" src=\"https:\/\/www.verrocchio.institute\/wp-content\/uploads\/elementor\/thumbs\/Scribbles-Website-2-pgazzj9tpq8sspxcvcvgihki8nso32vclt2joza74w.png\" title=\"Scribbles &#8211; Website (2)\" alt=\"Scribbles - Website (2)\" loading=\"lazy\" \/>\t\t\t\t\t\t\t\t\t\t\t\t\t\t\t<\/div>\n\t\t\t\t<\/div>\n\t\t\t\t\t<\/div>\n\t\t<\/div>\n\t\t\t\t<div class=\"elementor-column elementor-col-50 elementor-top-column elementor-element elementor-element-1127dbb6\" data-id=\"1127dbb6\" data-element_type=\"column\">\n\t\t\t<div class=\"elementor-column-wrap--1127dbb6 elementor-widget-wrap elementor-element-populated\">\n\t\t\t\t\t\t<div class=\"elementor-element elementor-element-6f639c2 elementor-widget elementor-widget-spacer\" data-id=\"6f639c2\" data-element_type=\"widget\" data-widget_type=\"spacer.default\">\n\t\t\t\t<div class=\"elementor-widget-container\">\n\t\t\t\t\t\t\t<div class=\"elementor-spacer\">\n\t\t\t<div class=\"elementor-spacer-inner\"><\/div>\n\t\t<\/div>\n\t\t\t\t\t\t<\/div>\n\t\t\t\t<\/div>\n\t\t\t\t<div class=\"elementor-element elementor-element-5a7814e2 elementor-widget elementor-widget-text-editor\" data-id=\"5a7814e2\" data-element_type=\"widget\" data-widget_type=\"text-editor.default\">\n\t\t\t\t<div class=\"elementor-widget-container\">\n\t\t\t\t\t\t\t\t\t<p><span style=\"font-weight: var(--body-font-weight,400);\">Ideen stellen die Weichen f\u00fcr die Zukunft.<\/span><\/p><p>Diese Zukunft m\u00f6chten wir \u00f6kologisch, sozial gerecht und \u00f6konomisch wertsch\u00f6pfend gestalten und mit ver\u00e4ndern \u2013 f\u00fcr Unternehmen, f\u00fcr unsere Gesellschaft und vor allem innerhalb der planetarischen Grenzen, die uns gesetzt sind.<\/p>\t\t\t\t\t\t\t\t<\/div>\n\t\t\t\t<\/div>\n\t\t\t\t\t<\/div>\n\t\t<\/div>\n\t\t\t\t\t<\/div>\n\t\t<\/section>\n\t\t\t\t<section class=\"elementor-section elementor-top-section elementor-element elementor-element-68c679d elementor-section-boxed elementor-section-height-default elementor-section-height-default\" data-id=\"68c679d\" data-element_type=\"section\">\n\t\t\t\t\t\t<div class=\"elementor-container elementor-column-gap-default\">\n\t\t\t\t\t<div class=\"elementor-column elementor-col-50 elementor-top-column elementor-element elementor-element-73e255c\" data-id=\"73e255c\" data-element_type=\"column\">\n\t\t\t<div class=\"elementor-column-wrap--73e255c elementor-widget-wrap elementor-element-populated\">\n\t\t\t\t\t\t<div class=\"elementor-element elementor-element-cc96c2e elementor-hidden-mobile elementor-widget elementor-widget-spacer\" data-id=\"cc96c2e\" data-element_type=\"widget\" data-widget_type=\"spacer.default\">\n\t\t\t\t<div class=\"elementor-widget-container\">\n\t\t\t\t\t\t\t<div class=\"elementor-spacer\">\n\t\t\t<div class=\"elementor-spacer-inner\"><\/div>\n\t\t<\/div>\n\t\t\t\t\t\t<\/div>\n\t\t\t\t<\/div>\n\t\t\t\t<div class=\"elementor-element elementor-element-9ad89b0 elementor-widget elementor-widget-text-editor\" data-id=\"9ad89b0\" data-element_type=\"widget\" data-widget_type=\"text-editor.default\">\n\t\t\t\t<div class=\"elementor-widget-container\">\n\t\t\t\t\t\t\t\t\t<p><span style=\"font-weight: var(--body-font-weight);\">Wie wir unsere Mission umsetzen?\u00a0<\/span><\/p><p><span style=\"font-weight: var(--body-font-weight);\">Inspiriert durch Andrea del Verrocchio, der nicht nur ein gro\u00dfer K\u00fcnstler der Renaissance war, sondern auch einer der gr\u00f6\u00dften und inspirierendsten Lehrer.<\/span><\/p>\t\t\t\t\t\t\t\t<\/div>\n\t\t\t\t<\/div>\n\t\t\t\t\t<\/div>\n\t\t<\/div>\n\t\t\t\t<div class=\"elementor-column elementor-col-50 elementor-top-column elementor-element elementor-element-87d6c8d\" data-id=\"87d6c8d\" data-element_type=\"column\">\n\t\t\t<div class=\"elementor-column-wrap--87d6c8d elementor-widget-wrap elementor-element-populated\">\n\t\t\t\t\t\t<div class=\"elementor-element elementor-element-2f97d26 elementor-widget elementor-widget-image\" data-id=\"2f97d26\" data-element_type=\"widget\" data-widget_type=\"image.default\">\n\t\t\t\t<div class=\"elementor-widget-container\">\n\t\t\t\t\t\t\t\t\t\t\t\t\t\t\t<img decoding=\"async\" width=\"300\" height=\"300\" src=\"https:\/\/www.verrocchio.institute\/wp-content\/uploads\/2021\/11\/13-300x300.png\" class=\"attachment-medium size-medium wp-image-17949\" alt=\"\" srcset=\"https:\/\/www.verrocchio.institute\/wp-content\/uploads\/2021\/11\/13-300x300.png 300w, https:\/\/www.verrocchio.institute\/wp-content\/uploads\/2021\/11\/13-1024x1024.png 1024w, https:\/\/www.verrocchio.institute\/wp-content\/uploads\/2021\/11\/13-150x150.png 150w, https:\/\/www.verrocchio.institute\/wp-content\/uploads\/2021\/11\/13-768x768.png 768w, https:\/\/www.verrocchio.institute\/wp-content\/uploads\/2021\/11\/13.png 1080w\" sizes=\"(max-width: 300px) 100vw, 300px\" \/>\t\t\t\t\t\t\t\t\t\t\t\t\t\t\t<\/div>\n\t\t\t\t<\/div>\n\t\t\t\t\t<\/div>\n\t\t<\/div>\n\t\t\t\t\t<\/div>\n\t\t<\/section>\n\t\t\t\t<section class=\"elementor-section elementor-top-section elementor-element elementor-element-82b3a70 elementor-section-boxed elementor-section-height-default elementor-section-height-default\" data-id=\"82b3a70\" data-element_type=\"section\">\n\t\t\t\t\t\t<div class=\"elementor-container elementor-column-gap-default\">\n\t\t\t\t\t<div class=\"elementor-column elementor-col-50 elementor-top-column elementor-element elementor-element-0ec3094\" data-id=\"0ec3094\" data-element_type=\"column\">\n\t\t\t<div class=\"elementor-column-wrap--0ec3094 elementor-widget-wrap elementor-element-populated\">\n\t\t\t\t\t\t<div class=\"elementor-element elementor-element-96af1f7 elementor-widget elementor-widget-image\" data-id=\"96af1f7\" data-element_type=\"widget\" data-widget_type=\"image.default\">\n\t\t\t\t<div class=\"elementor-widget-container\">\n\t\t\t\t\t\t\t\t\t\t\t\t\t\t\t<img decoding=\"async\" width=\"300\" height=\"300\" src=\"https:\/\/www.verrocchio.institute\/wp-content\/uploads\/2021\/11\/14-300x300.png\" class=\"attachment-medium size-medium wp-image-17951\" alt=\"\" srcset=\"https:\/\/www.verrocchio.institute\/wp-content\/uploads\/2021\/11\/14-300x300.png 300w, https:\/\/www.verrocchio.institute\/wp-content\/uploads\/2021\/11\/14-1024x1024.png 1024w, https:\/\/www.verrocchio.institute\/wp-content\/uploads\/2021\/11\/14-150x150.png 150w, https:\/\/www.verrocchio.institute\/wp-content\/uploads\/2021\/11\/14-768x768.png 768w, https:\/\/www.verrocchio.institute\/wp-content\/uploads\/2021\/11\/14.png 1080w\" sizes=\"(max-width: 300px) 100vw, 300px\" \/>\t\t\t\t\t\t\t\t\t\t\t\t\t\t\t<\/div>\n\t\t\t\t<\/div>\n\t\t\t\t\t<\/div>\n\t\t<\/div>\n\t\t\t\t<div class=\"elementor-column elementor-col-50 elementor-top-column elementor-element elementor-element-89d5c4c\" data-id=\"89d5c4c\" data-element_type=\"column\">\n\t\t\t<div class=\"elementor-column-wrap--89d5c4c elementor-widget-wrap elementor-element-populated\">\n\t\t\t\t\t\t<div class=\"elementor-element elementor-element-20bd165 elementor-widget elementor-widget-text-editor\" data-id=\"20bd165\" data-element_type=\"widget\" data-widget_type=\"text-editor.default\">\n\t\t\t\t<div class=\"elementor-widget-container\">\n\t\t\t\t\t\t\t\t\t<p><span style=\"font-weight: var(--body-font-weight);\">\u00dcber zwei Jahrzehnte betrieb Andrea del Verrocchio die wohl beste Kunstschule und Werkst\u00e4tte aller Zeiten und brachte Talente wie\u00a0<\/span><a style=\"background-color: #ffffff; font-weight: var(--body-font-weight);\" title=\"Leonardo da Vinci\" href=\"https:\/\/de.wikipedia.org\/wiki\/Leonardo_da_Vinci\" target=\"_blank\" rel=\"noopener\">Leonardo da Vinci<\/a><span style=\"font-weight: var(--body-font-weight);\">, Filippo Brunelleschi,\u00a0<\/span><a style=\"background-color: #ffffff; font-weight: var(--body-font-weight);\" title=\"Sandro Botticelli\" href=\"https:\/\/de.wikipedia.org\/wiki\/Sandro_Botticelli\" target=\"_blank\" rel=\"noopener\">Sandro Botticelli<\/a><span style=\"font-weight: var(--body-font-weight);\">, Pietro Perugino und Lorenzo de Credi hervor.\u00a0<\/span><\/p><p><span style=\"font-weight: var(--body-font-weight);\"> Er gab dabei nicht nur sein Wissen weiter, sondern schaffte eine kreative Atmosph\u00e4re, in der seine Sch\u00fcler gro\u00dfartige Werke schaffen konnten.<\/span><\/p>\t\t\t\t\t\t\t\t<\/div>\n\t\t\t\t<\/div>\n\t\t\t\t\t<\/div>\n\t\t<\/div>\n\t\t\t\t\t<\/div>\n\t\t<\/section>\n\t\t\t\t<section class=\"elementor-section elementor-top-section elementor-element elementor-element-92888a2 rey-section-bg--classic elementor-section-boxed elementor-section-height-default elementor-section-height-default\" data-id=\"92888a2\" data-element_type=\"section\" data-settings=\"{&quot;background_background&quot;:&quot;classic&quot;}\">\n\t\t\t\t\t\t<div class=\"elementor-container elementor-column-gap-default\">\n\t\t\t\t\t<div class=\"elementor-column elementor-col-50 elementor-top-column elementor-element elementor-element-527e225\" data-id=\"527e225\" data-element_type=\"column\">\n\t\t\t<div class=\"elementor-column-wrap--527e225 elementor-widget-wrap elementor-element-populated\">\n\t\t\t\t\t\t<div class=\"elementor-element elementor-element-0bb7152 elementor-hidden-mobile elementor-widget elementor-widget-spacer\" data-id=\"0bb7152\" data-element_type=\"widget\" data-widget_type=\"spacer.default\">\n\t\t\t\t<div class=\"elementor-widget-container\">\n\t\t\t\t\t\t\t<div class=\"elementor-spacer\">\n\t\t\t<div class=\"elementor-spacer-inner\"><\/div>\n\t\t<\/div>\n\t\t\t\t\t\t<\/div>\n\t\t\t\t<\/div>\n\t\t\t\t<div class=\"elementor-element elementor-element-342d060 elementor-widget elementor-widget-text-editor\" data-id=\"342d060\" data-element_type=\"widget\" data-widget_type=\"text-editor.default\">\n\t\t\t\t<div class=\"elementor-widget-container\">\n\t\t\t\t\t\t\t\t\t<p>Ganz in diesem Sinn tr\u00e4gt jeder verrocchianer mit seinen pers\u00f6nlichen St\u00e4rken zu unserer Mission bei. Erfahren Sie auf unserer <a href=\"https:\/\/www.verrocchio.institute\/de\/ueber-uns\/\" target=\"_blank\" rel=\"noopener\">Teamseite<\/a> mehr \u00fcber die individuellen Einsatzgebiete.<\/p>\t\t\t\t\t\t\t\t<\/div>\n\t\t\t\t<\/div>\n\t\t\t\t\t<\/div>\n\t\t<\/div>\n\t\t\t\t<div class=\"elementor-column elementor-col-50 elementor-top-column elementor-element elementor-element-1a9b758\" data-id=\"1a9b758\" data-element_type=\"column\">\n\t\t\t<div class=\"elementor-column-wrap--1a9b758 elementor-widget-wrap elementor-element-populated\">\n\t\t\t\t\t\t<div class=\"elementor-element elementor-element-647a8dd elementor-widget elementor-widget-image\" data-id=\"647a8dd\" data-element_type=\"widget\" data-widget_type=\"image.default\">\n\t\t\t\t<div class=\"elementor-widget-container\">\n\t\t\t\t\t\t\t\t\t\t\t\t\t\t\t<img decoding=\"async\" src=\"https:\/\/www.verrocchio.institute\/wp-content\/uploads\/2023\/08\/verrocchio-scribbles-team.png\" title=\"verrocchio &#8211; scribbles &#8211; team\" alt=\"verrocchio - scribbles - team\" loading=\"lazy\" \/>\t\t\t\t\t\t\t\t\t\t\t\t\t\t\t<\/div>\n\t\t\t\t<\/div>\n\t\t\t\t\t<\/div>\n\t\t<\/div>\n\t\t\t\t\t<\/div>\n\t\t<\/section>\n\t\t\t\t<\/div>\n\t\t","protected":false},"excerpt":{"rendered":"<p>Deine Idee &#8211; unsere Mission Wir nehmen Menschen mit auf die Reise Pioniere zu werden, die mit ihren Ideen die Welt ver\u00e4ndern Wir sind der festen \u00dcberzeugung, dass jeder Mensch die Welt ver\u00e4ndern kann. Denn in jedem Menschen stecken einzigartige Ideen. Um diese zu finden und umzusetzen, braucht man nur das richtige Wissen und die [&hellip;]<\/p>\n","protected":false},"author":4,"featured_media":0,"parent":23873,"menu_order":0,"comment_status":"closed","ping_status":"closed","template":"","meta":{"_acf_changed":false,"footnotes":""},"class_list":["post-17903","page","type-page","status-publish","hentry"],"acf":[],"_links":{"self":[{"href":"https:\/\/www.verrocchio.institute\/de\/wp-json\/wp\/v2\/pages\/17903","targetHints":{"allow":["GET"]}}],"collection":[{"href":"https:\/\/www.verrocchio.institute\/de\/wp-json\/wp\/v2\/pages"}],"about":[{"href":"https:\/\/www.verrocchio.institute\/de\/wp-json\/wp\/v2\/types\/page"}],"author":[{"embeddable":true,"href":"https:\/\/www.verrocchio.institute\/de\/wp-json\/wp\/v2\/users\/4"}],"replies":[{"embeddable":true,"href":"https:\/\/www.verrocchio.institute\/de\/wp-json\/wp\/v2\/comments?post=17903"}],"version-history":[{"count":97,"href":"https:\/\/www.verrocchio.institute\/de\/wp-json\/wp\/v2\/pages\/17903\/revisions"}],"predecessor-version":[{"id":27905,"href":"https:\/\/www.verrocchio.institute\/de\/wp-json\/wp\/v2\/pages\/17903\/revisions\/27905"}],"up":[{"embeddable":true,"href":"https:\/\/www.verrocchio.institute\/de\/wp-json\/wp\/v2\/pages\/23873"}],"wp:attachment":[{"href":"https:\/\/www.verrocchio.institute\/de\/wp-json\/wp\/v2\/media?parent=17903"}],"curies":[{"name":"wp","href":"https:\/\/api.w.org\/{rel}","templated":true}]}}