{"id":21394,"date":"2023-01-10T15:25:39","date_gmt":"2023-01-10T15:25:39","guid":{"rendered":"https:\/\/www.verrocchio.institute\/?page_id=21394"},"modified":"2023-01-10T15:30:08","modified_gmt":"2023-01-10T15:30:08","slug":"658915793-9","status":"publish","type":"page","link":"https:\/\/www.verrocchio.institute\/de\/lm\/658915793-9\/","title":{"rendered":"LM SDG Know-How Cards"},"content":{"rendered":"\t\t<div data-elementor-type=\"wp-page\" data-elementor-id=\"21394\" class=\"elementor elementor-21394\" data-elementor-post-type=\"page\">\n\t\t\t\t\t\t<section class=\"elementor-section elementor-top-section elementor-element elementor-element-5f3993c6 rey-section-stretched elementor-section-height-min-height rey-section-bg--classic elementor-section-boxed elementor-section-height-default elementor-section-items-middle\" data-id=\"5f3993c6\" data-element_type=\"section\" data-settings=\"{&quot;background_background&quot;:&quot;classic&quot;}\">\n\t\t\t\t\t\t\t<div class=\"elementor-background-overlay\"><\/div>\n\t\t\t\t\t\t\t<div class=\"elementor-container elementor-column-gap-default\">\n\t\t\t\t\t<div class=\"elementor-column elementor-col-100 elementor-top-column elementor-element elementor-element-710f8d4f\" data-id=\"710f8d4f\" data-element_type=\"column\">\n\t\t\t<div class=\"elementor-column-wrap--710f8d4f elementor-widget-wrap elementor-element-populated\">\n\t\t\t\t\t\t<div class=\"elementor-element elementor-element-2d921ca9 elementor-widget elementor-widget-heading\" data-id=\"2d921ca9\" data-element_type=\"widget\" data-widget_type=\"heading.default\">\n\t\t\t\t<div class=\"elementor-widget-container\">\n\t\t\t\t\t<h1 class=\"elementor-heading-title elementor-size-default\">Ihr SDG Know How Card Set<\/h1>\t\t\t\t<\/div>\n\t\t\t\t<\/div>\n\t\t\t\t<div class=\"elementor-element elementor-element-3760c06c elementor-widget elementor-widget-text-editor\" data-id=\"3760c06c\" data-element_type=\"widget\" data-widget_type=\"text-editor.default\">\n\t\t\t\t<div class=\"elementor-widget-container\">\n\t\t\t\t\t\t\t\t\t<p>Hier k\u00f6nnen Sie Ihr kostenfreies SDG Know-How Card Set-Pr\u00f6bchen herunterladen<\/p>\t\t\t\t\t\t\t\t<\/div>\n\t\t\t\t<\/div>\n\t\t\t\t\t<\/div>\n\t\t<\/div>\n\t\t\t\t\t<\/div>\n\t\t<\/section>\n\t\t\t\t<section class=\"elementor-section elementor-top-section elementor-element elementor-element-7d7f9bf1 elementor-section-boxed elementor-section-height-default elementor-section-height-default\" data-id=\"7d7f9bf1\" data-element_type=\"section\">\n\t\t\t\t\t\t<div class=\"elementor-container elementor-column-gap-default\">\n\t\t\t\t\t<div class=\"elementor-column elementor-col-100 elementor-top-column elementor-element elementor-element-223a2dc1\" data-id=\"223a2dc1\" data-element_type=\"column\">\n\t\t\t<div class=\"elementor-column-wrap--223a2dc1 elementor-widget-wrap elementor-element-populated\">\n\t\t\t\t\t\t<div class=\"elementor-element elementor-element-f21eeab elementor-widget elementor-widget-image\" data-id=\"f21eeab\" data-element_type=\"widget\" data-widget_type=\"image.default\">\n\t\t\t\t<div class=\"elementor-widget-container\">\n\t\t\t\t\t\t\t\t\t\t\t\t\t\t\t\t<a href=\"#more\">\n\t\t\t\t\t\t\t<img decoding=\"async\" src=\"https:\/\/www.verrocchio.institute\/wp-content\/uploads\/2020\/11\/down.svg\" class=\"attachment-full size-full wp-image-2724\" alt=\"\" \/>\t\t\t\t\t\t\t\t<\/a>\n\t\t\t\t\t\t\t\t\t\t\t\t\t\t\t<\/div>\n\t\t\t\t<\/div>\n\t\t\t\t\t<\/div>\n\t\t<\/div>\n\t\t\t\t\t<\/div>\n\t\t<\/section>\n\t\t\t\t<section class=\"elementor-section elementor-top-section elementor-element elementor-element-66988cb6 rey-section-stretched elementor-section-boxed elementor-section-height-default elementor-section-height-default\" data-id=\"66988cb6\" data-element_type=\"section\" id=\"more\">\n\t\t\t\t\t\t<div class=\"elementor-container elementor-column-gap-default\">\n\t\t\t\t\t<div class=\"elementor-column elementor-col-50 elementor-top-column elementor-element elementor-element-699569bf\" data-id=\"699569bf\" data-element_type=\"column\">\n\t\t\t<div class=\"elementor-column-wrap--699569bf elementor-widget-wrap elementor-element-populated\">\n\t\t\t\t\t\t<div class=\"elementor-element elementor-element-530ac74 elementor-widget elementor-widget-heading\" data-id=\"530ac74\" data-element_type=\"widget\" data-widget_type=\"heading.default\">\n\t\t\t\t<div class=\"elementor-widget-container\">\n\t\t\t\t\t<h1 class=\"elementor-heading-title elementor-size-default\">Der Download<\/h1>\t\t\t\t<\/div>\n\t\t\t\t<\/div>\n\t\t\t\t\t<\/div>\n\t\t<\/div>\n\t\t\t\t<div class=\"elementor-column elementor-col-50 elementor-top-column elementor-element elementor-element-5ff30a39\" data-id=\"5ff30a39\" data-element_type=\"column\">\n\t\t\t<div class=\"elementor-column-wrap--5ff30a39 elementor-widget-wrap elementor-element-populated\">\n\t\t\t\t\t\t<div class=\"elementor-element elementor-element-5ee4841c elementor-widget elementor-widget-text-editor\" data-id=\"5ee4841c\" data-element_type=\"widget\" data-widget_type=\"text-editor.default\">\n\t\t\t\t<div class=\"elementor-widget-container\">\n\t\t\t\t\t\t\t\t\t<p><span style=\"text-align: center;\">Hier k\u00f6nnen Sie Ihr kostenfreies SDG Know-How Card Set-Pr\u00f6bchen als PDF herunterladen.\u00a0<\/span><br style=\"text-align: center;\" \/><span style=\"text-align: center;\">Wir w\u00fcnschen Ihnen viel Spa\u00df beim Einsatz!\u00a0<\/span><\/p>\t\t\t\t\t\t\t\t<\/div>\n\t\t\t\t<\/div>\n\t\t\t\t<div class=\"elementor-element elementor-element-c98a3f6 elementor-align-left elementor-widget elementor-widget-button\" data-id=\"c98a3f6\" data-element_type=\"widget\" data-widget_type=\"button.default\">\n\t\t\t\t<div class=\"elementor-widget-container\">\n\t\t\t\t\t\t\t\t\t<div class=\"elementor-button-wrapper\">\n\t\t\t\t\t<a class=\"elementor-button elementor-button-link elementor-size-sm\" href=\"https:\/\/www.verrocchio.institute\/wp-content\/uploads\/2023\/01\/SDG-Know-How-Cards-Probeset.pdf\" download=\"\">\n\t\t\t\t\t\t<span class=\"elementor-button-content-wrapper\">\n\t\t\t\t\t\t\t\t\t<span class=\"elementor-button-text\">DOWNLOAD<\/span>\n\t\t\t\t\t<\/span>\n\t\t\t\t\t<\/a>\n\t\t\t\t<\/div>\n\t\t\t\t\t\t\t\t<\/div>\n\t\t\t\t<\/div>\n\t\t\t\t\t<\/div>\n\t\t<\/div>\n\t\t\t\t\t<\/div>\n\t\t<\/section>\n\t\t\t\t<\/div>\n\t\t","protected":false},"excerpt":{"rendered":"<p>Ihr SDG Know How Card Set Hier k\u00f6nnen Sie Ihr kostenfreies SDG Know-How Card Set-Pr\u00f6bchen herunterladen Der Download Hier k\u00f6nnen Sie Ihr kostenfreies SDG Know-How Card Set-Pr\u00f6bchen als PDF herunterladen.\u00a0Wir w\u00fcnschen Ihnen viel Spa\u00df beim Einsatz!\u00a0 DOWNLOAD<\/p>\n","protected":false},"author":2,"featured_media":0,"parent":7699,"menu_order":0,"comment_status":"closed","ping_status":"closed","template":"template-builder-stretch.php","meta":{"_acf_changed":false,"footnotes":""},"class_list":["post-21394","page","type-page","status-publish","hentry"],"acf":[],"_links":{"self":[{"href":"https:\/\/www.verrocchio.institute\/de\/wp-json\/wp\/v2\/pages\/21394","targetHints":{"allow":["GET"]}}],"collection":[{"href":"https:\/\/www.verrocchio.institute\/de\/wp-json\/wp\/v2\/pages"}],"about":[{"href":"https:\/\/www.verrocchio.institute\/de\/wp-json\/wp\/v2\/types\/page"}],"author":[{"embeddable":true,"href":"https:\/\/www.verrocchio.institute\/de\/wp-json\/wp\/v2\/users\/2"}],"replies":[{"embeddable":true,"href":"https:\/\/www.verrocchio.institute\/de\/wp-json\/wp\/v2\/comments?post=21394"}],"version-history":[{"count":5,"href":"https:\/\/www.verrocchio.institute\/de\/wp-json\/wp\/v2\/pages\/21394\/revisions"}],"predecessor-version":[{"id":21409,"href":"https:\/\/www.verrocchio.institute\/de\/wp-json\/wp\/v2\/pages\/21394\/revisions\/21409"}],"up":[{"embeddable":true,"href":"https:\/\/www.verrocchio.institute\/de\/wp-json\/wp\/v2\/pages\/7699"}],"wp:attachment":[{"href":"https:\/\/www.verrocchio.institute\/de\/wp-json\/wp\/v2\/media?parent=21394"}],"curies":[{"name":"wp","href":"https:\/\/api.w.org\/{rel}","templated":true}]}}