{"id":23256,"date":"2023-07-15T10:50:57","date_gmt":"2023-07-15T10:50:57","guid":{"rendered":"https:\/\/www.verrocchio.institute\/?page_id=23256"},"modified":"2025-01-16T09:48:56","modified_gmt":"2025-01-16T09:48:56","slug":"impulsworkshop","status":"publish","type":"page","link":"https:\/\/www.verrocchio.institute\/de\/coaching\/impulsworkshop\/","title":{"rendered":"Impulsworkshop"},"content":{"rendered":"\t\t<div data-elementor-type=\"wp-page\" data-elementor-id=\"23256\" class=\"elementor elementor-23256\" data-elementor-post-type=\"page\">\n\t\t\t\t\t\t<section class=\"elementor-section elementor-top-section elementor-element elementor-element-36e99d3 elementor-section-height-min-height rey-section-bg--classic elementor-section-boxed elementor-section-height-default elementor-section-items-middle\" data-id=\"36e99d3\" data-element_type=\"section\" data-settings=\"{&quot;background_background&quot;:&quot;classic&quot;}\">\n\t\t\t\t\t\t\t<div class=\"elementor-background-overlay\"><\/div>\n\t\t\t\t\t\t\t<div class=\"elementor-container elementor-column-gap-default\">\n\t\t\t\t\t<div class=\"elementor-column elementor-col-50 elementor-top-column elementor-element elementor-element-3aa3183\" data-id=\"3aa3183\" data-element_type=\"column\">\n\t\t\t<div class=\"elementor-column-wrap--3aa3183 elementor-widget-wrap\">\n\t\t\t\t\t\t\t<\/div>\n\t\t<\/div>\n\t\t\t\t<div class=\"elementor-column elementor-col-50 elementor-top-column elementor-element elementor-element-aab8b54\" data-id=\"aab8b54\" data-element_type=\"column\">\n\t\t\t<div class=\"elementor-column-wrap--aab8b54 elementor-widget-wrap elementor-element-populated\">\n\t\t\t\t\t\t<div class=\"elementor-element elementor-element-f12aeac elementor-hidden-tablet elementor-hidden-mobile elementor-widget elementor-widget-spacer\" data-id=\"f12aeac\" data-element_type=\"widget\" data-widget_type=\"spacer.default\">\n\t\t\t\t<div class=\"elementor-widget-container\">\n\t\t\t\t\t\t\t<div class=\"elementor-spacer\">\n\t\t\t<div class=\"elementor-spacer-inner\"><\/div>\n\t\t<\/div>\n\t\t\t\t\t\t<\/div>\n\t\t\t\t<\/div>\n\t\t\t\t<div class=\"elementor-element elementor-element-aa53100 elementor-invisible elementor-widget elementor-widget-heading\" data-id=\"aa53100\" data-element_type=\"widget\" data-settings=\"{&quot;_animation&quot;:&quot;fadeInRight&quot;}\" data-widget_type=\"heading.default\">\n\t\t\t\t<div class=\"elementor-widget-container\">\n\t\t\t\t\t<h2 class=\"elementor-heading-title elementor-size-default\">Kleiner Impuls - <\/br> gro\u00dfe Wirkung<\/h2>\t\t\t\t<\/div>\n\t\t\t\t<\/div>\n\t\t\t\t<div class=\"elementor-element elementor-element-6d06486 elementor-invisible elementor-widget elementor-widget-text-editor\" data-id=\"6d06486\" data-element_type=\"widget\" data-settings=\"{&quot;_animation&quot;:&quot;fadeInRight&quot;}\" data-widget_type=\"text-editor.default\">\n\t\t\t\t<div class=\"elementor-widget-container\">\n\t\t\t\t\t\t\t\t\t<p>Um in unserer hochkomplexen Welt &#8222;am Ball zu bleiben&#8220; k\u00f6nnen regelm\u00e4\u00dfig eingestreute Impulse immer wieder neue Blickwinkel sichtbar machen und spannende Themenfelder aufdecken.\u00a0<\/p><p>Ein kurzweiliger interaktiver Online-Workshop kann hier bereits Gro\u00dfes bewirken. Ein Format, dass sich wunderbar ins t\u00e4glich Doing einbinden l\u00e4sst.<br \/><br \/><\/p>\t\t\t\t\t\t\t\t<\/div>\n\t\t\t\t<\/div>\n\t\t\t\t<div class=\"elementor-element elementor-element-c17a38b elementor-hidden-mobile elementor-widget elementor-widget-spacer\" data-id=\"c17a38b\" data-element_type=\"widget\" data-widget_type=\"spacer.default\">\n\t\t\t\t<div class=\"elementor-widget-container\">\n\t\t\t\t\t\t\t<div class=\"elementor-spacer\">\n\t\t\t<div class=\"elementor-spacer-inner\"><\/div>\n\t\t<\/div>\n\t\t\t\t\t\t<\/div>\n\t\t\t\t<\/div>\n\t\t\t\t\t<\/div>\n\t\t<\/div>\n\t\t\t\t\t<\/div>\n\t\t<\/section>\n\t\t\t\t<section class=\"elementor-section elementor-top-section elementor-element elementor-element-ce1c6d9 rey-section-bg--classic elementor-section-boxed elementor-section-height-default elementor-section-height-default\" data-id=\"ce1c6d9\" data-element_type=\"section\" data-settings=\"{&quot;background_background&quot;:&quot;classic&quot;}\">\n\t\t\t\t\t\t<div class=\"elementor-container elementor-column-gap-default\">\n\t\t\t\t\t<div class=\"elementor-column elementor-col-100 elementor-top-column elementor-element elementor-element-90a8667\" data-id=\"90a8667\" data-element_type=\"column\">\n\t\t\t<div class=\"elementor-column-wrap--90a8667 elementor-widget-wrap\">\n\t\t\t\t\t\t\t<\/div>\n\t\t<\/div>\n\t\t\t\t\t<\/div>\n\t\t<\/section>\n\t\t\t\t<section class=\"elementor-section elementor-top-section elementor-element elementor-element-673b3458 rey-section-stretched elementor-section-boxed elementor-section-height-default elementor-section-height-default\" data-id=\"673b3458\" data-element_type=\"section\" id=\"more\">\n\t\t\t\t\t\t<div class=\"elementor-container elementor-column-gap-default\">\n\t\t\t\t\t<div class=\"elementor-column elementor-col-50 elementor-top-column elementor-element elementor-element-656cf7fd\" data-id=\"656cf7fd\" data-element_type=\"column\">\n\t\t\t<div class=\"elementor-column-wrap--656cf7fd elementor-widget-wrap elementor-element-populated\">\n\t\t\t\t\t\t<div class=\"elementor-element elementor-element-1af1dd9 elementor-widget elementor-widget-heading\" data-id=\"1af1dd9\" data-element_type=\"widget\" data-widget_type=\"heading.default\">\n\t\t\t\t<div class=\"elementor-widget-container\">\n\t\t\t\t\t<h2 class=\"elementor-heading-title elementor-size-default\">Online f\u00fcr alle<\/h2>\t\t\t\t<\/div>\n\t\t\t\t<\/div>\n\t\t\t\t<div class=\"elementor-element elementor-element-475f8d7c elementor-widget elementor-widget-text-editor\" data-id=\"475f8d7c\" data-element_type=\"widget\" data-widget_type=\"text-editor.default\">\n\t\t\t\t<div class=\"elementor-widget-container\">\n\t\t\t\t\t\t\t\t\t<p>In unserem 90-min\u00fctigen intensiven Online-Workshopformat n\u00e4hern Sie sich gezielt einem Thema und nehmen jede Menge kleine Impulse zum Weiterdenken mit. <span style=\"background-color: var(--body-bg-color);\">Erhalten Sie<\/span><span style=\"background-color: var(--body-bg-color);\">\u00a0<\/span><span style=\"background-color: var(--body-bg-color);\">neue Blickwinkel\u00a0<\/span><span style=\"background-color: var(--body-bg-color);\">oder nutzen Sie die Impulse als<\/span><span style=\"background-color: var(--body-bg-color);\">\u00a0<\/span><span style=\"background-color: var(--body-bg-color);\">Einstiegshilfe\u00a0<\/span><span style=\"background-color: var(--body-bg-color);\">in ein neues Thema.<\/span><\/p><p>Damit die Themen besonders erlebbar werden, arbeiten wir bei den Online Impulse-Workshops auf unseren umfangreich gestalteten Kollaborationsboards.<\/p><p><span style=\"background-color: var(--body-bg-color);\">Das Format funktioniert besondere f\u00fcr die <\/span>folgenden Themen:<\/p><ul><li>Agiles Arbeiten &#8211; aber sinnvoll<\/li><li>Gute Kollaborationsboards schnell und effizient erstellen<\/li><li>Mehr eigene Ideen in die Umsetzung bringen<\/li><li>Zukunftsvisionen im Teameinsatz<\/li><li>Multidisziplin\u00e4res Arbeiten<\/li><li>Design-\/Innovationssprints richtig durchf\u00fchren<\/li><li>Probleme im Tagesgesch\u00e4ft effizient l\u00f6sen<\/li><li>Hilfe! Was tun, wenn mein Innovationsprojekt oder meine Ideenfindung nicht funktionieren<\/li><\/ul><p>Sie haben etwas anderes im Kopf? Sprechen Sie mit uns!<\/p>\t\t\t\t\t\t\t\t<\/div>\n\t\t\t\t<\/div>\n\t\t\t\t\t<\/div>\n\t\t<\/div>\n\t\t\t\t<div class=\"elementor-column elementor-col-50 elementor-top-column elementor-element elementor-element-60bdc2b5\" data-id=\"60bdc2b5\" data-element_type=\"column\">\n\t\t\t<div class=\"elementor-column-wrap--60bdc2b5 elementor-widget-wrap elementor-element-populated\">\n\t\t\t\t\t\t<div class=\"elementor-element elementor-element-0848a7c elementor-hidden-mobile elementor-view-default elementor-widget elementor-widget-icon\" data-id=\"0848a7c\" data-element_type=\"widget\" data-widget_type=\"icon.default\">\n\t\t\t\t<div class=\"elementor-widget-container\">\n\t\t\t\t\t\t\t<div class=\"elementor-icon-wrapper\">\n\t\t\t<div class=\"elementor-icon\">\n\t\t\t<i aria-hidden=\"true\" class=\"icon icon-select\"><\/i>\t\t\t<\/div>\n\t\t<\/div>\n\t\t\t\t\t\t<\/div>\n\t\t\t\t<\/div>\n\t\t\t\t<div class=\"elementor-element elementor-element-5afe7193 elementor-widget elementor-widget-text-editor\" data-id=\"5afe7193\" data-element_type=\"widget\" data-widget_type=\"text-editor.default\">\n\t\t\t\t<div class=\"elementor-widget-container\">\n\t\t\t\t\t\t\t\t\t<p>F\u00fcr Unternehmen, die&#8230;<\/p><ul><li>neue Impulse in ihre Teams bringen m\u00f6chten<\/li><li>ein schnellen Einstieg in ein bestimmtes Thema ben\u00f6tigen<\/li><li>ein multidisziplin\u00e4re Teams schnell und effizient synchronisieren m\u00f6chten<\/li><\/ul>\t\t\t\t\t\t\t\t<\/div>\n\t\t\t\t<\/div>\n\t\t\t\t<div class=\"elementor-element elementor-element-9ce266f elementor-widget elementor-widget-heading\" data-id=\"9ce266f\" data-element_type=\"widget\" data-widget_type=\"heading.default\">\n\t\t\t\t<div class=\"elementor-widget-container\">\n\t\t\t\t\t<h1 class=\"elementor-heading-title elementor-size-default\">Impuls-Workshops liefern Antworten auf die folgenden Fragen:<\/h1>\t\t\t\t<\/div>\n\t\t\t\t<\/div>\n\t\t\t\t<div class=\"elementor-element elementor-element-fad174e elementor-icon-list--layout-traditional elementor-list-item-link-full_width elementor-widget elementor-widget-icon-list\" data-id=\"fad174e\" data-element_type=\"widget\" data-widget_type=\"icon-list.default\">\n\t\t\t\t<div class=\"elementor-widget-container\">\n\t\t\t\t\t\t\t<ul class=\"elementor-icon-list-items\">\n\t\t\t\t\t\t\t<li class=\"elementor-icon-list-item\">\n\t\t\t\t\t\t\t\t\t\t\t<span class=\"elementor-icon-list-icon\">\n\t\t\t\t\t\t\t<i aria-hidden=\"true\" class=\"fas fa-check\"><\/i>\t\t\t\t\t\t<\/span>\n\t\t\t\t\t\t\t\t\t\t<span class=\"elementor-icon-list-text\">Wie schaffen wir einen schnellen Einstieg in ein f\u00fcr uns neues Thema?<\/span>\n\t\t\t\t\t\t\t\t\t<\/li>\n\t\t\t\t\t\t\t\t<li class=\"elementor-icon-list-item\">\n\t\t\t\t\t\t\t\t\t\t\t<span class=\"elementor-icon-list-icon\">\n\t\t\t\t\t\t\t<i aria-hidden=\"true\" class=\"fas fa-check\"><\/i>\t\t\t\t\t\t<\/span>\n\t\t\t\t\t\t\t\t\t\t<span class=\"elementor-icon-list-text\">Wo bekommen wir neue Impulse f\u00fcr ein festgefahrenes Thema her?<\/span>\n\t\t\t\t\t\t\t\t\t<\/li>\n\t\t\t\t\t\t\t\t<li class=\"elementor-icon-list-item\">\n\t\t\t\t\t\t\t\t\t\t\t<span class=\"elementor-icon-list-icon\">\n\t\t\t\t\t\t\t<i aria-hidden=\"true\" class=\"fas fa-check\"><\/i>\t\t\t\t\t\t<\/span>\n\t\t\t\t\t\t\t\t\t\t<span class=\"elementor-icon-list-text\">Wie k\u00f6nnen wir uns in einem Thema m\u00f6glichst schnell synchronisieren?<\/span>\n\t\t\t\t\t\t\t\t\t<\/li>\n\t\t\t\t\t\t\t\t<li class=\"elementor-icon-list-item\">\n\t\t\t\t\t\t\t\t\t\t\t<span class=\"elementor-icon-list-icon\">\n\t\t\t\t\t\t\t<i aria-hidden=\"true\" class=\"fas fa-check\"><\/i>\t\t\t\t\t\t<\/span>\n\t\t\t\t\t\t\t\t\t\t<span class=\"elementor-icon-list-text\">Wie k\u00f6nnen wir effizient ein gleiches Grundverst\u00e4ndnis im Team herstellen?<\/span>\n\t\t\t\t\t\t\t\t\t<\/li>\n\t\t\t\t\t\t\t\t<li class=\"elementor-icon-list-item\">\n\t\t\t\t\t\t\t\t\t\t\t<span class=\"elementor-icon-list-icon\">\n\t\t\t\t\t\t\t<i aria-hidden=\"true\" class=\"fas fa-check\"><\/i>\t\t\t\t\t\t<\/span>\n\t\t\t\t\t\t\t\t\t\t<span class=\"elementor-icon-list-text\">Wie bringen wir frischen Wind ins Team, ohne viel investieren zu m\u00fcssen?<\/span>\n\t\t\t\t\t\t\t\t\t<\/li>\n\t\t\t\t\t\t<\/ul>\n\t\t\t\t\t\t<\/div>\n\t\t\t\t<\/div>\n\t\t\t\t\t<\/div>\n\t\t<\/div>\n\t\t\t\t\t<\/div>\n\t\t<\/section>\n\t\t\t\t<section class=\"elementor-section elementor-top-section elementor-element elementor-element-05e5414 elementor-section-boxed elementor-section-height-default elementor-section-height-default\" data-id=\"05e5414\" data-element_type=\"section\">\n\t\t\t\t\t\t<div class=\"elementor-container elementor-column-gap-default\">\n\t\t\t\t\t<div class=\"elementor-column elementor-col-100 elementor-top-column elementor-element elementor-element-45fbbc8\" data-id=\"45fbbc8\" data-element_type=\"column\">\n\t\t\t<div class=\"elementor-column-wrap--45fbbc8 elementor-widget-wrap elementor-element-populated\">\n\t\t\t\t\t\t<div class=\"elementor-element elementor-element-a8b6ee5 elementor-widget elementor-widget-gallery\" data-id=\"a8b6ee5\" data-element_type=\"widget\" data-settings=\"{&quot;columns&quot;:3,&quot;columns_tablet&quot;:3,&quot;gallery_layout&quot;:&quot;masonry&quot;,&quot;gap_mobile&quot;:{&quot;unit&quot;:&quot;px&quot;,&quot;size&quot;:40,&quot;sizes&quot;:[]},&quot;lazyload&quot;:&quot;yes&quot;,&quot;columns_mobile&quot;:1,&quot;gap&quot;:{&quot;unit&quot;:&quot;px&quot;,&quot;size&quot;:10,&quot;sizes&quot;:[]},&quot;gap_tablet&quot;:{&quot;unit&quot;:&quot;px&quot;,&quot;size&quot;:10,&quot;sizes&quot;:[]},&quot;content_hover_animation&quot;:&quot;fade-in&quot;}\" data-widget_type=\"gallery.default\">\n\t\t\t\t<div class=\"elementor-widget-container\">\n\t\t\t\t\t\t\t<div class=\"elementor-gallery__container\">\n\t\t\t\t\t\t\t<div class=\"e-gallery-item elementor-gallery-item elementor-animated-content\">\n\t\t\t\t\t<div class=\"e-gallery-image elementor-gallery-item__image\" data-thumbnail=\"https:\/\/www.verrocchio.institute\/wp-content\/uploads\/2023\/07\/Impulsworkshop_1-768x432.jpg\" data-width=\"768\" data-height=\"432\" aria-label=\"\" role=\"img\" ><\/div>\n\t\t\t\t\t\t\t\t\t\t\t\t\t\t<\/div>\n\t\t\t\t\t\t\t<div class=\"e-gallery-item elementor-gallery-item elementor-animated-content\">\n\t\t\t\t\t<div class=\"e-gallery-image elementor-gallery-item__image\" data-thumbnail=\"https:\/\/www.verrocchio.institute\/wp-content\/uploads\/2023\/07\/Impulsworkshop_2-768x432.jpg\" data-width=\"768\" data-height=\"432\" aria-label=\"\" role=\"img\" ><\/div>\n\t\t\t\t\t\t\t\t\t\t\t\t\t\t<\/div>\n\t\t\t\t\t\t\t<div class=\"e-gallery-item elementor-gallery-item elementor-animated-content\">\n\t\t\t\t\t<div class=\"e-gallery-image elementor-gallery-item__image\" data-thumbnail=\"https:\/\/www.verrocchio.institute\/wp-content\/uploads\/2023\/07\/Impulsworkshop_3-768x432.jpg\" data-width=\"768\" data-height=\"432\" aria-label=\"\" role=\"img\" ><\/div>\n\t\t\t\t\t\t\t\t\t\t\t\t\t\t<\/div>\n\t\t\t\t\t<\/div>\n\t\t\t\t\t<\/div>\n\t\t\t\t<\/div>\n\t\t\t\t\t<\/div>\n\t\t<\/div>\n\t\t\t\t\t<\/div>\n\t\t<\/section>\n\t\t\t\t<section class=\"elementor-section elementor-top-section elementor-element elementor-element-6475bbc rey-section-bg--classic elementor-section-boxed elementor-section-height-default elementor-section-height-default elementor-invisible\" data-id=\"6475bbc\" data-element_type=\"section\" data-settings=\"{&quot;background_background&quot;:&quot;classic&quot;,&quot;animation&quot;:&quot;fadeIn&quot;}\">\n\t\t\t\t\t\t<div class=\"elementor-container elementor-column-gap-default\">\n\t\t\t\t\t<div class=\"elementor-column elementor-col-100 elementor-top-column elementor-element elementor-element-6a741dd\" data-id=\"6a741dd\" data-element_type=\"column\">\n\t\t\t<div class=\"elementor-column-wrap--6a741dd elementor-widget-wrap elementor-element-populated\">\n\t\t\t\t\t\t<div class=\"elementor-element elementor-element-98e6212 elementor-widget elementor-widget-heading\" data-id=\"98e6212\" data-element_type=\"widget\" data-widget_type=\"heading.default\">\n\t\t\t\t<div class=\"elementor-widget-container\">\n\t\t\t\t\t<h2 class=\"elementor-heading-title elementor-size-default\">Wir beraten Sie<\/h2>\t\t\t\t<\/div>\n\t\t\t\t<\/div>\n\t\t\t\t\t<\/div>\n\t\t<\/div>\n\t\t\t\t\t<\/div>\n\t\t<\/section>\n\t\t\t\t<section class=\"elementor-section elementor-top-section elementor-element elementor-element-dc49e68 elementor-section-boxed elementor-section-height-default elementor-section-height-default elementor-invisible\" data-id=\"dc49e68\" data-element_type=\"section\" data-settings=\"{&quot;animation&quot;:&quot;fadeInUp&quot;}\">\n\t\t\t\t\t\t<div class=\"elementor-container elementor-column-gap-default\">\n\t\t\t\t\t<div class=\"elementor-column elementor-col-50 elementor-top-column elementor-element elementor-element-2951d9e elementor-invisible\" data-id=\"2951d9e\" data-element_type=\"column\" data-settings=\"{&quot;animation&quot;:&quot;fadeIn&quot;}\">\n\t\t\t<div class=\"elementor-column-wrap--2951d9e elementor-widget-wrap elementor-element-populated\">\n\t\t\t\t\t\t<div class=\"elementor-element elementor-element-69a15d3 elementor-widget elementor-widget-image\" data-id=\"69a15d3\" data-element_type=\"widget\" data-widget_type=\"image.default\">\n\t\t\t\t<div class=\"elementor-widget-container\">\n\t\t\t\t\t\t\t\t\t\t\t\t\t\t\t<img decoding=\"async\" src=\"https:\/\/www.verrocchio.institute\/wp-content\/uploads\/elementor\/thumbs\/Kontaktfotos-Website-qe108iz18obw9babao0syw94zpn1mjpobh4q7b7sm8.png\" title=\"Kontaktfotos &#8211; Website\" alt=\"Kontaktfotos - Website\" loading=\"lazy\" \/>\t\t\t\t\t\t\t\t\t\t\t\t\t\t\t<\/div>\n\t\t\t\t<\/div>\n\t\t\t\t\t<\/div>\n\t\t<\/div>\n\t\t\t\t<div class=\"elementor-column elementor-col-50 elementor-top-column elementor-element elementor-element-c033510 elementor-invisible\" data-id=\"c033510\" data-element_type=\"column\" data-settings=\"{&quot;animation&quot;:&quot;fadeIn&quot;}\">\n\t\t\t<div class=\"elementor-column-wrap--c033510 elementor-widget-wrap elementor-element-populated\">\n\t\t\t\t\t\t<div class=\"elementor-element elementor-element-55b86ff elementor-hidden-mobile elementor-widget elementor-widget-spacer\" data-id=\"55b86ff\" data-element_type=\"widget\" data-widget_type=\"spacer.default\">\n\t\t\t\t<div class=\"elementor-widget-container\">\n\t\t\t\t\t\t\t<div class=\"elementor-spacer\">\n\t\t\t<div class=\"elementor-spacer-inner\"><\/div>\n\t\t<\/div>\n\t\t\t\t\t\t<\/div>\n\t\t\t\t<\/div>\n\t\t\t\t<div class=\"elementor-element elementor-element-1afcb11 elementor-widget elementor-widget-text-editor\" data-id=\"1afcb11\" data-element_type=\"widget\" data-widget_type=\"text-editor.default\">\n\t\t\t\t<div class=\"elementor-widget-container\">\n\t\t\t\t\t\t\t\t\t<p class=\"cvGsUA direction-ltr align-center para-style-body\"><span class=\"OYPEnA text-decoration-none text-strikethrough-none\">Hi, ich bin Christina und unterst\u00fctze Sie jederzeit, ganz individuell, <\/span><span class=\"OYPEnA text-decoration-none text-strikethrough-none\">um die beste Form der Zusammenarbeit zu finden.<\/span><\/p><p class=\"cvGsUA direction-ltr align-center para-style-body\"><span class=\"OYPEnA text-decoration-none text-strikethrough-none\">mail@verrocchio-institute.com<br \/><br \/><\/span><span class=\"OYPEnA text-decoration-none text-strikethrough-none\">+ 49 211 822 045 60<\/span><\/p>\t\t\t\t\t\t\t\t<\/div>\n\t\t\t\t<\/div>\n\t\t\t\t<div class=\"elementor-element elementor-element-b7af8df elementor-align-left elementor-widget elementor-widget-button\" data-id=\"b7af8df\" data-element_type=\"widget\" data-widget_type=\"button.default\">\n\t\t\t\t<div class=\"elementor-widget-container\">\n\t\t\t\t\t\t\t\t\t<div class=\"elementor-button-wrapper\">\n\t\t\t\t\t<a class=\"elementor-button elementor-button-link elementor-size-md\" href=\"https:\/\/verrocchio.tucalendi.com\/christina-westing\/get-to-know-us\" target=\"_blank\" rel=\"noopener\">\n\t\t\t\t\t\t<span class=\"elementor-button-content-wrapper\">\n\t\t\t\t\t\t<span class=\"elementor-button-icon\">\n\t\t\t\t<i aria-hidden=\"true\" class=\"far fa-comments\"><\/i>\t\t\t<\/span>\n\t\t\t\t\t\t\t\t\t<span class=\"elementor-button-text\">Direkt Termin vereinbaren<\/span>\n\t\t\t\t\t<\/span>\n\t\t\t\t\t<\/a>\n\t\t\t\t<\/div>\n\t\t\t\t\t\t\t\t<\/div>\n\t\t\t\t<\/div>\n\t\t\t\t\t<\/div>\n\t\t<\/div>\n\t\t\t\t\t<\/div>\n\t\t<\/section>\n\t\t\t\t<\/div>\n\t\t","protected":false},"excerpt":{"rendered":"<p>Kleiner Impuls &#8211; gro\u00dfe Wirkung Um in unserer hochkomplexen Welt &#8222;am Ball zu bleiben&#8220; k\u00f6nnen regelm\u00e4\u00dfig eingestreute Impulse immer wieder neue Blickwinkel sichtbar machen und spannende Themenfelder aufdecken.\u00a0 Ein kurzweiliger interaktiver Online-Workshop kann hier bereits Gro\u00dfes bewirken. Ein Format, dass sich wunderbar ins t\u00e4glich Doing einbinden l\u00e4sst. Online f\u00fcr alle In unserem 90-min\u00fctigen intensiven Online-Workshopformat [&hellip;]<\/p>\n","protected":false},"author":10,"featured_media":0,"parent":876,"menu_order":0,"comment_status":"closed","ping_status":"closed","template":"template-builder-stretch.php","meta":{"_acf_changed":false,"footnotes":""},"class_list":["post-23256","page","type-page","status-publish","hentry"],"acf":[],"_links":{"self":[{"href":"https:\/\/www.verrocchio.institute\/de\/wp-json\/wp\/v2\/pages\/23256","targetHints":{"allow":["GET"]}}],"collection":[{"href":"https:\/\/www.verrocchio.institute\/de\/wp-json\/wp\/v2\/pages"}],"about":[{"href":"https:\/\/www.verrocchio.institute\/de\/wp-json\/wp\/v2\/types\/page"}],"author":[{"embeddable":true,"href":"https:\/\/www.verrocchio.institute\/de\/wp-json\/wp\/v2\/users\/10"}],"replies":[{"embeddable":true,"href":"https:\/\/www.verrocchio.institute\/de\/wp-json\/wp\/v2\/comments?post=23256"}],"version-history":[{"count":70,"href":"https:\/\/www.verrocchio.institute\/de\/wp-json\/wp\/v2\/pages\/23256\/revisions"}],"predecessor-version":[{"id":28333,"href":"https:\/\/www.verrocchio.institute\/de\/wp-json\/wp\/v2\/pages\/23256\/revisions\/28333"}],"up":[{"embeddable":true,"href":"https:\/\/www.verrocchio.institute\/de\/wp-json\/wp\/v2\/pages\/876"}],"wp:attachment":[{"href":"https:\/\/www.verrocchio.institute\/de\/wp-json\/wp\/v2\/media?parent=23256"}],"curies":[{"name":"wp","href":"https:\/\/api.w.org\/{rel}","templated":true}]}}