{"id":25062,"date":"2024-04-08T16:11:44","date_gmt":"2024-04-08T16:11:44","guid":{"rendered":"https:\/\/www.verrocchio.institute\/?page_id=25062"},"modified":"2024-04-08T16:24:41","modified_gmt":"2024-04-08T16:24:41","slug":"verrocchio-fellow-ruba-haddad","status":"publish","type":"page","link":"https:\/\/www.verrocchio.institute\/de\/about-us\/fellows\/verrocchio-fellow-ruba-haddad\/","title":{"rendered":"verrocchio Fellow: Ruba Haddad"},"content":{"rendered":"\t\t<div data-elementor-type=\"wp-page\" data-elementor-id=\"25062\" class=\"elementor elementor-25062\" data-elementor-post-type=\"page\">\n\t\t\t\t\t\t<section class=\"elementor-section elementor-top-section elementor-element elementor-element-bccf440 rey-section-stretched elementor-section-height-min-height rey-section-bg--classic elementor-section-boxed elementor-section-height-default elementor-section-items-middle\" data-id=\"bccf440\" data-element_type=\"section\" data-settings=\"{&quot;background_background&quot;:&quot;classic&quot;}\">\n\t\t\t\t\t\t\t<div class=\"elementor-background-overlay\"><\/div>\n\t\t\t\t\t\t\t<div class=\"elementor-container elementor-column-gap-default\">\n\t\t\t\t\t<div class=\"elementor-column elementor-col-100 elementor-top-column elementor-element elementor-element-2fa19eb6\" data-id=\"2fa19eb6\" data-element_type=\"column\">\n\t\t\t<div class=\"elementor-column-wrap--2fa19eb6 elementor-widget-wrap elementor-element-populated\">\n\t\t\t\t\t\t<div class=\"elementor-element elementor-element-412da99 elementor-widget elementor-widget-heading\" data-id=\"412da99\" data-element_type=\"widget\" data-widget_type=\"heading.default\">\n\t\t\t\t<div class=\"elementor-widget-container\">\n\t\t\t\t\t<h1 class=\"elementor-heading-title elementor-size-default\">Ruba Haddad<\/h1>\t\t\t\t<\/div>\n\t\t\t\t<\/div>\n\t\t\t\t<div class=\"elementor-element elementor-element-1c55b3e3 elementor-widget elementor-widget-text-editor\" data-id=\"1c55b3e3\" data-element_type=\"widget\" data-widget_type=\"text-editor.default\">\n\t\t\t\t<div class=\"elementor-widget-container\">\n\t\t\t\t\t\t\t\t\t<p>verrocchio Fellow \u2013 Business Coach, Innovation Coach mit Schwerpunkt Bildungswesen<\/p>\t\t\t\t\t\t\t\t<\/div>\n\t\t\t\t<\/div>\n\t\t\t\t\t<\/div>\n\t\t<\/div>\n\t\t\t\t\t<\/div>\n\t\t<\/section>\n\t\t\t\t<section class=\"elementor-section elementor-top-section elementor-element elementor-element-44a936fe elementor-section-boxed elementor-section-height-default elementor-section-height-default\" data-id=\"44a936fe\" data-element_type=\"section\">\n\t\t\t\t\t\t<div class=\"elementor-container elementor-column-gap-default\">\n\t\t\t\t\t<div class=\"elementor-column elementor-col-100 elementor-top-column elementor-element elementor-element-2ee9ad37\" data-id=\"2ee9ad37\" data-element_type=\"column\">\n\t\t\t<div class=\"elementor-column-wrap--2ee9ad37 elementor-widget-wrap elementor-element-populated\">\n\t\t\t\t\t\t<div class=\"elementor-element elementor-element-1f282b7e elementor-widget elementor-widget-image\" data-id=\"1f282b7e\" data-element_type=\"widget\" data-widget_type=\"image.default\">\n\t\t\t\t<div class=\"elementor-widget-container\">\n\t\t\t\t\t\t\t\t\t\t\t\t\t\t\t\t<a href=\"#more\">\n\t\t\t\t\t\t\t<img decoding=\"async\" src=\"https:\/\/www.verrocchio.institute\/wp-content\/uploads\/2020\/11\/down.svg\" class=\"attachment-full size-full wp-image-2724\" alt=\"\" \/>\t\t\t\t\t\t\t\t<\/a>\n\t\t\t\t\t\t\t\t\t\t\t\t\t\t\t<\/div>\n\t\t\t\t<\/div>\n\t\t\t\t\t<\/div>\n\t\t<\/div>\n\t\t\t\t\t<\/div>\n\t\t<\/section>\n\t\t\t\t<section class=\"elementor-section elementor-top-section elementor-element elementor-element-1db6a39 rey-section-stretched elementor-section-boxed elementor-section-height-default elementor-section-height-default\" data-id=\"1db6a39\" data-element_type=\"section\" id=\"more\">\n\t\t\t\t\t\t<div class=\"elementor-container elementor-column-gap-default\">\n\t\t\t\t\t<div class=\"elementor-column elementor-col-50 elementor-top-column elementor-element elementor-element-4f1fa519\" data-id=\"4f1fa519\" data-element_type=\"column\">\n\t\t\t<div class=\"elementor-column-wrap--4f1fa519 elementor-widget-wrap elementor-element-populated\">\n\t\t\t\t\t\t<div class=\"elementor-element elementor-element-fe37177 elementor-widget elementor-widget-heading\" data-id=\"fe37177\" data-element_type=\"widget\" data-widget_type=\"heading.default\">\n\t\t\t\t<div class=\"elementor-widget-container\">\n\t\t\t\t\t<h2 class=\"elementor-heading-title elementor-size-default\">\u00dcber Ruba<\/h2>\t\t\t\t<\/div>\n\t\t\t\t<\/div>\n\t\t\t\t\t<\/div>\n\t\t<\/div>\n\t\t\t\t<div class=\"elementor-column elementor-col-50 elementor-top-column elementor-element elementor-element-38ec97c5\" data-id=\"38ec97c5\" data-element_type=\"column\">\n\t\t\t<div class=\"elementor-column-wrap--38ec97c5 elementor-widget-wrap elementor-element-populated\">\n\t\t\t\t\t\t<div class=\"elementor-element elementor-element-1188ce5d elementor-widget elementor-widget-text-editor\" data-id=\"1188ce5d\" data-element_type=\"widget\" data-widget_type=\"text-editor.default\">\n\t\t\t\t<div class=\"elementor-widget-container\">\n\t\t\t\t\t\t\t\t\t<p>Ruba ist zertifizierter Business Coach, lebt in Maine (USA) und begleitet verrocchio seit 2020, als ihre unersch\u00fctterliche Neugier und Leidenschaft sie zu uns in die Innovation Coach Ausbildung brachte.<\/p><p><span style=\"background-color: var(--body-bg-color); font-weight: var(--body-font-weight,400);\">Im Mittelpunkt von Rubas Philosophie steht die \u00dcberzeugung, dass die F\u00f6rderung von Kreativit\u00e4t und Innovation bei jedem Menschen Hoffnung wecken kann und somit zum Handeln inspiriert. Ihre Vision ist eine Welt, in der diese Werte in den Alltag eingeflochten sind, um die n\u00e4chste Generation zu inspirieren und Fortschritt voranzutreiben.\u00a0<\/span><\/p><p><span style=\"background-color: var(--body-bg-color); font-weight: var(--body-font-weight,400);\">Ihr fundiertes Innovationswissen, gepaart mit ihrer einzigartigen Kombination aus Leidenschaft, Interesse f\u00fcr die Menschen und zielstrebigem Engagement macht Ruba zu einer ganz besonderen Art Innovation Coach, der Menschen inspiriert und fesselt.<\/span><\/p>\t\t\t\t\t\t\t\t<\/div>\n\t\t\t\t<\/div>\n\t\t\t\t<div class=\"elementor-element elementor-element-634f483 elementor-widget elementor-widget-image\" data-id=\"634f483\" data-element_type=\"widget\" data-widget_type=\"image.default\">\n\t\t\t\t<div class=\"elementor-widget-container\">\n\t\t\t\t\t\t\t\t\t\t\t\t\t\t\t<img fetchpriority=\"high\" decoding=\"async\" width=\"768\" height=\"346\" src=\"https:\/\/www.verrocchio.institute\/wp-content\/uploads\/2024\/04\/20230118_072420-768x346.jpg\" class=\"attachment-medium_large size-medium_large wp-image-25067\" alt=\"\" srcset=\"https:\/\/www.verrocchio.institute\/wp-content\/uploads\/2024\/04\/20230118_072420-768x346.jpg 768w, https:\/\/www.verrocchio.institute\/wp-content\/uploads\/2024\/04\/20230118_072420-300x135.jpg 300w, https:\/\/www.verrocchio.institute\/wp-content\/uploads\/2024\/04\/20230118_072420-1024x461.jpg 1024w, https:\/\/www.verrocchio.institute\/wp-content\/uploads\/2024\/04\/20230118_072420-1536x691.jpg 1536w, https:\/\/www.verrocchio.institute\/wp-content\/uploads\/2024\/04\/20230118_072420-2048x922.jpg 2048w\" sizes=\"(max-width: 768px) 100vw, 768px\" \/>\t\t\t\t\t\t\t\t\t\t\t\t\t\t\t<\/div>\n\t\t\t\t<\/div>\n\t\t\t\t\t<\/div>\n\t\t<\/div>\n\t\t\t\t\t<\/div>\n\t\t<\/section>\n\t\t\t\t<section class=\"elementor-section elementor-top-section elementor-element elementor-element-6d74d424 rey-section-bg--classic elementor-section-content-top elementor-section-boxed elementor-section-height-default elementor-section-height-default\" data-id=\"6d74d424\" data-element_type=\"section\" data-settings=\"{&quot;background_background&quot;:&quot;classic&quot;}\">\n\t\t\t\t\t\t<div class=\"elementor-container elementor-column-gap-default\">\n\t\t\t\t\t<div class=\"elementor-column elementor-col-50 elementor-top-column elementor-element elementor-element-3056da96\" data-id=\"3056da96\" data-element_type=\"column\">\n\t\t\t<div class=\"elementor-column-wrap--3056da96 elementor-widget-wrap elementor-element-populated\">\n\t\t\t\t\t\t<div class=\"elementor-element elementor-element-2240719 elementor-widget elementor-widget-heading\" data-id=\"2240719\" data-element_type=\"widget\" data-widget_type=\"heading.default\">\n\t\t\t\t<div class=\"elementor-widget-container\">\n\t\t\t\t\t<h2 class=\"elementor-heading-title elementor-size-default\">Wissenswert<\/h2>\t\t\t\t<\/div>\n\t\t\t\t<\/div>\n\t\t\t\t\t<\/div>\n\t\t<\/div>\n\t\t\t\t<div class=\"elementor-column elementor-col-50 elementor-top-column elementor-element elementor-element-6e9a3fd5\" data-id=\"6e9a3fd5\" data-element_type=\"column\">\n\t\t\t<div class=\"elementor-column-wrap--6e9a3fd5 elementor-widget-wrap elementor-element-populated\">\n\t\t\t\t\t\t<div class=\"elementor-element elementor-element-78698bcb elementor-widget elementor-widget-text-editor\" data-id=\"78698bcb\" data-element_type=\"widget\" data-widget_type=\"text-editor.default\">\n\t\t\t\t<div class=\"elementor-widget-container\">\n\t\t\t\t\t\t\t\t\t<p>Mit ihrem reichen Bildungshintergrund sowohl in Jordanien als auch in den USA hat Ruba mit Leidenschaft F\u00e4cher von Kunst und Design bis hin zu Mathematik auf verschiedenen Bildungsebenen unterrichtet.<\/p>\n<p>Ihr vielf\u00e4ltiger Hintergrund im Bildungswesen und im Kulturellen bereichert Rubas T\u00e4tigkeiten sowohl im Business Coaching, als auch im Innovation Coaching. Hauptberuflich arbeitet sie im Digital Marketing. In Ihrer Freizeit ist sie a<span style=\"color: var( --e-global-color-text ); font-weight: var(--body-font-weight,400);\">ls Vorsitzende des Ausschusses f\u00fcr den Internationalen Dienst in ihrem Rotary Club t\u00e4tig und setzt ihre Coaching-F\u00e4higkeiten und ihr innovatives Denken ein, um Mitglieder zu st\u00e4rken und wirkungsvolle Spendeninitiativen anzuf\u00fchren.<\/span><\/p>\t\t\t\t\t\t\t\t<\/div>\n\t\t\t\t<\/div>\n\t\t\t\t\t<\/div>\n\t\t<\/div>\n\t\t\t\t\t<\/div>\n\t\t<\/section>\n\t\t\t\t<section class=\"elementor-section elementor-top-section elementor-element elementor-element-2ef38913 rey-section-bg--classic elementor-section-boxed elementor-section-height-default elementor-section-height-default\" data-id=\"2ef38913\" data-element_type=\"section\" data-settings=\"{&quot;background_background&quot;:&quot;classic&quot;}\">\n\t\t\t\t\t\t<div class=\"elementor-container elementor-column-gap-default\">\n\t\t\t\t\t<div class=\"elementor-column elementor-col-33 elementor-top-column elementor-element elementor-element-1988f4a4\" data-id=\"1988f4a4\" data-element_type=\"column\">\n\t\t\t<div class=\"elementor-column-wrap--1988f4a4 elementor-widget-wrap elementor-element-populated\">\n\t\t\t\t\t\t<div class=\"elementor-element elementor-element-acdaa8f elementor-widget elementor-widget-image\" data-id=\"acdaa8f\" data-element_type=\"widget\" data-widget_type=\"image.default\">\n\t\t\t\t<div class=\"elementor-widget-container\">\n\t\t\t\t\t\t\t\t\t\t\t\t\t\t\t<img decoding=\"async\" src=\"https:\/\/www.verrocchio.institute\/wp-content\/uploads\/elementor\/thumbs\/2024-03-28-07.11.32-qmexh5gccstn9hwzp2yll6zmmorx0lxbrl9x9jqe1e.jpg\" title=\"2024-03-28 07.11.32\" alt=\"2024-03-28 07.11.32\" loading=\"lazy\" \/>\t\t\t\t\t\t\t\t\t\t\t\t\t\t\t<\/div>\n\t\t\t\t<\/div>\n\t\t\t\t\t<\/div>\n\t\t<\/div>\n\t\t\t\t<div class=\"elementor-column elementor-col-66 elementor-top-column elementor-element elementor-element-a06ab80\" data-id=\"a06ab80\" data-element_type=\"column\">\n\t\t\t<div class=\"elementor-column-wrap--a06ab80 elementor-widget-wrap elementor-element-populated\">\n\t\t\t\t\t\t<div class=\"elementor-element elementor-element-55e8c534 elementor-widget elementor-widget-heading\" data-id=\"55e8c534\" data-element_type=\"widget\" data-widget_type=\"heading.default\">\n\t\t\t\t<div class=\"elementor-widget-container\">\n\t\t\t\t\t<h2 class=\"elementor-heading-title elementor-size-default\">Ihr Beitrag als verrocchio Fellow<\/h2>\t\t\t\t<\/div>\n\t\t\t\t<\/div>\n\t\t\t\t<div class=\"elementor-element elementor-element-4770ba79 elementor-widget elementor-widget-text-editor\" data-id=\"4770ba79\" data-element_type=\"widget\" data-widget_type=\"text-editor.default\">\n\t\t\t\t<div class=\"elementor-widget-container\">\n\t\t\t\t\t\t\t\t\t<p>Mit ihrem Engagement f\u00fcr einen positiven Einfluss setzt Ruba Kreativit\u00e4t und Innovation ein, um sinnvolle Ver\u00e4nderungen voranzutreiben und eine Kultur des einander Unterst\u00fctzens und der gegenseitigen Inspiration zu f\u00f6rdern.<\/p><p>Mit ihrem einzigartigen Hintergrund und ihren individuellen Erfahrungen bietet Ruba wertvolle Blickwinkel auf das Thema Innovation im internationalen Kontext. Dar\u00fcberhinaus ist sie Sparrings-Partner in Sachen M\u00f6glichkeiten und Formate, um den inspirierenden Funken der Innovation an die n\u00e4chsten Generationen weiterzugeben.<\/p>\t\t\t\t\t\t\t\t<\/div>\n\t\t\t\t<\/div>\n\t\t\t\t\t<\/div>\n\t\t<\/div>\n\t\t\t\t\t<\/div>\n\t\t<\/section>\n\t\t\t\t<\/div>\n\t\t","protected":false},"excerpt":{"rendered":"<p>Ruba Haddad verrocchio Fellow \u2013 Business Coach, Innovation Coach mit Schwerpunkt Bildungswesen \u00dcber Ruba Ruba ist zertifizierter Business Coach, lebt in Maine (USA) und begleitet verrocchio seit 2020, als ihre unersch\u00fctterliche Neugier und Leidenschaft sie zu uns in die Innovation Coach Ausbildung brachte. Im Mittelpunkt von Rubas Philosophie steht die \u00dcberzeugung, dass die F\u00f6rderung von [&hellip;]<\/p>\n","protected":false},"author":10,"featured_media":0,"parent":1556,"menu_order":0,"comment_status":"closed","ping_status":"closed","template":"template-builder-stretch.php","meta":{"_acf_changed":false,"footnotes":""},"class_list":["post-25062","page","type-page","status-publish","hentry"],"acf":[],"_links":{"self":[{"href":"https:\/\/www.verrocchio.institute\/de\/wp-json\/wp\/v2\/pages\/25062","targetHints":{"allow":["GET"]}}],"collection":[{"href":"https:\/\/www.verrocchio.institute\/de\/wp-json\/wp\/v2\/pages"}],"about":[{"href":"https:\/\/www.verrocchio.institute\/de\/wp-json\/wp\/v2\/types\/page"}],"author":[{"embeddable":true,"href":"https:\/\/www.verrocchio.institute\/de\/wp-json\/wp\/v2\/users\/10"}],"replies":[{"embeddable":true,"href":"https:\/\/www.verrocchio.institute\/de\/wp-json\/wp\/v2\/comments?post=25062"}],"version-history":[{"count":7,"href":"https:\/\/www.verrocchio.institute\/de\/wp-json\/wp\/v2\/pages\/25062\/revisions"}],"predecessor-version":[{"id":25086,"href":"https:\/\/www.verrocchio.institute\/de\/wp-json\/wp\/v2\/pages\/25062\/revisions\/25086"}],"up":[{"embeddable":true,"href":"https:\/\/www.verrocchio.institute\/de\/wp-json\/wp\/v2\/pages\/1556"}],"wp:attachment":[{"href":"https:\/\/www.verrocchio.institute\/de\/wp-json\/wp\/v2\/media?parent=25062"}],"curies":[{"name":"wp","href":"https:\/\/api.w.org\/{rel}","templated":true}]}}