{"id":5915,"date":"2020-11-13T09:59:52","date_gmt":"2020-11-13T09:59:52","guid":{"rendered":"https:\/\/www.verrocchio.institute\/imprint\/"},"modified":"2023-06-27T09:17:17","modified_gmt":"2023-06-27T09:17:17","slug":"imprint","status":"publish","type":"page","link":"https:\/\/www.verrocchio.institute\/en\/imprint\/","title":{"rendered":"Imprint"},"content":{"rendered":"\t\t<div data-elementor-type=\"wp-page\" data-elementor-id=\"5915\" class=\"elementor elementor-5915 elementor-5905\" data-elementor-post-type=\"page\">\n\t\t\t\t\t\t<section class=\"elementor-section elementor-top-section elementor-element elementor-element-35154054 rey-section-stretched elementor-section-height-min-height rey-section-bg--classic elementor-section-boxed elementor-section-height-default elementor-section-items-middle\" data-id=\"35154054\" data-element_type=\"section\" data-e-type=\"section\" data-settings=\"{&quot;background_background&quot;:&quot;classic&quot;}\">\n\t\t\t\t\t\t\t<div class=\"elementor-background-overlay\"><\/div>\n\t\t\t\t\t\t\t<div class=\"elementor-container elementor-column-gap-default\">\n\t\t\t\t\t<div class=\"elementor-column elementor-col-100 elementor-top-column elementor-element elementor-element-4ff52150\" data-id=\"4ff52150\" data-element_type=\"column\" data-e-type=\"column\">\n\t\t\t<div class=\"elementor-column-wrap--4ff52150 elementor-widget-wrap elementor-element-populated\">\n\t\t\t\t\t\t<div class=\"elementor-element elementor-element-1827018a elementor-widget elementor-widget-heading\" data-id=\"1827018a\" data-element_type=\"widget\" data-e-type=\"widget\" data-widget_type=\"heading.default\">\n\t\t\t\t<div class=\"elementor-widget-container\">\n\t\t\t\t\t<h1 class=\"elementor-heading-title elementor-size-default\">Imprint<\/h1>\t\t\t\t<\/div>\n\t\t\t\t<\/div>\n\t\t\t\t\t<\/div>\n\t\t<\/div>\n\t\t\t\t\t<\/div>\n\t\t<\/section>\n\t\t\t\t<section class=\"elementor-section elementor-top-section elementor-element elementor-element-10e86df3 elementor-section-boxed elementor-section-height-default elementor-section-height-default\" data-id=\"10e86df3\" data-element_type=\"section\" data-e-type=\"section\">\n\t\t\t\t\t\t<div class=\"elementor-container elementor-column-gap-default\">\n\t\t\t\t\t<div class=\"elementor-column elementor-col-100 elementor-top-column elementor-element elementor-element-39a3e255\" data-id=\"39a3e255\" data-element_type=\"column\" data-e-type=\"column\">\n\t\t\t<div class=\"elementor-column-wrap--39a3e255 elementor-widget-wrap elementor-element-populated\">\n\t\t\t\t\t\t<div class=\"elementor-element elementor-element-6d87c19d elementor-widget elementor-widget-image\" data-id=\"6d87c19d\" data-element_type=\"widget\" data-e-type=\"widget\" data-widget_type=\"image.default\">\n\t\t\t\t<div class=\"elementor-widget-container\">\n\t\t\t\t\t\t\t\t\t\t\t\t\t\t\t\t<a href=\"#more\">\n\t\t\t\t\t\t\t<img decoding=\"async\" src=\"https:\/\/www.verrocchio.institute\/wp-content\/uploads\/2020\/11\/down.svg\" class=\"attachment-full size-full wp-image-2723\" alt=\"\" \/>\t\t\t\t\t\t\t\t<\/a>\n\t\t\t\t\t\t\t\t\t\t\t\t\t\t\t<\/div>\n\t\t\t\t<\/div>\n\t\t\t\t\t<\/div>\n\t\t<\/div>\n\t\t\t\t\t<\/div>\n\t\t<\/section>\n\t\t\t\t<section class=\"elementor-section elementor-top-section elementor-element elementor-element-dfc4ff0 rey-section-stretched elementor-section-boxed elementor-section-height-default elementor-section-height-default\" data-id=\"dfc4ff0\" data-element_type=\"section\" data-e-type=\"section\" id=\"more\">\n\t\t\t\t\t\t<div class=\"elementor-container elementor-column-gap-default\">\n\t\t\t\t\t<div class=\"elementor-column elementor-col-100 elementor-top-column elementor-element elementor-element-a4d3e99\" data-id=\"a4d3e99\" data-element_type=\"column\" data-e-type=\"column\">\n\t\t\t<div class=\"elementor-column-wrap--a4d3e99 elementor-widget-wrap elementor-element-populated\">\n\t\t\t\t\t\t<div class=\"elementor-element elementor-element-626dcb93 elementor-widget elementor-widget-text-editor\" data-id=\"626dcb93\" data-element_type=\"widget\" data-e-type=\"widget\" data-widget_type=\"text-editor.default\">\n\t\t\t\t<div class=\"elementor-widget-container\">\n\t\t\t\t\t\t\t\t\t<h1>Site Notice<\/h1>\n<h2>Information pursuant to Sect. 5 German Telemedia Act (TMG)<\/h2>\n<p>Verrocchio Institute for Innovation Competence AG<br>Achillesstr. 10<br>40545 D\u00fcsseldorf<\/p>\n<p>Commercial Register: D\u00fcsseldorf HRB 98917<br>Registration court: Amtsgericht D\u00fcsseldorf<\/p>\n<p><strong>Represented by:<\/strong><br>Christian Buchholz und Benno van Aerssen<\/p>\n<p><span style=\"font-weight: var(--font-weight-bold); background-color: var(--body-bg-color);\">Chairmen of the supervisory board:<br>Konrad Willemsen, Weeze<\/span><br><\/p>\n<h2>Contact<\/h2>\n<p>Phone: +49 211 822 045 60<br>Telefax: +49 211 5508882<br>E-mail: hello@verrocchio.institute<\/p>\n<h2>VAT ID<\/h2>\n<p>Sales tax identification number according to Sect. 27 a of the Sales Tax Law:<br>DE305915526<\/p>\n<h2>Person responsible for editorial<\/h2>\n<p>Christian Buchholz, verrocchio Institute for Innovation Competence GmbH, Achillesstr. 10, 40545 D\u00fcsseldorf<\/p>\n<h2>EU dispute resolution<\/h2>\n<p>The European Commission provides a platform for online dispute resolution (ODR): <a href=\"https:\/\/ec.europa.eu\/consumers\/odr\" target=\"_blank\" rel=\"noopener noreferrer\">https:\/\/ec.europa.eu\/consumers\/odr<\/a>.<br> Our e-mail address can be found above in the site notice.<\/p>\n<h2>Dispute resolution proceedings in front of a consumer arbitration board<\/h2>\n<p>We are not willing or obliged to participate in dispute resolution proceedings in front of a consumer arbitration board.<\/p>\n<h3>Liability for Contents<\/h3>\n<p>As service providers, we are liable for own contents of these websites according to Paragraph 7, Sect. 1 German Telemedia Act (TMG). However, according to Paragraphs 8 to 10 German Telemedia Act (TMG), service providers are not obligated to permanently monitor submitted or stored information or to search for evidences that indicate illegal activities.<\/p>\n<p>Legal obligations to removing information or to blocking the use of information remain unchallenged. In this case, liability is only possible at the time of knowledge about a specific violation of law. Illegal contents will be removed immediately at the time we get knowledge of them.<\/p>\n<h3>Liability for Links<\/h3>\n<p>Our offer includes links to external third-party websites. We have no influence on the contents of those websites, therefore we cannot guarantee for those contents. Providers or administrators of linked websites are always responsible for their own contents.<\/p>\n<p>The linked websites had been checked for possible violations of law at the time of the establishment of the link. Illegal contents were not detected at the time of the linking. A permanent monitoring of the contents of linked websites cannot be imposed without reasonable indications that there has been a violation of law. Illegal links will be removed immediately at the time we get knowledge of them.<\/p>\n<h3>Copyright<\/h3>\n<p>Contents and compilations published on these websites by the providers are subject to German copyright laws. Reproduction, editing, distribution as well as the use of any kind outside the scope of the copyright law require a written permission of the author or originator. Downloads and copies of these websites are permitted for private use only.<br> The commercial use of our contents without permission of the originator is prohibited.<\/p>\n<p>Copyright laws of third parties are respected as long as the contents on these websites do not originate from the provider. Contributions of third parties on this site are indicated as such. However, if you notice any violations of copyright law, please inform us. Such contents will be removed immediately.<\/p>\t\t\t\t\t\t\t\t<\/div>\n\t\t\t\t<\/div>\n\t\t\t\t\t<\/div>\n\t\t<\/div>\n\t\t\t\t\t<\/div>\n\t\t<\/section>\n\t\t\t\t<\/div>\n\t\t","protected":false},"excerpt":{"rendered":"<p>Imprint Site Notice Information pursuant to Sect. 5 German Telemedia Act (TMG) Verrocchio Institute for Innovation Competence AGAchillesstr. 1040545 D\u00fcsseldorf Commercial Register: D\u00fcsseldorf HRB 98917Registration court: Amtsgericht D\u00fcsseldorf Represented by:Christian Buchholz und Benno van Aerssen Chairmen of the supervisory board:Konrad Willemsen, Weeze Contact Phone: +49 211 822 045 60Telefax: +49 211 5508882E-mail: hello@verrocchio.institute VAT ID [&hellip;]<\/p>\n","protected":false},"author":4,"featured_media":0,"parent":0,"menu_order":0,"comment_status":"closed","ping_status":"closed","template":"template-builder-stretch.php","meta":{"_acf_changed":false,"footnotes":""},"class_list":["post-5915","page","type-page","status-publish","hentry"],"acf":[],"_links":{"self":[{"href":"https:\/\/www.verrocchio.institute\/en\/wp-json\/wp\/v2\/pages\/5915","targetHints":{"allow":["GET"]}}],"collection":[{"href":"https:\/\/www.verrocchio.institute\/en\/wp-json\/wp\/v2\/pages"}],"about":[{"href":"https:\/\/www.verrocchio.institute\/en\/wp-json\/wp\/v2\/types\/page"}],"author":[{"embeddable":true,"href":"https:\/\/www.verrocchio.institute\/en\/wp-json\/wp\/v2\/users\/4"}],"replies":[{"embeddable":true,"href":"https:\/\/www.verrocchio.institute\/en\/wp-json\/wp\/v2\/comments?post=5915"}],"version-history":[{"count":14,"href":"https:\/\/www.verrocchio.institute\/en\/wp-json\/wp\/v2\/pages\/5915\/revisions"}],"predecessor-version":[{"id":23131,"href":"https:\/\/www.verrocchio.institute\/en\/wp-json\/wp\/v2\/pages\/5915\/revisions\/23131"}],"wp:attachment":[{"href":"https:\/\/www.verrocchio.institute\/en\/wp-json\/wp\/v2\/media?parent=5915"}],"curies":[{"name":"wp","href":"https:\/\/api.w.org\/{rel}","templated":true}]}}